{"id":7177,"date":"2019-08-29T12:01:40","date_gmt":"2019-08-29T16:01:40","guid":{"rendered":"http:\/\/www.castromunicipio.cl\/?page_id=7177"},"modified":"2024-12-31T09:00:13","modified_gmt":"2024-12-31T12:00:13","slug":"nueva-ley-de-organizaciones-comunitarias","status":"publish","type":"page","link":"https:\/\/www.municipalidadcastro.cl\/?page_id=7177","title":{"rendered":"Nueva Ley de Organizaciones Comunitarias"},"content":{"rendered":"<section class=\"wpb-content-wrapper\"><p>[vc_row][vc_column width=&#8221;2\/3&#8243;][vc_column_text]<\/p>\n<h4>Ley 19.418<\/h4>\n<p>Es la Ley que regula el funcionamiento de organizaciones comunitarias tanto territoriales (Juntas de vecinos) as\u00ed como\u00a0 funcionales (clubes deportivos, comit\u00e9s de vivienda, agrupaciones culturales, clubes de adultos mayores , agrupaciones de mujeres \u00a0entre otras). Desde esta Ley emanan las principales regulaciones normativas de las instituciones anteriormente mencionadas.<\/p>\n<h4>Ley 20.500<\/h4>\n<p>La Ley 20.500 Sobre Asociaciones y Participaci\u00f3n Ciudadana en la Gesti\u00f3n P\u00fablica, es una Ley promulgada el 16 de Febrero del 2011 En ella, es posible encontrar principalmente dos \u00e1reas abordadas:<\/p>\n<p><strong>Asociaciones entre las personas y Participaci\u00f3n Ciudadana en la Gesti\u00f3n P\u00fablica.<\/strong><\/p>\n<h4><strong>Ley 21.146<\/strong><\/h4>\n<p>Modifica diversos cuerpos legales, con el objetivo de simplificar el procedimiento de calificaci\u00f3n de las elecciones de las juntas de vecinos y organizaciones comunitarias.<\/p>\n<p>Revise el estado de su organizaci\u00f3n <a href=\"http:\/\/appl.smc.cl\/OrgComunWebDoc\/Home\/index\/Castro\">aqu\u00ed<\/a><\/p>\n<p>Simule los plazos <a href=\"https:\/\/ley21146.msgg.gob.cl\/simulador.php\">aqu\u00ed<\/a><\/p>\n<p>&nbsp;<\/p>\n<iframe id=\"s_pdf_frame\" src=\"\/\/docs.google.com\/gview?embedded=true&url=https:\/\/www.municipalidadcastro.cl\/wp-content\/uploads\/2024\/12\/Declaracion-jurada-de-deposito-y-conformidad.pdf\" style=\"width: 100%; height:500px;\" frameborder=\"0\"><\/iframe><a class=\"s_pdf_download_link\" href=\"https:\/\/www.municipalidadcastro.cl\/wp-content\/uploads\/2024\/12\/Declaracion-jurada-de-deposito-y-conformidad.pdf\" download><button style=\"\" class=\"s_pdf_download_bttn\">Descargar<\/button><\/a>\n<p><iframe id=\"s_pdf_frame\" src=\"\/\/docs.google.com\/gview?embedded=true&url=https:\/\/www.municipalidadcastro.cl\/wp-content\/uploads\/2024\/12\/Declaracion-jurada-de-comunicacion-de-eleccion-org.-comunitarias.pdf\" style=\"width: 100%; height:500px;\" frameborder=\"0\"><\/iframe><a class=\"s_pdf_download_link\" href=\"https:\/\/www.municipalidadcastro.cl\/wp-content\/uploads\/2024\/12\/Declaracion-jurada-de-comunicacion-de-eleccion-org.-comunitarias.pdf\" download><button style=\"\" class=\"s_pdf_download_bttn\">Descargar<\/button><\/a>[\/vc_column_text][\/vc_column][vc_column width=&#8221;1\/3&#8243;][vc_text_separator title=&#8221;Leyes&#8221;]<div  class=\"jeg_iconlink jeg_col_2o3 jnews_module__0_69f9ad5ef2413   \">                \n                <a class=\"jeg_block_icon_link\" href=\"\" >\n                    <i class=\"fa fa-file-text-o\"><\/i>\n                <\/a>\n                <div class=\"jeg_block_icon_desc\">\n                    <a class=\"jeg_block_icon_title\" href=\"\" ><h3>Ley 19418<\/h3><\/a>\n                    <a class=\"jeg_block_icon_desc_span\" href=\"\" ><span><\/span><\/a>\n                <\/div>\n            <\/div><div  class=\"jeg_iconlink jeg_col_2o3 jnews_module__1_69f9ad5ef2441   \">                \n                <a class=\"jeg_block_icon_link\" href=\"\" >\n                    <i class=\"fa fa-file-text-o\"><\/i>\n                <\/a>\n                <div class=\"jeg_block_icon_desc\">\n                    <a class=\"jeg_block_icon_title\" href=\"\" ><h3>Ley 20500<\/h3><\/a>\n                    <a class=\"jeg_block_icon_desc_span\" href=\"\" ><span><\/span><\/a>\n                <\/div>\n            <\/div><div  class=\"jeg_iconlink jeg_col_2o3 jnews_module__2_69f9ad5ef2452   \">                \n                <a class=\"jeg_block_icon_link\" href=\"\" >\n                    <i class=\"fa fa-file-text-o\"><\/i>\n                <\/a>\n                <div class=\"jeg_block_icon_desc\">\n                    <a class=\"jeg_block_icon_title\" href=\"\" ><h3>Ley 21146<\/h3><\/a>\n                    <a class=\"jeg_block_icon_desc_span\" href=\"\" ><span><\/span><\/a>\n                <\/div>\n            <\/div>[\/vc_column][\/vc_row]<\/p>\n<\/section>","protected":false},"excerpt":{"rendered":"<p>[vc_row][vc_column width=&#8221;2\/3&#8243;][vc_column_text] Ley 19.418 Es la Ley que regula el funcionamiento de organizaciones comunitarias tanto territoriales (Juntas de vecinos) as\u00ed como\u00a0 funcionales (clubes deportivos, comit\u00e9s de vivienda, agrupaciones culturales, clubes de adultos mayores , agrupaciones de mujeres \u00a0entre otras). Desde esta Ley emanan las principales regulaciones normativas de las instituciones anteriormente mencionadas. Ley 20.500 La [&hellip;]<\/p>\n","protected":false},"author":7,"featured_media":0,"parent":0,"menu_order":0,"comment_status":"closed","ping_status":"closed","template":"","meta":{"footnotes":""},"class_list":["post-7177","page","type-page","status-publish","hentry"],"publishpress_future_action":{"enabled":false,"date":"2026-05-12 05:42:06","action":"change-status","newStatus":"draft","terms":[],"taxonomy":""},"publishpress_future_workflow_manual_trigger":{"enabledWorkflows":[]},"_links":{"self":[{"href":"https:\/\/www.municipalidadcastro.cl\/index.php?rest_route=\/wp\/v2\/pages\/7177","targetHints":{"allow":["GET"]}}],"collection":[{"href":"https:\/\/www.municipalidadcastro.cl\/index.php?rest_route=\/wp\/v2\/pages"}],"about":[{"href":"https:\/\/www.municipalidadcastro.cl\/index.php?rest_route=\/wp\/v2\/types\/page"}],"author":[{"embeddable":true,"href":"https:\/\/www.municipalidadcastro.cl\/index.php?rest_route=\/wp\/v2\/users\/7"}],"replies":[{"embeddable":true,"href":"https:\/\/www.municipalidadcastro.cl\/index.php?rest_route=%2Fwp%2Fv2%2Fcomments&post=7177"}],"version-history":[{"count":10,"href":"https:\/\/www.municipalidadcastro.cl\/index.php?rest_route=\/wp\/v2\/pages\/7177\/revisions"}],"predecessor-version":[{"id":26271,"href":"https:\/\/www.municipalidadcastro.cl\/index.php?rest_route=\/wp\/v2\/pages\/7177\/revisions\/26271"}],"wp:attachment":[{"href":"https:\/\/www.municipalidadcastro.cl\/index.php?rest_route=%2Fwp%2Fv2%2Fmedia&parent=7177"}],"curies":[{"name":"wp","href":"https:\/\/api.w.org\/{rel}","templated":true}]}}