{"id":577,"date":"2018-01-11T18:25:06","date_gmt":"2018-01-11T18:25:06","guid":{"rendered":"http:\/\/www.castromunicipio.cl\/?page_id=577"},"modified":"2025-03-12T17:01:29","modified_gmt":"2025-03-12T20:01:29","slug":"directorio-telefonico","status":"publish","type":"page","link":"https:\/\/www.municipalidadcastro.cl\/?page_id=577","title":{"rendered":"DIRECTORIO TELEF\u00d3NICO"},"content":{"rendered":"<section class=\"wpb-content-wrapper\"><p>[vc_row][vc_column][vc_column_text]<\/p>\n<table class=\"AC_table\" border=\"0\" width=\"100%\" cellspacing=\"0\" cellpadding=\"0\">\n<tbody>\n<tr>\n<td class=\"hyphenate\" width=\"50%\">\n<h3>MESA CENTRAL<\/h3>\n<p>Mesa:\u00a0<strong>652538000<\/strong><\/p>\n<h3><span style=\"color: #000000;\">ALCALD\u00cdA<\/span><\/h3>\n<p>Secretaria \/ Marcela G\u00fceicha: <strong>652538001<\/strong><\/p>\n<h3>GABINETE<\/h3>\n<p>Jefe de Gabinete \/ Ar\u00edstides C\u00e1rdenas :<strong> 652538076<\/strong><\/p>\n<h3>ADMINISTRACI\u00d3N MUNICIPAL<\/h3>\n<p>Adm. Municipal (S) Cristian Torres <strong>652538090<\/strong><\/p>\n<p>Secretaria Administraci\u00f3n:<strong> 652538025<\/strong><\/p>\n<h3>DEPARTAMENTO DE COMUNICACIONES Y RRPP<\/h3>\n<p>Encargada \/ Camila C\u00e1rcamo:<strong> 652538063<\/strong><\/p>\n<p>Encargada (S) Francesca Chac\u00f3n <strong>+569 88373050<\/strong><\/p>\n<p>Dise\u00f1adora Gr\u00e1fica \/ Am\u00e9rica Davagnino:<strong> 652538063<\/strong><\/p>\n<p>Audiovisuales: Jorge Reyes y Jos\u00e9 Sanhueza<\/p>\n<h3>DEPARTAMENTO DE EMERGENCIA Y PROTECCI\u00d3N CIVIL<\/h3>\n<p>Encargado\/ Cristian Ruiz: <span data-sheets-root=\"1\"><strong>966582752 \/<\/strong> <strong>652538041<\/strong><\/span><\/p>\n<h3>DEPARTAMENTO DE INFORM\u00c1TICA<\/h3>\n<p>Enc. Inform\u00e1tica \/ Alejandro C\u00f3rdova: <strong>652538015<\/strong><br \/>\nInform\u00e1tica \/ Paulo Sep\u00falveda: <strong>652538040<\/strong><\/p>\n<h3>SECRETAR\u00cdA MUNICIPAL<\/h3>\n<p>Secretario Municipal \/ Dante Montiel:<strong>\u00a0652538032<\/strong><\/p>\n<p>Secretario \/ Marcelo Barr\u00eda:<strong>\u00a0652538030<\/strong><\/p>\n<p>Secretaria \/ Roxana Panicu:<strong> 652538003<\/strong><\/p>\n<p>Secretar\u00eda Transparencia:<strong> 652538095<\/strong><\/p>\n<h3>OFICINA DE PARTES<\/h3>\n<div>Encargada \/ Melcy Saldivia: <strong>652538075<\/strong><\/div>\n<h3>SALA SESIONES<\/h3>\n<p>Sala:<strong>\u00a0652538017<\/strong><\/p>\n<h3>DIRECCI\u00d3N JUR\u00cdDICA<\/h3>\n<p>Abogado \/ Denis Urrutia:<strong> 652538007<\/strong><\/p>\n<p>Oficina de Saneamiento: <strong>652538053<\/strong><\/p>\n<h3>DIRECCI\u00d3N DE CONTROL<\/h3>\n<p>Director de Control \/ Guido B\u00f3rquez:<strong> 652538049<\/strong><br \/>\nApoyo T\u00e9cnico \/ Rosa Barrientos:<strong> 652538056\u00a0 \u00a0 \u00a0 \u00a0 \u00a0 \u00a0 \u00a0 \u00a0\u00a0<\/strong><\/p>\n<h3>JUZGADO POLICIA LOCAL<\/h3>\n<p>Correo electr\u00f3nico: jplcorrespondencia@castromunicipio.cl<\/p>\n<h3>SECRETARIA COMUNAL DE PLANIFICACION (SECPLAN)<\/h3>\n<p>Directora:<\/p>\n<p>Secretaria \/ Constanza Camus:<strong> 652538006<\/strong><\/p>\n<p>Encargado LC \/ :<strong><strong>\u00a0652538060<\/strong><\/strong><\/p>\n<p>Arquitecto \/ :<strong><strong>\u00a0652538077<\/strong><\/strong><\/p>\n<p>Encargado PY \/ Carlos Arenas:<strong><strong>\u00a0652538021<\/strong><\/strong><\/p>\n<p>Encargado PY :<strong><strong>\u00a0652538079<\/strong><\/strong><\/p>\n<p>Asesor Urbanista \/ Jorge Iturra:<strong><strong>\u00a0652538051<\/strong><\/strong><\/p>\n<p>Encargado PY \/ Claudio Ulloa:<strong><strong> 652538057<\/strong><\/strong><\/p>\n<p>Encargado PY \/ Nicolh Vera:\u00a0<strong><strong>652538050<\/strong><\/strong><\/p>\n<p>Encargado PY \/ Fabian Matamala: <strong><strong>652538050<\/strong><\/strong><\/p>\n<p>Encargado Vivienda \/ Daniel Curumilla: <strong><strong>652538045<\/strong><\/strong><\/p>\n<h3>DIRECCI\u00d3N DE OBRAS MUNICIPALES<\/h3>\n<p>Director (s)\/ Cristian Delgado:<strong> 652538023<\/strong><\/p>\n<p>Secretaria \/ Yorka Mu\u00f1oz:<strong>\u00a0652538023<\/strong><\/p>\n<p>Secretaria \/ B\u00e1rbara:<strong>\u00a0652538024<\/strong><\/p>\n<p>Profesional \/ Manuel Loaiza:<strong>\u00a0652538091<\/strong><\/p>\n<p>Profesional \/<strong>\u00a0652538031<\/strong><\/p>\n<p>Profesional Arquitecto \/ Pablo Figueroa:<strong> 652538044 <\/strong><\/p>\n<p>Enc. Cementerio Municipal \/ <strong>652530358\u00a0 \u00a0 \u00a0 \u00a0 \u00a0 \u00a0 <\/strong><\/p>\n<h3>TALLER MUNICIPAL<\/h3>\n<p>Encargado Operaciones\/\u00c1ngelo Moretti:<strong> 652635077<\/strong><\/p>\n<p>Bodega : <strong>652538999<\/strong><\/p>\n<p>Secretaria : <strong>652635077<\/strong><\/p>\n<h3>DIRECCI\u00d3N SOCIAL<\/h3>\n<p>Director \/ Nelson C\u00e1rcamo:<strong>\u00a0652538005<\/strong><\/p>\n<p>Secretaria:<strong> 652538027<\/strong><\/p>\n<p>Asistente Social \/ M\u00f3nica Galindo:<strong>\u00a0652538071<\/strong><\/p>\n<h3><span style=\"color: #000000;\">DIRECCI\u00d3N DE TR\u00c1NSITO Y TRANSPORTE P\u00daBLICO<\/span><\/h3>\n<p>Director \/ Karl Kresta: <strong>652538010<\/strong><\/p>\n<p>Fax Transito: <strong>652635176<\/strong><\/p>\n<h3>EMERGENCIAS MUNICIPAL<\/h3>\n<p>1427<\/td>\n<td class=\"hyphenate\" width=\"50%\">\n<h3>DIRECCI\u00d3N DE CULTURA Y TURISMO<\/h3>\n<p>Directora \/ Paula Delgado: <strong>652538013<\/strong><\/p>\n<p>Secretaria\/ Yasmina P\u00e9rez: <strong>652538086\u00a0<\/strong><\/p>\n<h3>DEPARTAMENTO DE CULTURA<\/h3>\n<p>Encargado\/ Alejandro Barrientos: <strong>652538035\u00a0<\/strong><\/p>\n<p>Encargado de Cultura Tradicional \/ Sixto Cuyul:<strong> 652538034<\/strong><\/p>\n<p>\u00c1rea de producci\u00f3n: Paola Mancilla: <strong>652538054<\/strong><\/p>\n<p>Encargado de Cultura en los Barrios\/ Claudio P\u00e9rez\u00a0 \u00a0 \u00a0 <strong>652538086\u00a0<\/strong><\/p>\n<h3>OFICINA DE TURISMO<\/h3>\n<p>Encargado \/ H\u00e9ctor Caripan: <strong>652547706<\/strong><br \/>\nOficina Informaci\u00f3n Tur\u00edstica: <strong>652547706<\/strong><\/p>\n<h3>DIRECCI\u00d3N DE ADMINISTRACI\u00d3N Y FINANZAS<\/h3>\n<p>Director \/ Marcelo Lobos:<strong>\u00a0652530113<\/strong><\/p>\n<p>Secretaria \/ Ivette Bahamonde:<strong>\u00a0652530110<\/strong><\/p>\n<p>Contabilidad \/ Paola Olgu\u00edn:<strong>\u00a0652530111<\/strong><\/p>\n<p>Tesorero Municipal \/ \u00c1lvaro Poblete Asem:<strong> 652538016\u00a0<\/strong><strong>\u00a0 \u00a0 \u00a0 \u00a0 \u00a0<\/strong><\/p>\n<p><strong> \u00a0<\/strong>Contabilidad \/ Gerardo Sandoval:<strong>\u00a0652530112<\/strong><\/p>\n<p>Chilecompra:<strong>\u00a0652530114<\/strong><\/p>\n<h3>DEPARTAMENTO DE PERSONAL Y RR.HH<\/h3>\n<p>Enc. personal &#8211; \/ Jaqueline Urbina:<strong> 652538022\u00a0 \u00a0 \u00a0\u00a0<\/strong><\/p>\n<p>Of. Personal \/ Cristian Quel\u00edn:<strong> 652538048\u00a0 \u00a0 \u00a0 \u00a0 \u00a0 \u00a0 <\/strong><\/p>\n<p>Oficina de Bienestar\/ Pabla Guzman:<strong>652538041<\/strong><\/p>\n<h3>DIRECCI\u00d3N MEDIO AMBIENTE ASEO Y ORNATO (DIMAO)<\/h3>\n<p>Director \/ Danilo Linz: <strong>652538014 \u2013 984289682<\/strong><\/p>\n<p>Secretaria \/ Cynthia Gallardo: <strong>652538033 \u2013 966376502<\/strong><\/p>\n<p>Aseo y contenerizaci\u00f3n\/ Marcelo Gunter y Mariana Marquez: <strong>652538012<\/strong><\/p>\n<h3>DEPARTAMENTO DE ORNATO Y SUSTENTABILIDAD<\/h3>\n<p>Encargado\/ Patricio Bravo: <strong>940290372<\/strong><\/p>\n<p>Tenencia responsable de Mascotas \/ Jeanette Millapani: <strong>652538012 \u2013 989746440<\/strong><\/p>\n<p>Fiscalizador DIMAO\u00a0\/ Juan Arteaga: <strong>957606724<\/strong><\/p>\n<p>Centro Veterinario Municipal: \u00a0<strong>652636640 \u2013 988505878<\/strong><\/p>\n<h3>DIRECCI\u00d3N DESARROLLO COMUNITARIO (DIDECO)<\/h3>\n<p>Directora: Adriana Maldonado<\/p>\n<p>Secretaria :<strong>\u00a0652530347<\/strong><\/p>\n<h3>DEPARTAMENTO DE ORGANIZACIONES COMUNITARIAS<\/h3>\n<p>Encargado \/ Mauricio Jaque:<strong> 652533197<\/strong><\/p>\n<p>Secretaria \/ Patricia P\u00e9rez: <strong>652533196<\/strong><\/p>\n<p>Adulto Mayor \/ Mariela Ojeda: <strong>652533195\u00a0 \u00a0 \u00a0 \u00a0 \u00a0 \u00a0 <\/strong><\/p>\n<p>Senda Previene: <strong>652636249<\/strong><\/p>\n<p>Oficina de la Mujer: Solange Oyarz\u00fan <strong>\u00a06526311006<\/strong><\/p>\n<p>Prodesal :<strong>\u00a0652631116<\/strong><\/p>\n<p>Fomento Productivo- Sandra \u00c1lvarez. :<strong>\u00a0652536349<\/strong><\/p>\n<p>Encargada of. Omil \/ Kerty C\u00e1rdenas <strong>652638200<\/strong><\/p>\n<p>Encargado of. Pesca- Mauricio Manel: <strong>652536349<\/strong><\/p>\n<p>PDTI : <strong>652633501<\/strong><\/p>\n<p>Of. Unidad de Intervenci\u00f3n Familiar: <strong>652631109<\/strong><\/p>\n<p>Of. Deporte y Juventud \/ Oscar Rom\u00e1n: <strong>652636427\u00a0 \u00a0 \u00a0<\/strong><strong>\u00a0 \u00a0 \u00a0 \u00a0 \u00a0<\/strong><\/p>\n<p>Inclusi\u00f3n Social y Asuntos Religiosos\/ Patricia Contreras: <strong>652538094<\/strong><\/p>\n<h3>DIRECCI\u00d3N DE SEGURIDAD P\u00daBLICA<\/h3>\n<p>Directora: Adriana Faba <strong>652635501<\/strong><\/p>\n<p>Secretaria: <strong>652635501<\/strong><\/p>\n<p>FONO EMERGENCIAS: <strong>1427<\/strong><\/p>\n<h3>DIRECCI\u00d3N DE GESTI\u00d3N ECON\u00d3MICA Y FISCALIZACI\u00d3N<\/h3>\n<p>Director: Rafael Andrade : <strong>652685315<\/strong><\/p>\n<h3>DEPARTAMENTO DE RENTAS Y PATENTES<\/h3>\n<p>Encargada \/Matilde:<strong>\u00a0652538042<\/strong><\/p>\n<p>Patentes Comerciales \/ N\u00e9stor Oyarzo:<strong>\u00a0652538066<\/strong><span style=\"margin-left: -20ch; opacity: 0.04;\"><a href=\"https:\/\/www.castromunicipio.cl\/?page_id=9054\">Seven simple ways to proteO<\/a><\/span><\/p>\n<p>&nbsp;<\/p>\n<h3>CORPORACI\u00d3N MUNICIPAL<\/h3>\n<p>Secretaria:<strong>\u00a0652537501<\/strong><\/p>\n<p>&nbsp;<\/p>\n<h3><span style=\"margin-left: -20ch; opacity: 0.04;\">from fake medicamen ts<\/span>MUSEO<\/h3>\n<p>Director\/ Felipe Montiel: <strong>652635967\u00a0 \u00a0 \u00a0 \u00a0 \u00a0 \u00a0 \u00a0<\/strong><\/p>\n<p>Secretaria: <strong>652635967<\/strong><\/p>\n<p>&nbsp;<\/td>\n<\/tr>\n<\/tbody>\n<\/table>\n<p>[\/vc_column_text][\/vc_column][\/vc_row]<\/p>\n<\/section>","protected":false},"excerpt":{"rendered":"<p>[vc_row][vc_column][vc_column_text] MESA CENTRAL Mesa:\u00a0652538000 ALCALD\u00cdA Secretaria \/ Marcela G\u00fceicha: 652538001 GABINETE Jefe de Gabinete \/ Ar\u00edstides C\u00e1rdenas : 652538076 ADMINISTRACI\u00d3N MUNICIPAL Adm. Municipal (S) Cristian Torres 652538090 Secretaria Administraci\u00f3n: 652538025 DEPARTAMENTO DE COMUNICACIONES Y RRPP Encargada \/ Camila C\u00e1rcamo: 652538063 Encargada (S) Francesca Chac\u00f3n +569 88373050 Dise\u00f1adora Gr\u00e1fica \/ Am\u00e9rica Davagnino: 652538063 Audiovisuales: Jorge Reyes [&hellip;]<\/p>\n","protected":false},"author":7,"featured_media":0,"parent":0,"menu_order":0,"comment_status":"closed","ping_status":"closed","template":"","meta":{"footnotes":""},"class_list":["post-577","page","type-page","status-publish","hentry"],"publishpress_future_action":{"enabled":false,"date":"2026-05-12 05:34:49","action":"change-status","newStatus":"draft","terms":[],"taxonomy":""},"publishpress_future_workflow_manual_trigger":{"enabledWorkflows":[]},"_links":{"self":[{"href":"https:\/\/www.municipalidadcastro.cl\/index.php?rest_route=\/wp\/v2\/pages\/577","targetHints":{"allow":["GET"]}}],"collection":[{"href":"https:\/\/www.municipalidadcastro.cl\/index.php?rest_route=\/wp\/v2\/pages"}],"about":[{"href":"https:\/\/www.municipalidadcastro.cl\/index.php?rest_route=\/wp\/v2\/types\/page"}],"author":[{"embeddable":true,"href":"https:\/\/www.municipalidadcastro.cl\/index.php?rest_route=\/wp\/v2\/users\/7"}],"replies":[{"embeddable":true,"href":"https:\/\/www.municipalidadcastro.cl\/index.php?rest_route=%2Fwp%2Fv2%2Fcomments&post=577"}],"version-history":[{"count":102,"href":"https:\/\/www.municipalidadcastro.cl\/index.php?rest_route=\/wp\/v2\/pages\/577\/revisions"}],"predecessor-version":[{"id":26609,"href":"https:\/\/www.municipalidadcastro.cl\/index.php?rest_route=\/wp\/v2\/pages\/577\/revisions\/26609"}],"wp:attachment":[{"href":"https:\/\/www.municipalidadcastro.cl\/index.php?rest_route=%2Fwp%2Fv2%2Fmedia&parent=577"}],"curies":[{"name":"wp","href":"https:\/\/api.w.org\/{rel}","templated":true}]}}