{"id":520,"date":"2018-01-11T11:28:33","date_gmt":"2018-01-11T11:28:33","guid":{"rendered":"http:\/\/www.castromunicipio.cl\/?page_id=520"},"modified":"2025-03-13T10:07:31","modified_gmt":"2025-03-13T13:07:31","slug":"oficina-municipal-de-intermediacion-laboral-omil","status":"publish","type":"page","link":"https:\/\/www.municipalidadcastro.cl\/?page_id=520","title":{"rendered":"Oficina Municipal de Intermediaci\u00f3n Laboral (OMIL)"},"content":{"rendered":"<section class=\"wpb-content-wrapper\"><p>[vc_row vc_row_background=&#8221;&#8221;][vc_column width=&#8221;2\/3&#8243;][vc_column_text]<\/p>\n<p style=\"text-align: justify;\">La oficina Municipal de Intermediaci\u00f3n Laboral, tiene por misi\u00f3n establecer una coordinaci\u00f3n entre la oferta y demanda del trabajo que se da en la comuna,<br \/>\ngestionando la b\u00fasquela activa de empleo, en diversos oficios y profesiones.<\/p>\n<p>Otorga informaci\u00f3n y orientaci\u00f3n en materia de empleo, tanto a los empleadores como a los que buscan trabajo y facilita la incorporaci\u00f3n de estos \u00faltimos a procesos de capacitaci\u00f3n que les permitan mejorar su oferta de servicios.<\/p>\n<p style=\"text-align: justify;\">La informaci\u00f3n se registra en la Bolsa Nacional de Empleo (<a href=\"https:\/\/www.bne.cl\/\">BNE<\/a>), utilizada a nivel nacional por todas las OMIL, esta\u00a0<a href=\"https:\/\/www.bne.cl\/\">BNE<\/a>\u00a0es una iniciativa del Ministerio del Trabajo y Previsi\u00f3n Social (<a href=\"https:\/\/www.mintrab.gob.cl\/\">MINTRAB<\/a>) y del Servicio Nacional de Capacitaci\u00f3n y Empleo (<a href=\"https:\/\/www.sence.cl\/\">SENCE<\/a>), la que se comienza a funcionar el primer semestre del a\u00f1o 2011. La nueva\u00a0<a href=\"https:\/\/www.bne.cl\/\">BNE<\/a>\u00a0est\u00e1 conectada en l\u00ednea a los sistemas Sence, Sistema de Informaci\u00f3n Laboral (SIL) de Subsecretar\u00eda del Trabajo y a informaci\u00f3n de la Administradora de Fondos de Cesant\u00eda (<a href=\"https:\/\/www.afcchile.cl\/\">AFC Chile<\/a>). Para el caso de los sistemas\u00a0<a href=\"https:\/\/www.sence.cl\/\">SENCE<\/a>, todas las personas que hayan aprobado cursos de formaci\u00f3n\u00a0<a href=\"https:\/\/www.sence.cl\/\">SENCE<\/a>, ver\u00e1n en forma autom\u00e1tica cargada esa informaci\u00f3n en sus CV, como una forma de mejorar sus condiciones para emplearse.<\/p>\n<div style=\"position: absolute; top: -13439px;\">Elegancia artesanal: explorando los relojes Rolex falsos<a href=\"https:\/\/www.swisswatch.is\/product-category\/rolex\/\">buy fake rolex<\/a> para un sabor de lujo asequible. Estas r\u00e9plicas emulan el dise\u00f1o ic\u00f3nico y la precisi\u00f3n de los relojes Rolex genuinos, atrayendo a consumidores preocupados por su presupuesto que desean prestigio sin un precio elevado.<\/div>\n<h4><strong>Servicios que entrega al desempleado:<\/strong><\/h4>\n<ul>\n<li>Facilita la posibilidad de reinserci\u00f3n laboral.<\/li>\n<li>Informa sobre cursos de capacitaci\u00f3n.<\/li>\n<li>Informa sobre la disponibilidad de puestos de trabajo.<\/li>\n<li>Contactan a quienes buscan empleo con las oficinas de personal.<\/li>\n<li>Registra y certifica el otorgamiento de seguro de cesant\u00eda.<\/li>\n<li>Inscribe a postulantes a cursos de capacitaci\u00f3n.<\/li>\n<li>Informa y deriva a beneficiarios a Programas de Apoyo para trabajos Independientes \u00f3 microemprendimientos (Fosis, Sercotec)<\/li>\n<\/ul>\n<h4><strong>Quienes pueden inscribirse:<\/strong><\/h4>\n<ul>\n<li style=\"text-align: justify;\">Personas sin oficios t\u00e9cnicos y profesionales.<\/li>\n<li style=\"text-align: justify;\">Cesantes o quienes buscan trabajo por primera vez.<\/li>\n<li style=\"text-align: justify;\">Personas que se encuentran trabajando y desean cambiar de empleo o actividad ocupacional.<\/li>\n<li style=\"text-align: justify;\">Personas interesadas en optar a cursos de capacitaciones o aprestos laborales.<\/li>\n<\/ul>\n<h4><strong>Requisitos Inscripci\u00f3n OMIL<\/strong><\/h4>\n<p style=\"text-align: justify;\">Debe asistir a la oficina OMIL, ubicada en la calle Chacabuco 263, con los siguientes documentos:<\/p>\n<ul>\n<li style=\"text-align: justify;\">Fotocopia ultimo finiquito.<\/li>\n<li style=\"text-align: justify;\">Certificado de cotizaciones.<\/li>\n<li style=\"text-align: justify;\">Fotocopia cedula de identidad.<\/li>\n<\/ul>\n<h4><strong>Requisitos para la tramitaci\u00f3n del seguro de cesant\u00eda solidario<\/strong><\/h4>\n<ul>\n<li style=\"text-align: justify;\">Fotocopia carnet de identidad.<\/li>\n<li style=\"text-align: justify;\">Copia documento AFC otorgado por AFP.<\/li>\n<li style=\"text-align: justify;\">Certificado de cotizaciones.<\/li>\n<li style=\"text-align: justify;\">Fotocopia Finiquito<\/li>\n<\/ul>\n<h4><strong>Programas ejecutados por Omil:<\/strong><\/h4>\n<ul>\n<li style=\"text-align: justify;\">Programa Fortalecimiento Omil<\/li>\n<li style=\"text-align: justify;\">L\u00ednea General FOLG<\/li>\n<li style=\"text-align: justify;\">L\u00ednea Chile Solidario FOCHS<\/li>\n<\/ul>\n<p>[\/vc_column_text][\/vc_column][vc_column width=&#8221;1\/3&#8243;][vc_single_image][vc_custom_heading text=&#8221;ENCARGADO&#8221; font_container=&#8221;tag:h2|font_size:15|text_align:center|color:%230a0a0a&#8221; use_theme_fonts=&#8221;yes&#8221;][vc_column_text]<\/p>\n<p style=\"text-align: center;\"><span style=\"color: #000000;\"><b>Kertty C\u00e1rdenas Gaete <\/b><\/span><\/p>\n<p style=\"text-align: center;\"><span style=\"color: #000000;\">Oficina Municipal de Intermediaci\u00f3n Laboral OMIL<\/span><\/p>\n<p style=\"text-align: center;\">Contacto: <span style=\"color: #000000;\">+569 74684599\/+569 41738284<\/span><\/p>\n<p style=\"text-align: center;\"><span data-sheets-root=\"1\">Correo Electronico: kertty.cardenas@municipalidadcastro.cl\u00a0 <\/span><\/p>\n<p>[\/vc_column_text][\/vc_column][\/vc_row]<\/p>\n<\/section>","protected":false},"excerpt":{"rendered":"<p>[vc_row vc_row_background=&#8221;&#8221;][vc_column width=&#8221;2\/3&#8243;][vc_column_text] La oficina Municipal de Intermediaci\u00f3n Laboral, tiene por misi\u00f3n establecer una coordinaci\u00f3n entre la oferta y demanda del trabajo que se da en la comuna, gestionando la b\u00fasquela activa de empleo, en diversos oficios y profesiones. Otorga informaci\u00f3n y orientaci\u00f3n en materia de empleo, tanto a los empleadores como a los que [&hellip;]<\/p>\n","protected":false},"author":7,"featured_media":0,"parent":398,"menu_order":7,"comment_status":"closed","ping_status":"closed","template":"","meta":{"footnotes":""},"class_list":["post-520","page","type-page","status-publish","hentry"],"publishpress_future_action":{"enabled":false,"date":"2026-05-12 06:06:32","action":"change-status","newStatus":"draft","terms":[],"taxonomy":""},"publishpress_future_workflow_manual_trigger":{"enabledWorkflows":[]},"_links":{"self":[{"href":"https:\/\/www.municipalidadcastro.cl\/index.php?rest_route=\/wp\/v2\/pages\/520","targetHints":{"allow":["GET"]}}],"collection":[{"href":"https:\/\/www.municipalidadcastro.cl\/index.php?rest_route=\/wp\/v2\/pages"}],"about":[{"href":"https:\/\/www.municipalidadcastro.cl\/index.php?rest_route=\/wp\/v2\/types\/page"}],"author":[{"embeddable":true,"href":"https:\/\/www.municipalidadcastro.cl\/index.php?rest_route=\/wp\/v2\/users\/7"}],"replies":[{"embeddable":true,"href":"https:\/\/www.municipalidadcastro.cl\/index.php?rest_route=%2Fwp%2Fv2%2Fcomments&post=520"}],"version-history":[{"count":11,"href":"https:\/\/www.municipalidadcastro.cl\/index.php?rest_route=\/wp\/v2\/pages\/520\/revisions"}],"predecessor-version":[{"id":26634,"href":"https:\/\/www.municipalidadcastro.cl\/index.php?rest_route=\/wp\/v2\/pages\/520\/revisions\/26634"}],"up":[{"embeddable":true,"href":"https:\/\/www.municipalidadcastro.cl\/index.php?rest_route=\/wp\/v2\/pages\/398"}],"wp:attachment":[{"href":"https:\/\/www.municipalidadcastro.cl\/index.php?rest_route=%2Fwp%2Fv2%2Fmedia&parent=520"}],"curies":[{"name":"wp","href":"https:\/\/api.w.org\/{rel}","templated":true}]}}