{"id":518,"date":"2018-01-11T11:26:20","date_gmt":"2018-01-11T11:26:20","guid":{"rendered":"http:\/\/www.castromunicipio.cl\/?page_id=518"},"modified":"2024-12-30T09:32:13","modified_gmt":"2024-12-30T12:32:13","slug":"oficina-de-la-juventud","status":"publish","type":"page","link":"https:\/\/www.municipalidadcastro.cl\/?page_id=518","title":{"rendered":"Oficina de Deportes y Juventud"},"content":{"rendered":"<section class=\"wpb-content-wrapper\"><p>[vc_row vc_row_background=&#8221;&#8221;][vc_column width=&#8221;2\/3&#8243;][vc_column_text]<\/p>\n<p style=\"text-align: justify;\">La Oficina Municipal de la Juventud, nace el a\u00f1o 1997 con el objetivo de crear un puente de di\u00e1logo y encuentro entre el sector juvenil de la comuna y la corporaci\u00f3n edilicia. En este marco, la OMJ tiene a su cargo un importante programa de actividades, el que contempla entre otros puntos: asesor\u00eda a organizaciones juveniles, deportivas y vecinales, creaci\u00f3n de espacios de participaci\u00f3n para los j\u00f3venes, como encuentros y jornadas, organizaci\u00f3n, durante todo el a\u00f1o, de eventos deportivos y culturales, adem\u00e1s de las actividades de verano, planificaci\u00f3n y desarrollo de proyectos y facilitar el acceso a los j\u00f3venes para ser capacitados laboralmente o iniciarse en la vida del trabajo.<\/p>\n<p>Desde su creaci\u00f3n destacan importantes logros tales como:<\/p>\n<p>&#8211; Desarrollo de las semanas juveniles del Arte y Trabajos Solidarios de Invierno<br \/>\n&#8211; Organizaci\u00f3n de Seminarios para estudiantes secundarios<br \/>\n&#8211; Red de Prevenci\u00f3n del Consumo de Alcohol y Drogas de Castro<br \/>\n&#8211; Plan de Desarrollo Juvenil (PLDJ)<br \/>\n&#8211; Programaci\u00f3n de fomento del deporte escolar<br \/>\n&#8211; Impulso a la creaci\u00f3n de la Federaci\u00f3n de Estudiantes Secundarios<br \/>\n&#8211; Capacitaci\u00f3n Laboral para J\u00f3venes<br \/>\n&#8211; Implementaci\u00f3n deportiva a clubes deportivos del Canal Deportivo Vecinal<br \/>\n&#8211; Creaci\u00f3n del Fondo Juvenil<br \/>\n&#8211; Fomento y apoyo a la red del programa gubernamental Esquinas Culturales<br \/>\n&#8211; Programa de prevenci\u00f3n de Drogas (CONACE)<\/p>\n<p>[\/vc_column_text][\/vc_column][vc_column width=&#8221;1\/3&#8243;][vc_custom_heading text=&#8221;ENCARGADO&#8221; font_container=&#8221;tag:h2|text_align:center|color:%230a0a0a&#8221; use_theme_fonts=&#8221;yes&#8221;][vc_column_text]<\/p>\n<h4 style=\"text-align: center;\"><strong><span style=\"color: #000000;\">Oscar Rom\u00e1n Alvarez<\/span><\/strong><\/h4>\n<p style=\"text-align: center;\"><strong><span style=\"color: #000000;\">+56999617220<\/span><\/strong><\/p>\n<p style=\"text-align: center;\"><span style=\"color: #000000;\">juventud@municipalidadcastro.cl \/ deportes@municipalidadcastro.cl<\/span><\/p>\n<p>[\/vc_column_text][\/vc_column][\/vc_row]<\/p>\n<\/section>","protected":false},"excerpt":{"rendered":"<p>[vc_row vc_row_background=&#8221;&#8221;][vc_column width=&#8221;2\/3&#8243;][vc_column_text] La Oficina Municipal de la Juventud, nace el a\u00f1o 1997 con el objetivo de crear un puente de di\u00e1logo y encuentro entre el sector juvenil de la comuna y la corporaci\u00f3n edilicia. En este marco, la OMJ tiene a su cargo un importante programa de actividades, el que contempla entre otros puntos: [&hellip;]<\/p>\n","protected":false},"author":7,"featured_media":0,"parent":398,"menu_order":6,"comment_status":"closed","ping_status":"closed","template":"","meta":{"footnotes":""},"class_list":["post-518","page","type-page","status-publish","hentry"],"publishpress_future_action":{"enabled":false,"date":"2026-05-12 06:08:38","action":"change-status","newStatus":"draft","terms":[],"taxonomy":""},"publishpress_future_workflow_manual_trigger":{"enabledWorkflows":[]},"_links":{"self":[{"href":"https:\/\/www.municipalidadcastro.cl\/index.php?rest_route=\/wp\/v2\/pages\/518","targetHints":{"allow":["GET"]}}],"collection":[{"href":"https:\/\/www.municipalidadcastro.cl\/index.php?rest_route=\/wp\/v2\/pages"}],"about":[{"href":"https:\/\/www.municipalidadcastro.cl\/index.php?rest_route=\/wp\/v2\/types\/page"}],"author":[{"embeddable":true,"href":"https:\/\/www.municipalidadcastro.cl\/index.php?rest_route=\/wp\/v2\/users\/7"}],"replies":[{"embeddable":true,"href":"https:\/\/www.municipalidadcastro.cl\/index.php?rest_route=%2Fwp%2Fv2%2Fcomments&post=518"}],"version-history":[{"count":8,"href":"https:\/\/www.municipalidadcastro.cl\/index.php?rest_route=\/wp\/v2\/pages\/518\/revisions"}],"predecessor-version":[{"id":26244,"href":"https:\/\/www.municipalidadcastro.cl\/index.php?rest_route=\/wp\/v2\/pages\/518\/revisions\/26244"}],"up":[{"embeddable":true,"href":"https:\/\/www.municipalidadcastro.cl\/index.php?rest_route=\/wp\/v2\/pages\/398"}],"wp:attachment":[{"href":"https:\/\/www.municipalidadcastro.cl\/index.php?rest_route=%2Fwp%2Fv2%2Fmedia&parent=518"}],"curies":[{"name":"wp","href":"https:\/\/api.w.org\/{rel}","templated":true}]}}