{"id":516,"date":"2018-01-11T11:24:21","date_gmt":"2018-01-11T11:24:21","guid":{"rendered":"http:\/\/www.castromunicipio.cl\/?page_id=516"},"modified":"2025-03-17T09:22:55","modified_gmt":"2025-03-17T12:22:55","slug":"relaciones-publicas","status":"publish","type":"page","link":"https:\/\/www.municipalidadcastro.cl\/?page_id=516","title":{"rendered":"Departamento de Comunicaciones y RRPP"},"content":{"rendered":"<section class=\"wpb-content-wrapper\"><p>[vc_row vc_row_background=&#8221;&#8221;][vc_column width=&#8221;2\/3&#8243;][vc_column_text]<\/p>\n<h2>Funciones de\u00a0la Oficina\u00a0de Comunicaciones y RRPP:<\/h2>\n<ul>\n<li style=\"text-align: justify;\">Elaboraci\u00f3n de estrategias de difusi\u00f3n que conciten el inter\u00e9s de la comunidad.<\/li>\n<li style=\"text-align: justify;\">Mantener informada a la comunidad y personal municipal de las actuaciones, inauguraciones y otras actividades relevantes del municipio.<\/li>\n<li style=\"text-align: justify;\">Organizar y dirigir el protocolo en los eventos y ceremonias oficiales que efect\u00fae la Municipalidad.<\/li>\n<li style=\"text-align: justify;\">Asesorar al Alcalde en todas las materias relativas al protocolo de la Municipalidad<\/li>\n<li style=\"text-align: justify;\">Solicitar informaci\u00f3n de inter\u00e9s general constantemente a todas las dependencias municipales o instituciones que de ella dependan, a objeto de manejar los antecedentes suficientes para informar al p\u00fablico y la comunidad a trav\u00e9s de sitio web y redes sociales<\/li>\n<li style=\"text-align: justify;\">Llevar a cabo las conferencias de prensa, entrevistas, reuniones y otras actividades similares del municipio<\/li>\n<li style=\"text-align: justify;\">\u00a0Elaboraci\u00f3n de comunicados y notas de prensa.<\/li>\n<li style=\"text-align: justify;\">Mantener actualizado todas las publicaciones de sitios web dependientes de la Municipalidad<\/li>\n<li style=\"text-align: justify;\">Organizaci\u00f3n y Producci\u00f3n de diversos eventos.<\/li>\n<\/ul>\n<p>[\/vc_column_text][\/vc_column][vc_column width=&#8221;1\/3&#8243;][vc_custom_heading text=&#8221;ENCARGADA&#8221; font_container=&#8221;tag:h2|text_align:center|color:%230f0f0f&#8221; use_theme_fonts=&#8221;yes&#8221;][vc_single_image][vc_column_text]<\/p>\n<h4 style=\"text-align: center;\"><span style=\"color: #000000;\">Camila C\u00e1rcamo Sep\u00falveda<\/span><\/h4>\n<p style=\"text-align: center;\"><span style=\"color: #000000;\"><strong>Fono:<\/strong> 652 538 025<\/span><\/p>\n<p style=\"text-align: center;\"><span style=\"color: #000000;\"><strong>E-Mail:<\/strong> rrpp@municipalidadcastro.cl<\/span><\/p>\n<p>[\/vc_column_text][vc_tta_accordion style=&#8221;modern&#8221; spacing=&#8221;1&#8243; active_section=&#8221;1&#8243; collapsible_all=&#8221;true&#8221;][vc_tta_section title=&#8221;Encargada(s)- Relacionadora P\u00fablica&#8221; tab_id=&#8221;1741954182383-66a488c5-71c9&#8243;][vc_column_text]<span style=\"font-weight: 400;\">Francesca Chac\u00f3n Sartori<\/span><\/p>\n<p><strong>E-Mail: <span style=\"font-weight: 400;\">fchacon@municipalidadcastro.cl<\/span><\/strong><\/p>\n<p>[\/vc_column_text][\/vc_tta_section][vc_tta_section title=&#8221;Periodista&#8221; tab_id=&#8221;1742213992689-413a2e7b-629f&#8221;][vc_column_text]<span style=\"font-weight: 400;\">Mauricio Mu\u00f1oz<\/span><\/p>\n<p><span style=\"font-weight: 400;\"><strong>E-Mail:<\/strong> rrpp@municipalidadcastro.cl<\/span>[\/vc_column_text][\/vc_tta_section][vc_tta_section title=&#8221;Dise\u00f1adora&#8221; tab_id=&#8221;1741954182394-7ecfbdd8-0810&#8243;][vc_column_text]<span style=\"font-weight: 400;\">Am\u00e9rica Davagnino Bustos<\/span><\/p>\n<p><strong>E-Mail: <span style=\"font-weight: 400;\">America.davagnino@municipalidadcastro.cl<\/span><\/strong>[\/vc_column_text][\/vc_tta_section][vc_tta_section title=&#8221;Comunicador Audiovisual&#8221; tab_id=&#8221;1741954364812-a2299a83-c1fe&#8221;][vc_column_text]<span style=\"font-weight: 400;\">Jos\u00e9 Sanhueza Tapia<\/span><\/p>\n<p><strong>E-Mail:<\/strong> <span style=\"font-weight: 400;\">josesanhueza@municipalidadcastro.cl<\/span>[\/vc_column_text][\/vc_tta_section][vc_tta_section title=&#8221;Comunicador&#8221; tab_id=&#8221;1741954421477-9a735cea-5a9e&#8221;][vc_column_text]<span style=\"font-weight: 400;\">Jorge Reyes Oyarzo<\/span><\/p>\n<p><strong>E-Mail:<\/strong> <span style=\"font-weight: 400;\">Jorge.reyes@municipalidadcastro.cl<\/span><\/p>\n<p><span style=\"font-weight: 400;\">Enrique Barr\u00eda<\/span><\/p>\n<p><strong>E-Mail:\u00a0<\/strong>[\/vc_column_text][\/vc_tta_section][\/vc_tta_accordion][\/vc_column][\/vc_row]<\/p>\n<\/section>","protected":false},"excerpt":{"rendered":"<p>[vc_row vc_row_background=&#8221;&#8221;][vc_column width=&#8221;2\/3&#8243;][vc_column_text] Funciones de\u00a0la Oficina\u00a0de Comunicaciones y RRPP: Elaboraci\u00f3n de estrategias de difusi\u00f3n que conciten el inter\u00e9s de la comunidad. Mantener informada a la comunidad y personal municipal de las actuaciones, inauguraciones y otras actividades relevantes del municipio. Organizar y dirigir el protocolo en los eventos y ceremonias oficiales que efect\u00fae la Municipalidad. Asesorar [&hellip;]<\/p>\n","protected":false},"author":7,"featured_media":0,"parent":396,"menu_order":0,"comment_status":"closed","ping_status":"closed","template":"","meta":{"footnotes":""},"class_list":["post-516","page","type-page","status-publish","hentry"],"publishpress_future_action":{"enabled":false,"date":"2026-05-12 05:40:04","action":"change-status","newStatus":"draft","terms":[],"taxonomy":""},"publishpress_future_workflow_manual_trigger":{"enabledWorkflows":[]},"_links":{"self":[{"href":"https:\/\/www.municipalidadcastro.cl\/index.php?rest_route=\/wp\/v2\/pages\/516","targetHints":{"allow":["GET"]}}],"collection":[{"href":"https:\/\/www.municipalidadcastro.cl\/index.php?rest_route=\/wp\/v2\/pages"}],"about":[{"href":"https:\/\/www.municipalidadcastro.cl\/index.php?rest_route=\/wp\/v2\/types\/page"}],"author":[{"embeddable":true,"href":"https:\/\/www.municipalidadcastro.cl\/index.php?rest_route=\/wp\/v2\/users\/7"}],"replies":[{"embeddable":true,"href":"https:\/\/www.municipalidadcastro.cl\/index.php?rest_route=%2Fwp%2Fv2%2Fcomments&post=516"}],"version-history":[{"count":18,"href":"https:\/\/www.municipalidadcastro.cl\/index.php?rest_route=\/wp\/v2\/pages\/516\/revisions"}],"predecessor-version":[{"id":26763,"href":"https:\/\/www.municipalidadcastro.cl\/index.php?rest_route=\/wp\/v2\/pages\/516\/revisions\/26763"}],"up":[{"embeddable":true,"href":"https:\/\/www.municipalidadcastro.cl\/index.php?rest_route=\/wp\/v2\/pages\/396"}],"wp:attachment":[{"href":"https:\/\/www.municipalidadcastro.cl\/index.php?rest_route=%2Fwp%2Fv2%2Fmedia&parent=516"}],"curies":[{"name":"wp","href":"https:\/\/api.w.org\/{rel}","templated":true}]}}