{"id":440,"date":"2018-01-05T11:43:37","date_gmt":"2018-01-05T11:43:37","guid":{"rendered":"http:\/\/www.castromunicipio.cl\/?page_id=440"},"modified":"2024-12-30T09:33:47","modified_gmt":"2024-12-30T12:33:47","slug":"pdti","status":"publish","type":"page","link":"https:\/\/www.municipalidadcastro.cl\/?page_id=440","title":{"rendered":"PDTI"},"content":{"rendered":"<section class=\"wpb-content-wrapper\"><p>[vc_row vc_row_background=&#8221;&#8221;][vc_column width=&#8221;2\/3&#8243;][vc_column_text]<\/p>\n<p style=\"text-align: justify;\"><strong>Programa de Desarrollo Territorial Ind\u00edgena<\/strong><\/p>\n<p style=\"text-align: justify;\">Este programa comenz\u00f3 a ejecutarse en Julio de 2011 comenzando con 118 agricultores de Isla Quehui y 2 profesionales del \u00e1rea que asesoran a estos usuarios.<\/p>\n<p style=\"text-align: justify;\">Actualmente el programa atiende a 148 usuarios y existen 3 profesionales prestando asesor\u00eda.<\/p>\n<p style=\"text-align: justify;\">Los principales productos de la isla son papas, ajos, hortalizas, ganader\u00eda vacunos y ovinos, cuya producci\u00f3n es principalmente de autoconsumo sin generar mayores excedentes para la venta.<\/p>\n<p style=\"text-align: justify;\"><strong>Objetivos del programa<\/strong><\/p>\n<p style=\"text-align: justify;\">Facilitar el proceso de desarrollo de las familias ind\u00edgenas, mediante m\u00e9todos de intervenci\u00f3n participativa, que les permitan el aumento de la producci\u00f3n y productividad de forma sustentable de sus sistemas productivos y el desarrollo de capacidades de gesti\u00f3n, para comercializar en forma m\u00e1s ventajosa sus productos en el mercado.<\/p>\n<p style=\"text-align: justify;\">Consiste en apoyar a las comunidades ind\u00edgenas y familias pertenecientes a ellas, a trav\u00e9s de una pol\u00edtica especial de fomento productivo conformada por componentes de asesor\u00eda t\u00e9cnica y educativa; as\u00ed como por un sostenible plan de inversiones que, incorporando elementos de su cosmovisi\u00f3n, les permita fortalecer los procesos de emprendimientos productivos, asociados no s\u00f3lo a la seguridad alimentaria, sino que tambi\u00e9n con vinculaci\u00f3n a negocios y mercados. En todos estos procesos, las comunidades ind\u00edgenas participan de estas decisiones.<\/p>\n<p style=\"text-align: justify;\"><strong>Requisitos espec\u00edficos<\/strong><\/p>\n<ul>\n<li style=\"text-align: justify;\">&#8211; Acreditar o cumplir con la condici\u00f3n de cliente de INDAP.<\/li>\n<li style=\"text-align: justify;\">&#8211; No estar participando en otros servicios de asesor\u00edas t\u00e9cnicas de INDAP, tales como el Programa de Desarrollo Local o el Servicio de Asesor\u00edas T\u00e9cnicas, o recibiendo simult\u00e1neamente otros (s) incentivos econ\u00f3micos para los mismo objetivos definidos en este Programa.<\/li>\n<li style=\"text-align: justify;\">&#8211; No tener deudas morosas con INDAP adquiridas en forma directa o en calidad de aval o codeudor solidario.<\/li>\n<li style=\"text-align: justify;\">&#8211; Entregar en la carta de solicitud del programa una lista de familias que la componen.<\/li>\n<li style=\"text-align: justify;\">&#8211; Suscribir en la carta de solicitud del programa una declaraci\u00f3n que cumple con las exigencias estipuladas en T\u00edtulo III, Art\u00edculo 11\u00b0, letra d, del Reglamento General para la Entrega de Incentivos Econ\u00f3micos de Fomento Productivo.<\/li>\n<\/ul>\n<p style=\"text-align: justify;\"><strong>Donde realizar el tr\u00e1mite<\/strong><\/p>\n<p style=\"text-align: justify;\">En las agencias de \u00e1rea u oficinas de INDAP, durante los llamados a concurso que se realizan regionalmente.<\/p>\n<p>[\/vc_column_text][\/vc_column][vc_column width=&#8221;1\/3&#8243;][vc_custom_heading text=&#8221;ENCARGADO&#8221; font_container=&#8221;tag:h2|text_align:center|color:%23ffffff&#8221; use_theme_fonts=&#8221;yes&#8221;][vc_column_text]<\/p>\n<h4 style=\"text-align: center;\"><strong><span style=\"color: #000000;\">Patricio Morales Arnaiz<\/span><\/strong><\/h4>\n<p style=\"text-align: center;\"><span style=\"color: #000000;\">patricio.morales@municipalidadcastro.cl<\/span><\/p>\n<p>[\/vc_column_text][\/vc_column][\/vc_row]<\/p>\n<\/section>","protected":false},"excerpt":{"rendered":"<p>[vc_row vc_row_background=&#8221;&#8221;][vc_column width=&#8221;2\/3&#8243;][vc_column_text] Programa de Desarrollo Territorial Ind\u00edgena Este programa comenz\u00f3 a ejecutarse en Julio de 2011 comenzando con 118 agricultores de Isla Quehui y 2 profesionales del \u00e1rea que asesoran a estos usuarios. Actualmente el programa atiende a 148 usuarios y existen 3 profesionales prestando asesor\u00eda. Los principales productos de la isla son papas, [&hellip;]<\/p>\n","protected":false},"author":7,"featured_media":0,"parent":398,"menu_order":3,"comment_status":"closed","ping_status":"closed","template":"","meta":{"footnotes":""},"class_list":["post-440","page","type-page","status-publish","hentry"],"publishpress_future_action":{"enabled":false,"date":"2026-05-12 06:06:45","action":"change-status","newStatus":"draft","terms":[],"taxonomy":""},"publishpress_future_workflow_manual_trigger":{"enabledWorkflows":[]},"_links":{"self":[{"href":"https:\/\/www.municipalidadcastro.cl\/index.php?rest_route=\/wp\/v2\/pages\/440","targetHints":{"allow":["GET"]}}],"collection":[{"href":"https:\/\/www.municipalidadcastro.cl\/index.php?rest_route=\/wp\/v2\/pages"}],"about":[{"href":"https:\/\/www.municipalidadcastro.cl\/index.php?rest_route=\/wp\/v2\/types\/page"}],"author":[{"embeddable":true,"href":"https:\/\/www.municipalidadcastro.cl\/index.php?rest_route=\/wp\/v2\/users\/7"}],"replies":[{"embeddable":true,"href":"https:\/\/www.municipalidadcastro.cl\/index.php?rest_route=%2Fwp%2Fv2%2Fcomments&post=440"}],"version-history":[{"count":9,"href":"https:\/\/www.municipalidadcastro.cl\/index.php?rest_route=\/wp\/v2\/pages\/440\/revisions"}],"predecessor-version":[{"id":26246,"href":"https:\/\/www.municipalidadcastro.cl\/index.php?rest_route=\/wp\/v2\/pages\/440\/revisions\/26246"}],"up":[{"embeddable":true,"href":"https:\/\/www.municipalidadcastro.cl\/index.php?rest_route=\/wp\/v2\/pages\/398"}],"wp:attachment":[{"href":"https:\/\/www.municipalidadcastro.cl\/index.php?rest_route=%2Fwp%2Fv2%2Fmedia&parent=440"}],"curies":[{"name":"wp","href":"https:\/\/api.w.org\/{rel}","templated":true}]}}