{"id":26848,"date":"2025-03-20T15:56:43","date_gmt":"2025-03-20T18:56:43","guid":{"rendered":"https:\/\/www.municipalidadcastro.cl\/?page_id=26848"},"modified":"2026-04-30T12:34:11","modified_gmt":"2026-04-30T15:34:11","slug":"directorio-telefonico-2","status":"publish","type":"page","link":"https:\/\/www.municipalidadcastro.cl\/?page_id=26848","title":{"rendered":"DIRECTORIO TELEFONICO"},"content":{"rendered":"<section class=\"wpb-content-wrapper\"><p>[vc_row][vc_column][vc_separator][vc_tta_accordion active_section=&#8221;1&#8243; collapsible_all=&#8221;true&#8221;][vc_tta_section title=&#8221;MESA CENTRAL&#8221; tab_id=&#8221;1741956258237-ef8ef8fc-ba7b&#8221;][vc_column_text]<\/p>\n<p style=\"text-align: justify;\">Mesa:\u00a0<strong>652538000<\/strong><\/p>\n<p>[\/vc_column_text][\/vc_tta_section][vc_tta_section title=&#8221;ALCALD\u00cdA \/ Secretaria&#8221; tab_id=&#8221;1741956258247-593c11d4-2234&#8243;][vc_column_text]Marcela G\u00fceicha: <strong>652538001<\/strong>[\/vc_column_text][\/vc_tta_section][vc_tta_section title=&#8221;GABINETE \/ Jefe de Gabinete&#8221; tab_id=&#8221;1742495337811-84f11679-8da4&#8243;][vc_column_text][\/vc_column_text][\/vc_tta_section][vc_tta_section title=&#8221;ADMINISTRACI\u00d3N MUNICIPAL&#8221; tab_id=&#8221;1742495523206-3dee4c02-5513&#8243;][vc_column_text]Administrador <strong>652538090<\/strong><\/p>\n<p>Secretaria Administraci\u00f3n:<strong> 652538025<\/strong>[\/vc_column_text][\/vc_tta_section][vc_tta_section title=&#8221;SECRETAR\u00cdA MUNICIPAL&#8221; tab_id=&#8221;1742495742344-e335be27-96d2&#8243;][vc_column_text]Secretario Municipal \/ Dante Montiel:<strong>\u00a0652538032<\/strong><\/p>\n<p>Secretario \/ Marcelo Barr\u00eda:<strong>\u00a0652538030<\/strong><\/p>\n<p>Secretaria \/ Roxana Panicu:<strong> 652538003<\/strong><\/p>\n<p>Secretar\u00eda Transparencia:<strong> 652538095<\/strong>[\/vc_column_text][\/vc_tta_section][\/vc_tta_accordion][vc_separator][vc_tta_accordion][vc_tta_section title=&#8221;DEPARTAMENTO DE COMUNICACIONES Y RRPP&#8221; tab_id=&#8221;1742495593731-356c9bff-3a26&#8243;][vc_column_text]Encargada \/ Camila C\u00e1rcamo:<strong> 652538063<\/strong><\/p>\n<p>Dise\u00f1ador Gr\u00e1fico \/ Francisco Malt\u00e9s:<strong> 652538063<\/strong>[\/vc_column_text][\/vc_tta_section][vc_tta_section title=&#8221;UNIDAD DE GESTI\u00d3N DE RIESGO DE DESASTRES&#8221; tab_id=&#8221;1742495593752-9639de9d-b691&#8243;][vc_column_text]Encargado\/ Cristian Ruiz: <strong>966582752 \/<\/strong> <strong>652538041<\/strong>[\/vc_column_text][\/vc_tta_section][vc_tta_section title=&#8221;DEPARTAMENTO DE INFORM\u00c1TICA&#8221; tab_id=&#8221;1742495645880-4a1fe9a7-daca&#8221;][vc_column_text]Enc. Inform\u00e1tica \/ Alejandro C\u00f3rdova: <strong>652538015<\/strong><br \/>\nInform\u00e1tica \/ Paulo Sep\u00falveda: <strong>652538040<\/strong>[\/vc_column_text][\/vc_tta_section][vc_tta_section title=&#8221;OFICINA DE PARTES&#8221; tab_id=&#8221;1742495672091-3c314043-5da9&#8243;][vc_column_text]Encargada \/ Melcy Saldivia: <strong>652538075<\/strong>[\/vc_column_text][\/vc_tta_section][vc_tta_section title=&#8221;SALA SESIONES&#8221; tab_id=&#8221;1742495809031-5508ebfc-7def&#8221;][vc_column_text]Sala:<strong>\u00a0652538017<\/strong>[\/vc_column_text][\/vc_tta_section][\/vc_tta_accordion][vc_separator][vc_tta_accordion active_section=&#8221;1&#8243; collapsible_all=&#8221;true&#8221;][vc_tta_section title=&#8221;DIRECCI\u00d3N JUR\u00cdDICA&#8221; tab_id=&#8221;1742495873230-93dcd536-f160&#8243;][vc_column_text]Abogado \/ Ana Mar\u00eda Podlech:<strong> 652538007<\/strong><\/p>\n<p>Oficina de Saneamiento: <strong>652538053<\/strong>[\/vc_column_text][\/vc_tta_section][vc_tta_section title=&#8221;DIRECCI\u00d3N DE CONTROL&#8221; tab_id=&#8221;1742495873238-39155062-32b4&#8243;][vc_column_text]Director de Control \/ Guido B\u00f3rquez:<strong> 652538049<\/strong><br \/>\nApoyo T\u00e9cnico \/ Rosa Barrientos:<strong> 652538056\u00a0 \u00a0 \u00a0 \u00a0 \u00a0 \u00a0 \u00a0 \u00a0\u00a0<\/strong>[\/vc_column_text][\/vc_tta_section][vc_tta_section title=&#8221;JUZGADO POLICIA LOCAL&#8221; tab_id=&#8221;1742495993314-6df57041-f7bc&#8221;][vc_column_text]Correo electr\u00f3nico: jplcorrespondencia@castromunicipio.cl[\/vc_column_text][\/vc_tta_section][vc_tta_section title=&#8221;SECRETARIA COMUNAL DE PLANIFICACION (SECPLAN)&#8221; tab_id=&#8221;1742496013674-7b91e7dc-1a39&#8243;][vc_column_text]Directora Carmen Gloria Mu\u00f1oz<\/p>\n<p>Secretaria \/ Constanza Camus:<strong> 652538006<\/strong><\/p>\n<p>Encargado LC \/ :<strong>\u00a0652538060<\/strong><\/p>\n<p>Arquitecto \/ :<strong>\u00a0652538077<\/strong><\/p>\n<p>Encargado PY \/ Carlos Arenas:<strong>\u00a0652538021<\/strong><\/p>\n<p>Encargado PY :<strong>\u00a0652538079<\/strong><\/p>\n<p>Asesor Urbanista \/ Jorge Iturra:<strong>\u00a0652538051<\/strong><\/p>\n<p>Encargado PY \/ Claudio Ulloa:<strong> 652538057<\/strong><\/p>\n<p>Encargado PY \/ Nicolh Vera:\u00a0<strong>652538050<\/strong><\/p>\n<p>Encargado PY \/ Fabian Matamala: <strong>652538050<\/strong><\/p>\n<p>Encargado Vivienda \/ Daniel Curumilla: <strong>652538045<\/strong>[\/vc_column_text][\/vc_tta_section][vc_tta_section title=&#8221;DIRECCI\u00d3N DE OBRAS MUNICIPALES&#8221; tab_id=&#8221;1742496055352-73a85bbf-a702&#8243;][vc_column_text]Director (s)\/ Cristian Delgado:<strong> 652538023<\/strong><\/p>\n<p>Secretaria \/ Yorka Mu\u00f1oz:<strong>\u00a0652538023<\/strong><\/p>\n<p>Secretaria \/ B\u00e1rbara:<strong>\u00a0652538024<\/strong><\/p>\n<p>Profesional \/ Manuel Loaiza:<strong>\u00a0652538091<\/strong><\/p>\n<p>Profesional \/<strong>\u00a0652538031<\/strong><\/p>\n<p>Profesional Arquitecto \/ Pablo Figueroa:<strong> 652538044 <\/strong><\/p>\n<p>Enc. Cementerio Municipal \/ <strong>652530358\u00a0 \u00a0 \u00a0 \u00a0 \u00a0 \u00a0 <\/strong>[\/vc_column_text][\/vc_tta_section][\/vc_tta_accordion][vc_separator][vc_tta_accordion active_section=&#8221;1&#8243; no_fill=&#8221;true&#8221;][vc_tta_section title=&#8221;TALLER MUNICIPAL&#8221; tab_id=&#8221;1742496243442-8e62cd88-2cd1&#8243;][vc_column_text]Encargado Operaciones:<strong> 652635077<\/strong><\/p>\n<p>Bodega : <strong>652538999<\/strong><\/p>\n<p>Secretaria : <strong>652635077<\/strong>[\/vc_column_text][\/vc_tta_section][vc_tta_section title=&#8221;DIRECCI\u00d3N SOCIAL&#8221; tab_id=&#8221;1742496243469-dace7b7c-46d9&#8243;][vc_column_text]Director \/ Karl Kresta:<strong>\u00a0652538005<\/strong><\/p>\n<p>Secretaria:<strong> 652538027<\/strong><\/p>\n<p>Asistente Social \/ M\u00f3nica Gallardo:<strong>\u00a0652538071<\/strong>[\/vc_column_text][\/vc_tta_section][vc_tta_section title=&#8221;DIRECCI\u00d3N DE TR\u00c1NSITO Y TRANSPORTE P\u00daBLICO&#8221; tab_id=&#8221;1742496317029-2f40967a-9beb&#8221;][vc_column_text]Director (s) \/ Edgard Weisser: <strong>652538010<\/strong><\/p>\n<p>Fax Transito: <strong>652635176<\/strong>[\/vc_column_text][\/vc_tta_section][vc_tta_section title=&#8221;EMERGENCIAS MUNICIPAL&#8221; tab_id=&#8221;1742496349202-1e88def1-6a76&#8243;][vc_column_text]<strong>Fono: 1427<\/strong>[\/vc_column_text][\/vc_tta_section][vc_tta_section title=&#8221;DIRECCI\u00d3N DE CULTURA Y TURISMO&#8221; tab_id=&#8221;1742496373931-8d426c3c-c8ea&#8221;][vc_column_text]<\/p>\n<div>\n<div>Directora \/ Paula Delgado:\u00a0 \u00a0 \u00a0<strong>652538086<\/strong><\/div>\n<div>Administrativa \/ Yasmina P\u00e9rez:\u00a0 <strong>652538086<\/strong><\/div>\n<div>Adquisiciones\u00a0 y Proyectos \/ Barbara Elmudesi y Santiago Vejar: <strong>652538086<\/strong><\/div>\n<div>\u00c1rea de Producci\u00f3n \/ Paola Mancilla; <strong>652538054<\/strong><\/div>\n<div>Sonido y T\u00e9cnica \/ Rodrigo Alarc\u00f3n: <strong>652538054<\/strong><\/div>\n<div>Encargado de Turismo \/ H\u00e9ctor Carip\u00e1n:<strong> 652547706<\/strong><\/div>\n<div>Informaci\u00f3n Tur\u00edstica: <strong>652547706<\/strong><\/div>\n<div>Comunicaciones y RRPP\/ Francesca Chac\u00f3n: <strong>652538054<\/strong><\/div>\n<\/div>\n<div>Comunicaciones y RRPP\/ Francesca Chac\u00f3n: <strong>652538054<\/strong><\/div>\n<p>[\/vc_column_text][\/vc_tta_section][\/vc_tta_accordion][vc_separator][vc_tta_accordion active_section=&#8221;1&#8243; collapsible_all=&#8221;true&#8221;][vc_tta_section title=&#8221;DEPARTAMENTO DE CULTURA&#8221; tab_id=&#8221;1742496443225-7db0b40a-d87d&#8221;][vc_column_text]\u00c1rea de producci\u00f3n: Paola Mancilla: <strong>652538054<\/strong><\/p>\n<p>Encargado de Cultura en los Barrios\/ Claudio P\u00e9rez\u00a0 \u00a0 \u00a0 <strong>652538086\u00a0<\/strong>[\/vc_column_text][\/vc_tta_section][vc_tta_section title=&#8221;OFICINA DE TURISMO&#8221; tab_id=&#8221;1742496443236-acf0a30d-d3f2&#8243;][vc_column_text]Encargado \/ H\u00e9ctor Caripan: <strong>652547706<\/strong><br \/>\nOficina Informaci\u00f3n Tur\u00edstica: <strong>652547706<\/strong>[\/vc_column_text][\/vc_tta_section][vc_tta_section title=&#8221;DIRECCI\u00d3N DE ADMINISTRACI\u00d3N Y FINANZAS&#8221; tab_id=&#8221;1742496517355-1000f460-e85e&#8221;][vc_column_text]Director \/ Marcelo Lobos:<strong>\u00a0652530113<\/strong><\/p>\n<p>Secretaria \/ Ivette Bahamonde:<strong>\u00a0652530110<\/strong><\/p>\n<p>Contabilidad \/ Paola Olgu\u00edn:<strong>\u00a0652530111<\/strong><\/p>\n<p>Tesorero Municipal \/ \u00c1lvaro Poblete Asem:<strong> 652538016\u00a0\u00a0 \u00a0 \u00a0 \u00a0 \u00a0<\/strong><\/p>\n<p><strong>\u00a0<\/strong>Contabilidad \/ Gerardo Sandoval:<strong>\u00a0652530112<\/strong><\/p>\n<p>Chilecompra:<strong>\u00a0652530114<\/strong>[\/vc_column_text][\/vc_tta_section][vc_tta_section title=&#8221;DEPARTAMENTO DE PERSONAL Y RR.HH&#8221; tab_id=&#8221;1742496570186-ab805184-7c28&#8243;][vc_column_text]Enc. personal &#8211; \/ Jaqueline Urbina:<strong> 652538022\u00a0 \u00a0 \u00a0\u00a0<\/strong><\/p>\n<p>Of. Personal \/ Cristian Quel\u00edn:<strong> 652538048\u00a0 \u00a0 \u00a0 \u00a0 \u00a0 \u00a0 <\/strong><\/p>\n<p>Oficina de Bienestar\/ Pabla Guzman:<strong>652538041<\/strong>[\/vc_column_text][\/vc_tta_section][vc_tta_section title=&#8221;DIRECCI\u00d3N MEDIO AMBIENTE ASEO Y ORNATO (DIMAO)&#8221; tab_id=&#8221;1742496617364-c1853c63-13a2&#8243;][vc_column_text]Director \/ Danilo Linz: <strong>652538014 \u2013 984289682<\/strong><\/p>\n<p>Secretaria \/ Cynthia Gallardo: <strong>652538033 \u2013 966376502<\/strong><\/p>\n<p>Aseo y contenerizaci\u00f3n\/ Marcelo Gunter y Mariana Marquez: <strong>652538012<\/strong>[\/vc_column_text][\/vc_tta_section][\/vc_tta_accordion][vc_separator][vc_tta_accordion][vc_tta_section title=&#8221;DEPARTAMENTO DE ORNATO Y SUSTENTABILIDAD&#8221; tab_id=&#8221;1742496699241-f02bc49d-fbde&#8221;][vc_column_text]Encargado\/ Patricio Bravo: <strong>940290372<\/strong><\/p>\n<p>Tenencia responsable de Mascotas \/ Jeanette Millapani: <strong>652538012 \u2013 989746440<\/strong><\/p>\n<p>Fiscalizador DIMAO\u00a0\/ Juan Arteaga: <strong>957606724<\/strong><\/p>\n<p>Centro Veterinario Municipal: \u00a0<strong>652636640 \u2013 988505878<\/strong>[\/vc_column_text][\/vc_tta_section][vc_tta_section title=&#8221;DIRECCI\u00d3N DESARROLLO COMUNITARIO (DIDECO)&#8221; tab_id=&#8221;1742496699278-8972041e-34dc&#8221;][vc_column_text]Director (s) Mauricio Jaque<\/p>\n<p>Secretaria :<strong>\u00a0652530347<\/strong>[\/vc_column_text][\/vc_tta_section][vc_tta_section title=&#8221;DEPARTAMENTO DE ORGANIZACIONES COMUNITARIAS&#8221; tab_id=&#8221;1742496750935-145e79cb-d1cb&#8221;][vc_column_text]Encargado \/ Mauricio Jaque:<strong> 652533197<\/strong><\/p>\n<p>Secretaria \/ Patricia P\u00e9rez: <strong>652533196<\/strong><\/p>\n<p>Adulto Mayor \/ Mariela Ojeda: <strong>652533195\u00a0 \u00a0 \u00a0 \u00a0 \u00a0 \u00a0 <\/strong><\/p>\n<p>Senda Previene: <strong>652636249<\/strong><\/p>\n<p>Oficina De La Mujer: Solange Oyarz\u00fan <strong>\u00a06526311006<\/strong><\/p>\n<p>Prodesal :<strong>\u00a0652631116<\/strong><\/p>\n<p>Fomento Productivo- Sandra \u00c1lvarez. :<strong>\u00a0652536349<\/strong><\/p>\n<p>Encargada of. Omil \/ Kerty C\u00e1rdenas <strong>652638200<\/strong><\/p>\n<p>Encargado of. Pesca- Mauricio Manel: <strong>652536349<\/strong><\/p>\n<p>PDTI : <strong>652633501<\/strong><\/p>\n<p>Of. Unidad de Intervenci\u00f3n Familiar: <strong>652631109<\/strong><\/p>\n<p>Of. Deporte y Juventud \/ Oscar Rom\u00e1n: <strong>652636427\u00a0 \u00a0 \u00a0\u00a0 \u00a0 \u00a0 \u00a0 \u00a0<\/strong><\/p>\n<p>Inclusi\u00f3n Social y Asuntos Religiosos\/ Patricia Contreras: <strong>652538094<\/strong>[\/vc_column_text][\/vc_tta_section][vc_tta_section title=&#8221;DIRECCI\u00d3N DE SEGURIDAD P\u00daBLICA&#8221; tab_id=&#8221;1742496848303-e0bd9a69-30d8&#8243;][vc_column_text]Director: Alejandro Pino <strong>652635501<\/strong><\/p>\n<p>Secretaria: <strong>652635501<\/strong><\/p>\n<p>FONO EMERGENCIAS: <strong>1427<\/strong>[\/vc_column_text][\/vc_tta_section][vc_tta_section title=&#8221;DIRECCI\u00d3N DE GESTI\u00d3N ECON\u00d3MICA Y FISCALIZACI\u00d3N&#8221; tab_id=&#8221;1742496878853-56190a95-3194&#8243;][vc_column_text]Director: Rafael Andrade : <strong>652685315<\/strong>[\/vc_column_text][\/vc_tta_section][\/vc_tta_accordion][vc_separator][vc_tta_accordion][vc_tta_section title=&#8221;DEPARTAMENTO DE RENTAS Y PATENTES&#8221; tab_id=&#8221;1742496904390-9a4c4bc9-666d&#8221;][vc_column_text]Encargada \/Matilde Santana:<strong>\u00a0652538042<\/strong><\/p>\n<p>Patentes Comerciales \/ N\u00e9stor Oyarzo:<strong> 652538066<\/strong>[\/vc_column_text][\/vc_tta_section][vc_tta_section title=&#8221;CORPORACI\u00d3N MUNICIPAL&#8221; tab_id=&#8221;1742496904406-642d7819-779b&#8221;][vc_column_text]Secretaria:<strong>\u00a0652537501<\/strong>[\/vc_column_text][\/vc_tta_section][vc_tta_section title=&#8221;MUSEO&#8221; tab_id=&#8221;1742496954154-45adff99-2fe0&#8243;][vc_column_text]Director\/ Felipe Montiel: <strong>652635967\u00a0 \u00a0 \u00a0 \u00a0 \u00a0 \u00a0 \u00a0<\/strong><\/p>\n<p>Secretaria: <strong>652635967<\/strong>[\/vc_column_text][\/vc_tta_section][\/vc_tta_accordion][vc_separator][\/vc_column][\/vc_row]<\/p>\n<\/section>","protected":false},"excerpt":{"rendered":"<p>[vc_row][vc_column][vc_separator][vc_tta_accordion active_section=&#8221;1&#8243; collapsible_all=&#8221;true&#8221;][vc_tta_section title=&#8221;MESA CENTRAL&#8221; tab_id=&#8221;1741956258237-ef8ef8fc-ba7b&#8221;][vc_column_text] Mesa:\u00a0652538000 [\/vc_column_text][\/vc_tta_section][vc_tta_section title=&#8221;ALCALD\u00cdA \/ Secretaria&#8221; tab_id=&#8221;1741956258247-593c11d4-2234&#8243;][vc_column_text]Marcela G\u00fceicha: 652538001[\/vc_column_text][\/vc_tta_section][vc_tta_section title=&#8221;GABINETE \/ Jefe de Gabinete&#8221; tab_id=&#8221;1742495337811-84f11679-8da4&#8243;][vc_column_text][\/vc_column_text][\/vc_tta_section][vc_tta_section title=&#8221;ADMINISTRACI\u00d3N MUNICIPAL&#8221; tab_id=&#8221;1742495523206-3dee4c02-5513&#8243;][vc_column_text]Administrador 652538090 Secretaria Administraci\u00f3n: 652538025[\/vc_column_text][\/vc_tta_section][vc_tta_section title=&#8221;SECRETAR\u00cdA MUNICIPAL&#8221; tab_id=&#8221;1742495742344-e335be27-96d2&#8243;][vc_column_text]Secretario Municipal \/ Dante Montiel:\u00a0652538032 Secretario \/ Marcelo Barr\u00eda:\u00a0652538030 Secretaria \/ Roxana Panicu: 652538003 Secretar\u00eda Transparencia: 652538095[\/vc_column_text][\/vc_tta_section][\/vc_tta_accordion][vc_separator][vc_tta_accordion][vc_tta_section title=&#8221;DEPARTAMENTO DE COMUNICACIONES Y RRPP&#8221; tab_id=&#8221;1742495593731-356c9bff-3a26&#8243;][vc_column_text]Encargada \/ Camila C\u00e1rcamo: [&hellip;]<\/p>\n","protected":false},"author":32,"featured_media":0,"parent":0,"menu_order":0,"comment_status":"closed","ping_status":"closed","template":"","meta":{"footnotes":""},"class_list":["post-26848","page","type-page","status-publish","hentry"],"publishpress_future_action":{"enabled":false,"date":"2026-05-12 05:42:14","action":"change-status","newStatus":"draft","terms":[],"taxonomy":""},"publishpress_future_workflow_manual_trigger":{"enabledWorkflows":[]},"_links":{"self":[{"href":"https:\/\/www.municipalidadcastro.cl\/index.php?rest_route=\/wp\/v2\/pages\/26848","targetHints":{"allow":["GET"]}}],"collection":[{"href":"https:\/\/www.municipalidadcastro.cl\/index.php?rest_route=\/wp\/v2\/pages"}],"about":[{"href":"https:\/\/www.municipalidadcastro.cl\/index.php?rest_route=\/wp\/v2\/types\/page"}],"author":[{"embeddable":true,"href":"https:\/\/www.municipalidadcastro.cl\/index.php?rest_route=\/wp\/v2\/users\/32"}],"replies":[{"embeddable":true,"href":"https:\/\/www.municipalidadcastro.cl\/index.php?rest_route=%2Fwp%2Fv2%2Fcomments&post=26848"}],"version-history":[{"count":12,"href":"https:\/\/www.municipalidadcastro.cl\/index.php?rest_route=\/wp\/v2\/pages\/26848\/revisions"}],"predecessor-version":[{"id":29253,"href":"https:\/\/www.municipalidadcastro.cl\/index.php?rest_route=\/wp\/v2\/pages\/26848\/revisions\/29253"}],"wp:attachment":[{"href":"https:\/\/www.municipalidadcastro.cl\/index.php?rest_route=%2Fwp%2Fv2%2Fmedia&parent=26848"}],"curies":[{"name":"wp","href":"https:\/\/api.w.org\/{rel}","templated":true}]}}