{"id":26045,"date":"2024-12-17T10:59:28","date_gmt":"2024-12-17T13:59:28","guid":{"rendered":"https:\/\/www.municipalidadcastro.cl\/?page_id=26045"},"modified":"2025-03-17T12:21:30","modified_gmt":"2025-03-17T15:21:30","slug":"direccion-de-control","status":"publish","type":"page","link":"https:\/\/www.municipalidadcastro.cl\/?page_id=26045","title":{"rendered":"Direcci\u00f3n de Control"},"content":{"rendered":"<section class=\"wpb-content-wrapper\"><p>[vc_row vc_row_background=&#8221;&#8221; footer_button_bg=&#8221;#81d742&#8243;][vc_column width=&#8221;2\/3&#8243;][vc_column_text]A la unidad encargada del control le corresponder\u00e1n las siguientes funciones:<\/p>\n<p>a) Realizar la auditor\u00eda operativa interna de la municipalidad, con el objeto de fiscalizar la legalidad de su actuaci\u00f3n<\/p>\n<p>b) Controlar la ejecuci\u00f3n financiera y presupuestaria municipal<\/p>\n<p>c) Representar al alcalde los actos municipales que estime ilegales, informando de ello al concejo, para cuyo objeto tendr\u00e1 acceso a toda la informaci\u00f3n disponible. Dicha representaci\u00f3n deber\u00e1 efectuarse dentro de los diez d\u00edas siguientes a aquel en que la unidad de control haya tomado conocimiento de los actos. Si el alcalde no tomare medidas administrativas con el objeto de enmendar el acto representado, la unidad de control deber\u00e1 remitir dicha informaci\u00f3n a la Contralor\u00eda General de la Rep\u00fablica.<\/p>\n<p>d) Colaborar directamente con el concejo para el ejercicio de sus funciones fiscalizadoras. Para estos efectos, emitir\u00e1 un informe trimestral acerca del estado de avance del ejercicio program\u00e1tico presupuestario; asimismo, deber\u00e1 informar, tambi\u00e9n trimestralmente, sobre el estado de cumplimiento de los pagos por concepto de cotizaciones previsionales de los funcionarios municipales y de los trabajadores que se desempe\u00f1an en servicios incorporados a la gesti\u00f3n municipal, administrados directamente por la municipalidad o a trav\u00e9s de corporaciones municipales, de los aportes que la municipalidad debe efectuar al Fondo Com\u00fan Municipal, y del estado de cumplimiento de los pagos por concepto de asignaciones de perfeccionamiento docente. En todo caso, deber\u00e1 dar respuesta por escrito a las consultas o peticiones de informes que le formule un concejal.<\/p>\n<p>e) Asesorar al concejo en la definici\u00f3n y evaluaci\u00f3n de la auditor\u00eda externa que aqu\u00e9l puede requerir en virtud de esta ley<\/p>\n<p>f) Realizar, con la periodicidad que determine el reglamento se\u00f1alado en el art\u00edculo 92, una presentaci\u00f3n en sesi\u00f3n de comisi\u00f3n del concejo, destinada a que sus miembros puedan formular consultas referidas al cumplimiento de las funciones que le competen.<\/p>\n<p>a jefatura de esta unidad se proveer\u00e1 mediante concurso de oposici\u00f3n y antecedentes y no podr\u00e1 estar vacantes por m\u00e1s de seis meses consecutivos. Las bases del concurso y el nombramiento del funcionario que desempe\u00f1e esta jefatura requerir\u00e1n de la aprobaci\u00f3n del concejo. A dicho cargo podr\u00e1n postular personas que est\u00e9n en posesi\u00f3n de un t\u00edtulo profesional o t\u00e9cnico acorde conla funci\u00f3n. El jefe de esta unidad solo podr\u00e1 ser removido en virtud de las causales de cese de funciones aplicables a los funcionarios municipales, previa instrucci\u00f3n del respectivo sumario. En el caso de incumlimiento de sus funciones, y especialmente la obligaci\u00f3n se\u00f1alada en el inciso primero del art\u00edculo 81, el sumario ser\u00e1 instru\u00eddo por Contralor\u00eda General de la Rep\u00fablica, a solicitud del Concejo[\/vc_column_text][\/vc_column][vc_column width=&#8221;1\/3&#8243;][vc_custom_heading text=&#8221;DIRECTOR&#8221; font_container=&#8221;tag:h2|text_align:center|color:%23ffffff&#8221; use_theme_fonts=&#8221;yes&#8221;][vc_single_image img_size=&#8221;medium&#8221; alignment=&#8221;center&#8221;][vc_tta_accordion][vc_tta_section title=&#8221;DIRECTOR&#8221; tab_id=&#8221;1742224736686-7b0c27ef-d51f&#8221;][vc_column_text]GUIDO BORQUEZ C\u00c1RCAMO<\/p>\n<p><strong>E-Mail:<\/strong> gborquez@municipalidadcastro.cl[\/vc_column_text][\/vc_tta_section][vc_tta_section title=&#8221;APOYO PROFESIONAL&#8221; tab_id=&#8221;1742224736694-d05d9dc0-4051&#8243;][vc_column_text]ROSA BARRIENTOS BAHAMONDE<\/p>\n<p><strong>E-Mail:<\/strong> rbarrientos@municipalidadcastro.cl[\/vc_column_text][\/vc_tta_section][\/vc_tta_accordion][\/vc_column][\/vc_row]<\/p>\n<\/section>","protected":false},"excerpt":{"rendered":"<p>[vc_row vc_row_background=&#8221;&#8221; footer_button_bg=&#8221;#81d742&#8243;][vc_column width=&#8221;2\/3&#8243;][vc_column_text]A la unidad encargada del control le corresponder\u00e1n las siguientes funciones: a) Realizar la auditor\u00eda operativa interna de la municipalidad, con el objeto de fiscalizar la legalidad de su actuaci\u00f3n b) Controlar la ejecuci\u00f3n financiera y presupuestaria municipal c) Representar al alcalde los actos municipales que estime ilegales, informando de ello al [&hellip;]<\/p>\n","protected":false},"author":7,"featured_media":0,"parent":2050,"menu_order":0,"comment_status":"closed","ping_status":"closed","template":"","meta":{"footnotes":""},"class_list":["post-26045","page","type-page","status-publish","hentry"],"publishpress_future_action":{"enabled":false,"date":"2026-05-12 05:40:58","action":"change-status","newStatus":"draft","terms":[],"taxonomy":""},"publishpress_future_workflow_manual_trigger":{"enabledWorkflows":[]},"_links":{"self":[{"href":"https:\/\/www.municipalidadcastro.cl\/index.php?rest_route=\/wp\/v2\/pages\/26045","targetHints":{"allow":["GET"]}}],"collection":[{"href":"https:\/\/www.municipalidadcastro.cl\/index.php?rest_route=\/wp\/v2\/pages"}],"about":[{"href":"https:\/\/www.municipalidadcastro.cl\/index.php?rest_route=\/wp\/v2\/types\/page"}],"author":[{"embeddable":true,"href":"https:\/\/www.municipalidadcastro.cl\/index.php?rest_route=\/wp\/v2\/users\/7"}],"replies":[{"embeddable":true,"href":"https:\/\/www.municipalidadcastro.cl\/index.php?rest_route=%2Fwp%2Fv2%2Fcomments&post=26045"}],"version-history":[{"count":5,"href":"https:\/\/www.municipalidadcastro.cl\/index.php?rest_route=\/wp\/v2\/pages\/26045\/revisions"}],"predecessor-version":[{"id":26787,"href":"https:\/\/www.municipalidadcastro.cl\/index.php?rest_route=\/wp\/v2\/pages\/26045\/revisions\/26787"}],"up":[{"embeddable":true,"href":"https:\/\/www.municipalidadcastro.cl\/index.php?rest_route=\/wp\/v2\/pages\/2050"}],"wp:attachment":[{"href":"https:\/\/www.municipalidadcastro.cl\/index.php?rest_route=%2Fwp%2Fv2%2Fmedia&parent=26045"}],"curies":[{"name":"wp","href":"https:\/\/api.w.org\/{rel}","templated":true}]}}