{"id":26042,"date":"2024-12-17T10:58:12","date_gmt":"2024-12-17T13:58:12","guid":{"rendered":"https:\/\/www.municipalidadcastro.cl\/?page_id=26042"},"modified":"2025-03-17T09:27:08","modified_gmt":"2025-03-17T12:27:08","slug":"administracion-municipal","status":"publish","type":"page","link":"https:\/\/www.municipalidadcastro.cl\/?page_id=26042","title":{"rendered":"Administraci\u00f3n Municipal"},"content":{"rendered":"<section class=\"wpb-content-wrapper\"><p>[vc_row vc_row_background=&#8221;&#8221; footer_button_bg=&#8221;#81d742&#8243;][vc_column width=&#8221;2\/3&#8243;][vc_column_text]<\/p>\n<p style=\"text-align: justify;\">El administrador municipal colaborar\u00e1 directamente con el alcalde en la coordinaci\u00f3n y gesti\u00f3n del municipio, as\u00ed como en la elaboraci\u00f3n y seguimiento del plan anual de acci\u00f3n municipal. Adem\u00e1s, ejercer\u00e1 las atribuciones establecidas en el reglamento municipal y aquellas que le delegue el alcalde, siempre que est\u00e9n relacionadas con la naturaleza de su cargo.<\/p>\n<p>[\/vc_column_text][\/vc_column][vc_column width=&#8221;1\/3&#8243;][vc_single_image image=&#8221;26376&#8243; img_size=&#8221;medium&#8221; alignment=&#8221;center&#8221;][vc_column_text]<\/p>\n<h4 style=\"text-align: center;\"><span style=\"color: #000000;\"><strong>Cristian Torres M\u00e1rquez<\/strong><\/span><\/h4>\n<p style=\"text-align: center;\"><strong>Administrador<\/strong><\/p>\n<p style=\"text-align: center;\"><span style=\"color: #000000;\"><strong>Contacto :<\/strong> administracionmunicipal@municipalidadcastro.cl<\/span><\/p>\n<p>[\/vc_column_text][vc_tta_accordion][vc_tta_section title=&#8221;Administrativa&#8221; tab_id=&#8221;1741894047211-2509fd47-64e5&#8243;][vc_column_text]<span style=\"font-weight: 400;\">Marcela D\u00edaz Pacheco <\/span><\/p>\n<p><strong>E-Mail:<\/strong><span style=\"font-weight: 400;\"> administracionmunicipal@municipalidadcastro.cl<\/span><span style=\"font-weight: 400;\">\u00a0<\/span>[\/vc_column_text][\/vc_tta_section][vc_tta_section title=&#8221;Profesional apoyo Administraci\u00f3n&#8221; tab_id=&#8221;1741893964782-e27e94f0-3e4f&#8221;][vc_column_text]<span style=\"font-weight: 400;\">Sebasti\u00e1n Beiza Iribarren<\/span><\/p>\n<p>E-Mail: <span style=\"font-weight: 400;\">sbeiza@municipalidadcastro.<\/span><span style=\"font-weight: 400;\">cl<\/span>[\/vc_column_text][\/vc_tta_section][vc_tta_section title=&#8221;Profesional apoyo Administraci\u00f3n&#8221; tab_id=&#8221;1741893964801-879d900f-401a&#8221;][vc_column_text]<span style=\"font-weight: 400;\">Mar\u00eda Alicia Rojas Aguilar<\/span><\/p>\n<p><strong>E-Mail:<\/strong> <span style=\"font-weight: 400;\">arojas@municipalidadcastro.cl<\/span>[\/vc_column_text][\/vc_tta_section][\/vc_tta_accordion][\/vc_column][\/vc_row]<\/p>\n<\/section>","protected":false},"excerpt":{"rendered":"<p>[vc_row vc_row_background=&#8221;&#8221; footer_button_bg=&#8221;#81d742&#8243;][vc_column width=&#8221;2\/3&#8243;][vc_column_text] El administrador municipal colaborar\u00e1 directamente con el alcalde en la coordinaci\u00f3n y gesti\u00f3n del municipio, as\u00ed como en la elaboraci\u00f3n y seguimiento del plan anual de acci\u00f3n municipal. Adem\u00e1s, ejercer\u00e1 las atribuciones establecidas en el reglamento municipal y aquellas que le delegue el alcalde, siempre que est\u00e9n relacionadas con la naturaleza [&hellip;]<\/p>\n","protected":false},"author":7,"featured_media":0,"parent":2050,"menu_order":0,"comment_status":"closed","ping_status":"closed","template":"","meta":{"footnotes":""},"class_list":["post-26042","page","type-page","status-publish","hentry"],"publishpress_future_action":{"enabled":false,"date":"2026-05-12 05:42:30","action":"change-status","newStatus":"draft","terms":[],"taxonomy":""},"publishpress_future_workflow_manual_trigger":{"enabledWorkflows":[]},"_links":{"self":[{"href":"https:\/\/www.municipalidadcastro.cl\/index.php?rest_route=\/wp\/v2\/pages\/26042","targetHints":{"allow":["GET"]}}],"collection":[{"href":"https:\/\/www.municipalidadcastro.cl\/index.php?rest_route=\/wp\/v2\/pages"}],"about":[{"href":"https:\/\/www.municipalidadcastro.cl\/index.php?rest_route=\/wp\/v2\/types\/page"}],"author":[{"embeddable":true,"href":"https:\/\/www.municipalidadcastro.cl\/index.php?rest_route=\/wp\/v2\/users\/7"}],"replies":[{"embeddable":true,"href":"https:\/\/www.municipalidadcastro.cl\/index.php?rest_route=%2Fwp%2Fv2%2Fcomments&post=26042"}],"version-history":[{"count":11,"href":"https:\/\/www.municipalidadcastro.cl\/index.php?rest_route=\/wp\/v2\/pages\/26042\/revisions"}],"predecessor-version":[{"id":26764,"href":"https:\/\/www.municipalidadcastro.cl\/index.php?rest_route=\/wp\/v2\/pages\/26042\/revisions\/26764"}],"up":[{"embeddable":true,"href":"https:\/\/www.municipalidadcastro.cl\/index.php?rest_route=\/wp\/v2\/pages\/2050"}],"wp:attachment":[{"href":"https:\/\/www.municipalidadcastro.cl\/index.php?rest_route=%2Fwp%2Fv2%2Fmedia&parent=26042"}],"curies":[{"name":"wp","href":"https:\/\/api.w.org\/{rel}","templated":true}]}}