{"id":26040,"date":"2024-12-17T10:55:47","date_gmt":"2024-12-17T13:55:47","guid":{"rendered":"https:\/\/www.municipalidadcastro.cl\/?page_id=26040"},"modified":"2026-04-21T10:09:32","modified_gmt":"2026-04-21T13:09:32","slug":"direccion-de-desarrollo-comunitario","status":"publish","type":"page","link":"https:\/\/www.municipalidadcastro.cl\/?page_id=26040","title":{"rendered":"Direcci\u00f3n de Desarrollo Comunitario"},"content":{"rendered":"<section class=\"wpb-content-wrapper\"><p>[vc_row vc_row_background=&#8221;&#8221; footer_button_bg=&#8221;#81d742&#8243;][vc_column width=&#8221;1\/4&#8243;][vc_column_text]<\/p>\n<p style=\"text-align: justify;\">La unidad encargada del desarrollo comunitario tendr\u00e1 como fucniones espec\u00edficas:<\/p>\n<ul>\n<li style=\"text-align: justify;\">Asesorar al alcalde y, tambi\u00e9n al concejo en la promoci\u00f3n del desarrollo comunitario<\/li>\n<li style=\"text-align: justify;\">Prestar asesor\u00eda t\u00e9cnica a las organizaciones comunitarias, fomentar su desarrollo y legalizaci\u00f3n, y promover su efectiva participaci\u00f3n en el municipio<\/li>\n<li style=\"text-align: justify;\">Proponer y ejecutar, dentro de su \u00e1mbito y cuando corresponda, medidas tendientes a materializar acciones relacionadas con salud p\u00fablica, protecci\u00f3n del medio ambiente, educaci\u00f3n y cultura, capacitaci\u00f3n laboral, deporte y recreaci\u00f3n, promoci\u00f3n del empleo, fomento productivo local y turismo<\/li>\n<\/ul>\n<p>[\/vc_column_text][\/vc_column][vc_column width=&#8221;3\/4&#8243;][vc_text_separator title=&#8221;DESARROLLO COMUNITARIO&#8221;][vc_tta_accordion active_section=&#8221;1&#8243; collapsible_all=&#8221;true&#8221;][vc_tta_section title=&#8221;DIRECTOR (S)&#8221; tab_id=&#8221;1742390508087-7c7bd588-d82b&#8221;][vc_column_text]MAURICIO JAQUE GUTIERREZ<\/p>\n<p><strong>E-Mail:<\/strong> mjaque@municipalidadcastro.cl[\/vc_column_text][\/vc_tta_section][vc_tta_section title=&#8221;SECRETARIA&#8221; tab_id=&#8221;1742389218978-ae4b0ead-cf7a&#8221;][vc_column_text]CAROLINA TRIVI\u00d1O REINOSO<\/p>\n<p><strong>E-Mail:<\/strong> secretariaudel@municipalidadcastro.cl<\/p>\n<p>MADELEINE RIVADENEIRA SALME<\/p>\n<p><strong>E-Mail:<\/strong> secretariaudel@municipalidadcastro.cl[\/vc_column_text][\/vc_tta_section][\/vc_tta_accordion][vc_text_separator title=&#8221;OFICINA FOMENTO PRODUCTIVO&#8221;][vc_tta_accordion active_section=&#8221;1&#8243; collapsible_all=&#8221;true&#8221;][vc_tta_section title=&#8221;ENCARGADA&#8221; tab_id=&#8221;1742299821589-3cc30e30-8c66&#8243;][vc_column_text]SANDRA JACQUELINE ALVAREZ PEREZ<\/p>\n<p><strong>E-Mail:<\/strong> salvarez@municipalidadcastro.cl[\/vc_column_text][\/vc_tta_section][vc_tta_section title=&#8221;PROFESIONAL FOMENTO&#8221; tab_id=&#8221;1742299824188-a4c01dfc-e9a7&#8243;][vc_column_text]CESAR ANTONIO MARAGANO FLORES<\/p>\n<p><strong>E-Mail:<\/strong> cesar.maragano@municipalidadcastro.cl[\/vc_column_text][\/vc_tta_section][\/vc_tta_accordion][vc_text_separator title=&#8221;PROGRAMA DESARROLLO LOCAL (PRODESAL)&#8221;][vc_tta_accordion active_section=&#8221;1&#8243; collapsible_all=&#8221;true&#8221;][vc_tta_section title=&#8221;ASESOR M\u00c9DICO VETERINARIO&#8221; tab_id=&#8221;1742300060657-17543777-1586&#8243;][vc_column_text]MANUEL IGNACIO JARA FUENTES<\/p>\n<p><strong>E-Mail: <\/strong>mjara@municipalidadcastro.cl[\/vc_column_text][\/vc_tta_section][vc_tta_section title=&#8221;ASESOR INGENIERO AGR\u00d3NOMO&#8221; tab_id=&#8221;1742310136057-7967abd9-465f&#8221;][vc_column_text]ROCKY ALFREDO MU\u00d1OZ MU\u00d1OZ<\/p>\n<p><strong>E-Mail:<\/strong> rmunoz@municipalidadcastro.cl[\/vc_column_text][\/vc_tta_section][vc_tta_section title=&#8221;COORDINADOR PRODESAL&#8221; tab_id=&#8221;1742310184032-dff9d271-6c9e&#8221;][vc_column_text]V\u00cdCTOR FABI\u00c1N BARRIENTOS BARR\u00cdA<\/p>\n<p><strong>E-Mail:<\/strong> vbarrientos@municipalidadcastro.cl[\/vc_column_text][\/vc_tta_section][vc_tta_section title=&#8221;ASESOR TECNICO PRODESAL&#8221; tab_id=&#8221;1742388725933-2085da2c-9986&#8243;][vc_column_text]LUIS ARTURO MIRANDA \u00c1GUILA<\/p>\n<p><strong>E-Mail:<\/strong> lmiranda@municipalidadcastro.cl[\/vc_column_text][\/vc_tta_section][\/vc_tta_accordion][vc_text_separator title=&#8221;PROGRAMA MUJERES JEFAS DE HOGAR&#8221;][vc_tta_accordion active_section=&#8221;1&#8243; collapsible_all=&#8221;true&#8221;][vc_tta_section title=&#8221;ASISTENTE SOCIAL&#8221; tab_id=&#8221;1742300246176-cf83836c-5c32&#8243;][vc_column_text]ROXMARY ORITIA OYARZO VERA<\/p>\n<p><strong>E-Mail:<\/strong> programajefashogar@municipalidadcastro.cl[\/vc_column_text][\/vc_tta_section][vc_tta_section title=&#8221;COORDINADORA DEL PROGRAMA&#8221; tab_id=&#8221;1742323016864-ef06ac86-a854&#8243;][vc_column_text]PAULA UBILLA ORT\u00daZAR<\/p>\n<p><strong>E-Mail:<\/strong> paula.ubilla@municipalidadcastro.cl[\/vc_column_text][\/vc_tta_section][\/vc_tta_accordion][vc_text_separator title=&#8221;PROGRAMA SENDA PREVIENE&#8221;][vc_tta_accordion active_section=&#8221;1&#8243; collapsible_all=&#8221;true&#8221;][vc_tta_section title=&#8221;APOYO ADMINISTRATIVO&#8221; tab_id=&#8221;1742301518604-8be188ca-d0b1&#8243;][vc_column_text]VIVIANA QUEZADA MAR\u00cdO<\/p>\n<p><strong>E-Mail:<\/strong> viviana.quezada@municipalidadcastro.cl[\/vc_column_text][\/vc_tta_section][vc_tta_section title=&#8221;APOYO TECNICO&#8221; tab_id=&#8221;1742302659050-9e86bc26-876d&#8221;][vc_column_text]ROXANA OSORIO ALVARADO<\/p>\n<p><strong>Fono:<\/strong> 652-533185 \/ +56981692575[\/vc_column_text][\/vc_tta_section][vc_tta_section title=&#8221;COORDINADORA COMUNAL&#8221; tab_id=&#8221;1742301518511-59fd706f-f67a&#8221;][vc_column_text]CAROLINA HUENTELIC\u00c1N AGUILAR<\/p>\n<p><strong>E-Mail:<\/strong> carolina.huentelican@municipalidadcastro.cl[\/vc_column_text][\/vc_tta_section][vc_tta_section title=&#8221;ENCARGADO AREA COMUNIDAD&#8221; tab_id=&#8221;1742302298756-80427d1c-e5ea&#8221;][vc_column_text]DANILO D\u00cdAZ ABURTO<\/p>\n<p><strong>E-Mail:<\/strong> danilo.diaz@municipalidadcastro.cl[\/vc_column_text][\/vc_tta_section][vc_tta_section title=&#8221;ENCARGADA AREA LABORAL&#8221; tab_id=&#8221;1742302359237-1fc3da13-91d8&#8243;][vc_column_text]KATHERINE MELLADO R\u00cdOS<\/p>\n<p><strong>Fono: <\/strong>652-533185 \/ +56981692575[\/vc_column_text][\/vc_tta_section][vc_tta_section title=&#8221;DUPLA PSICOSOCIAL PREPARADOS&#8221; tab_id=&#8221;1742303143639-7f954d27-cd72&#8243;][vc_column_text]CARLOS MANSILLA LEIVA<\/p>\n<p><strong>Fono: <\/strong>652-533185 \/ +56981692575[\/vc_column_text][\/vc_tta_section][\/vc_tta_accordion][vc_text_separator title=&#8221;CENTRO DE ATENCION ESPECIALIZADA EN VIOLENCIAS DE G\u00c9NERO (CAEVG)&#8221;][vc_tta_accordion active_section=&#8221;1&#8243; collapsible_all=&#8221;true&#8221;][vc_tta_section title=&#8221;PSICOLOGA&#8221; tab_id=&#8221;1742302841226-8e3dcfe7-1ddc&#8221;][vc_column_text]DANIELA COCIO MILLAP\u00c1N<\/p>\n<p><strong>E-Mail:<\/strong> daniela.cocio@municipalidadcastro.cl<\/p>\n<p>TAMARA OYARZO \u00c1VILA<\/p>\n<p><strong>E-Mail:<\/strong> psicologa.centroreparatorio01@gmail.com[\/vc_column_text][\/vc_tta_section][vc_tta_section title=&#8221;COORDINADORA&#8221; tab_id=&#8221;1742304417538-cc1498f5-8e44&#8243;][vc_column_text]PRISCILA VARGAS VERA<\/p>\n<p><strong>E-Mail:<\/strong> priscila.vargas@municipalidadcastro.cl \/ centro.especializadovg@municipalidadcastro.cl[\/vc_column_text][\/vc_tta_section][vc_tta_section title=&#8221;ABOGADA&#8221; tab_id=&#8221;1742322926611-c7bedac7-a073&#8243;][vc_column_text]CAMILA OBERREUTER LE\u00d3N<\/p>\n<p><strong>E-Mail:<\/strong> abogada.cari@gmail.com[\/vc_column_text][\/vc_tta_section][vc_tta_section title=&#8221;TRABAJADORA SOCIAL&#8221; tab_id=&#8221;1742390776220-3dc1647d-9f5f&#8221;][vc_column_text]NATALIA KRAUSE MONDACA<\/p>\n<p><strong>E-Mail:<\/strong> centro.especializadovg@municipalidadcastro.cl[\/vc_column_text][\/vc_tta_section][\/vc_tta_accordion][vc_text_separator title=&#8221;OFICINA MUNICIPAL DE DISCAPACIDAD&#8221;][vc_tta_accordion][vc_tta_section title=&#8221;ENCARGADA&#8221; tab_id=&#8221;1742303845433-82e8d0ae-8ffb&#8221;][vc_column_text]JASNA VARGAS SUBIABRE<\/p>\n<p><strong>E-Mail:<\/strong> jvargas@municipalidadcastro.cl[\/vc_column_text][\/vc_tta_section][vc_tta_section title=&#8221;PROFESIONAL DE INCLUSI\u00d3N LABORAL&#8221; tab_id=&#8221;1742309583042-727ff534-f4b3&#8243;][vc_column_text]ANDREA OYARZO BARR\u00cdA<\/p>\n<p><strong>E-Mail:<\/strong> andrea.oyarzo@municipalidadcastro.cl[\/vc_column_text][\/vc_tta_section][vc_tta_section title=&#8221;PROFESIONAL OFICINA DISCAPACIDAD&#8221; tab_id=&#8221;1742310040577-97e114ef-e5bd&#8221;][vc_column_text]DANIEL VARGAS GONZALEZ<\/p>\n<p><strong>E-Mail:<\/strong> daniel.vargas@municipalidadcastro.cl[\/vc_column_text][\/vc_tta_section][\/vc_tta_accordion][vc_text_separator title=&#8221;PROYECTOS&#8221;][vc_tta_accordion active_section=&#8221;1&#8243; collapsible_all=&#8221;true&#8221;][vc_tta_section tab_id=&#8221;1742304043527-15f3d7ee-3739&#8243; title=&#8221;PROFESIONAL&#8221;][vc_column_text]CLAUDIO ENRIQUE RODRIGUEZ SOTO<\/p>\n<p><strong>E-Mail:<\/strong> claudio.rodriguez@municipalidadcastro.cl[\/vc_column_text][\/vc_tta_section][\/vc_tta_accordion][vc_text_separator title=&#8221;OFICINA DE PESCA&#8221;][vc_tta_accordion][vc_tta_section title=&#8221;TECNICO ENCARGADA OFICINA DE PESCA&#8221; tab_id=&#8221;1742304348632-fa76b00b-2d7a&#8221;][vc_column_text]SABINA AGUILA CARDENAS<\/p>\n<p><strong>E-Mail:<\/strong> sabina.aguila@municipalidadcastro.cl[\/vc_column_text][\/vc_tta_section][vc_tta_section title=&#8221;TECNICO ENCARGADO&#8221; tab_id=&#8221;1742304348678-502b5ec7-f019&#8243;][vc_column_text]RUBEN MAURICIO MANEL ANDRADE<\/p>\n<p><strong>E-Mail:<\/strong> ruben.manel@municipalidadcastro.cl[\/vc_column_text][\/vc_tta_section][vc_tta_section title=&#8221;TECNICO&#8221; tab_id=&#8221;1742323349912-1f954696-fcb0&#8243;][vc_column_text]EMILIO BAEZ MEZA<\/p>\n<p><strong>Fono:<\/strong> +56 977327999[\/vc_column_text][\/vc_tta_section][\/vc_tta_accordion][vc_text_separator title=&#8221;DPTO. ORGANIZACIONES COMUNITARIAS&#8221;][vc_tta_accordion][vc_tta_section title=&#8221;ENCARGADO&#8221; tab_id=&#8221;1742304909613-def09ae9-10ed&#8221;][vc_column_text]MAURICIO JAQUE GUTIERREZ<\/p>\n<p><strong>E-Mail:<\/strong> mjaque@municipalidadcastro.cl[\/vc_column_text][\/vc_tta_section][\/vc_tta_accordion][vc_text_separator title=&#8221;OFICINA LOCAL DE LA NI\u00d1EZ&#8221;][vc_tta_accordion active_section=&#8221;1&#8243; collapsible_all=&#8221;true&#8221;][vc_tta_section title=&#8221;COORDINADORA (S)&#8221; tab_id=&#8221;1742310691685-5f4dda63-3283&#8243;][vc_column_text]CAMILA ANDRADE PEREZ<\/p>\n<p><strong>E-Mail:<\/strong> camilaandrade@municialidadcastro.cl<\/p>\n<p>SYNTHIA HERRERA NEGR\u00d3N<\/p>\n<p><strong>E-Mail:<\/strong> oficinalocalninez@municipalidadcastro.cl<\/p>\n<p>FELIPE BARRIENTOS C\u00c1RDENAS<\/p>\n<p><strong>E-Mail:<\/strong> oficinalocalninez@municipalidadcastro.cl[\/vc_column_text][\/vc_tta_section][vc_tta_section title=&#8221;APOYO A LA COORDINACI\u00d3N&#8221; tab_id=&#8221;1742390338420-f0fc7d50-17b4&#8243;][vc_column_text]SYNTHIA HERRERA NEGR\u00d3N<\/p>\n<p><strong>E-Mail: <\/strong>oficinalocalninez@municipalidadcastro.cl[\/vc_column_text][\/vc_tta_section][vc_tta_section title=&#8221;APOYO ADMINISTRATIVO&#8221; tab_id=&#8221;1742311715540-dd7f6d62-1547&#8243;][vc_column_text]DANIELA REYES MONTOYA<\/p>\n<p><strong>E-Mail:<\/strong> oficinalocalninez@municipalidadcastro.cl[\/vc_column_text][\/vc_tta_section][vc_tta_section title=&#8221;GESTOR TERRITORIAL&#8221; tab_id=&#8221;1742311906039-f8811ba7-dd6b&#8221;][vc_column_text]VICTOR PALMA OPAZO<\/p>\n<p><strong>E-Mail:<\/strong> gestor.oln@municipalidadcastro.cl[\/vc_column_text][\/vc_tta_section][vc_tta_section title=&#8221;GESTOR DE CASO&#8221; tab_id=&#8221;1742311944880-01c87a6a-4ffe&#8221;][vc_column_text]MARIO GONZ\u00c1LEZ ALDAI<\/p>\n<p><strong>E-Mail:<\/strong> gestor.oln@municipalidadcastro.cl<\/p>\n<p>KARLA SOTO TORRES<\/p>\n<p><strong>E-Mail:<\/strong> gestor.oln@municipalidadcastro.cl<\/p>\n<p>FERNANDA OPAZO BARRIENTOS<\/p>\n<p><strong>E-Mail:<\/strong> gestor.oln@municipalidadcastro.cl<\/p>\n<p>[\/vc_column_text][\/vc_tta_section][\/vc_tta_accordion][vc_text_separator title=&#8221;UNIDAD DE INTERVENCION FAMILIAR&#8221;][vc_tta_accordion active_section=&#8221;1&#8243; collapsible_all=&#8221;true&#8221;][vc_tta_section title=&#8221;COORDINADORA&#8221; tab_id=&#8221;1742312269978-f01f7a94-5743&#8243;][vc_column_text]VIVIANA MABEL ACU\u00d1A LONCONADO<\/p>\n<p><strong>E-Mail:<\/strong> uif@municipalidadcastro.cl \/ viviana.acuna@municipalidadcastro.cl[\/vc_column_text][\/vc_tta_section][vc_tta_section title=&#8221;APOYO FAMILIAR INTEGRAL-PROGRAMA FAMILIA&#8221; tab_id=&#8221;1742312270007-58ad663f-877b&#8221;][vc_column_text]<\/p>\n<p style=\"text-align: justify;\">JENIFER VANESA BORQUEZ TRONCOSO<\/p>\n<p style=\"text-align: justify;\"><strong>E-Mail:<\/strong> jborqueztroncoso03@gmail.com<\/p>\n<p style=\"text-align: justify;\">ROXANA SOLEDAD ALVARADO OYARZO<\/p>\n<p style=\"text-align: justify;\"><strong>E-Mail:<\/strong> solealvarado99@gmail.com<\/p>\n<p style=\"text-align: justify;\">DARINKA GISSELENDER GUBELIN MARTEL<\/p>\n<p style=\"text-align: justify;\"><strong>E-Mail:<\/strong> gubelindarinka@gmail.com<\/p>\n<p>CAMILA ANDREA MANCILLA CARCAMO<\/p>\n<p><strong>E-Mail<\/strong>: camila.mancilla.c90@gmail.com<\/p>\n<p>SHARON MARGARETH CERDA PINTO<\/p>\n<p><strong>E-Mail:<\/strong> sharon.cerda.pinto@gmail.com[\/vc_column_text][\/vc_tta_section][vc_tta_section title=&#8221;MONITORA &#8211; PROGRAMA VINCULOS&#8221; tab_id=&#8221;1742313376154-005cadb2-e22f&#8221;][vc_column_text]EMILY KARINA MIRANDA C\u00c1RDENAS<\/p>\n<p><strong>E-Mail:<\/strong> as.emilymiranda@gmail.com[\/vc_column_text][\/vc_tta_section][\/vc_tta_accordion][vc_text_separator title=&#8221;OFICINA ADULTO MAYOR&#8221;][vc_tta_accordion][vc_tta_section title=&#8221;ENCARGADA OFICINA ADULTO MAYOR&#8221; tab_id=&#8221;1742313545219-18b38b99-23a0&#8243;][vc_column_text]MARIELA OJEDA CANO<\/p>\n<p><strong>E-Mail:<\/strong> mojeda@municipalidadcastro.cl[\/vc_column_text][\/vc_tta_section][vc_tta_section title=&#8221;MONITORA CONDOMINIO VIVIENDAS TUTELADAS&#8221; tab_id=&#8221;1742313545251-0aaa7b04-4c05&#8243;][vc_column_text]YASNA MARQUEZ GOMEZ<\/p>\n<p><strong>E-Mail:<\/strong> casas.tuteladas@municipalidadcastro.cl[\/vc_column_text][\/vc_tta_section][vc_tta_section title=&#8221;ADMINISTRATIVA OFICINA\/MONITOR ACTIVIDAD FISICA&#8221; tab_id=&#8221;1742321410928-a81b7bc0-6d94&#8243;][vc_column_text]NATALY TRONCOSO URIBE\/LEONARDO ESPINOZA<\/p>\n<p><strong>E-Mail:<\/strong> talleresadultomayor@municipalidadcastro.cl[\/vc_column_text][\/vc_tta_section][\/vc_tta_accordion][vc_text_separator title=&#8221;CENTRO ESPECIALIZADO EN VIOLENCIAS DE G\u00c9NERO&#8221;][vc_tta_accordion active_section=&#8221;1&#8243; collapsible_all=&#8221;true&#8221;][vc_tta_section title=&#8221;ADMINISTRATIVA&#8221; tab_id=&#8221;1742321345656-51eefc57-52b1&#8243;][vc_column_text]MARCELA VEL\u00c1SQUEZ C\u00c1RCAMO<\/p>\n<p><strong>E-Mail:<\/strong> adm.centroreparatorio.chiloe@gmail.com[\/vc_column_text][\/vc_tta_section][\/vc_tta_accordion][vc_text_separator title=&#8221;DEPTO. ORGANIZACIONES COMUNITARIAS&#8221;][vc_tta_accordion active_section=&#8221;1&#8243; no_fill=&#8221;true&#8221;][vc_tta_section title=&#8221;COORDINADOR&#8221; tab_id=&#8221;1742321471420-91c48c5f-66be&#8221;][vc_column_text]CARLOS VEL\u00c1SQUEZ CORT\u00c9S<\/p>\n<p><strong>E-Mail:<\/strong> cvelasquez@municipalidadcastro.cl[\/vc_column_text][\/vc_tta_section][\/vc_tta_accordion][vc_text_separator title=&#8221;PROGRAMA DESARROLLO TERRITORIAL IND\u00cdGENA (PDTI)&#8221;][vc_tta_accordion][vc_tta_section title=&#8221;COORDINADOR&#8221; tab_id=&#8221;1742321638863-f60c13b3-b18c&#8221;][vc_column_text]PATRICIO MORALES ARNAIZ<\/p>\n<p><strong>E-Mail:<\/strong> patricio.morales@municipalidadcastro.cl[\/vc_column_text][\/vc_tta_section][vc_tta_section title=&#8221;T\u00c9CNICO EXTENSIONISTA&#8221; tab_id=&#8221;1742321638881-1dae6808-aee9&#8243;][vc_column_text]MAT\u00cdAS \u00c1LVAREZ MANSILLA<\/p>\n<p><strong>E-Mail:<\/strong> matias.alvarez@municipalidadcastro.cl<\/p>\n<p>DANIELA \u00c1LVAREZ AGUERO<\/p>\n<p><strong>E-Mail:<\/strong> daniela.alvarez@municipalidadcastro.cl[\/vc_column_text][\/vc_tta_section][\/vc_tta_accordion][vc_text_separator title=&#8221;OFICINA DE DEPORTES Y JUVENTUD \/ GIMNASIO MUNICIPAL&#8221;][vc_tta_accordion][vc_tta_section title=&#8221;ENCARGADO \/ ADMINISTRADOR&#8221; tab_id=&#8221;1742322186773-86c17926-51ab&#8221;][vc_column_text]OSCAR ROM\u00c1N ALVAREZ<\/p>\n<p><strong>E-Mail:<\/strong> DEPORTES@MUNICIPALIDADCASTRO.CL \/ JUVENTUD@MUNICIPALIDADCASTRO.CL[\/vc_column_text][\/vc_tta_section][\/vc_tta_accordion][vc_text_separator title=&#8221;OFICINA DE INTERMEDIACION LABORAL (OMIL)&#8221;][vc_tta_accordion][vc_tta_section title=&#8221;EJECUTIVO EMPRESAS&#8221; tab_id=&#8221;1742322274249-67dfb82e-784d&#8221;][vc_column_text]CLAUDIO ALBERTO ULLOA ASENCIO<\/p>\n<p><strong>E-Mail:<\/strong> claudio.ulloa@municipalidadcastro.cl[\/vc_column_text][\/vc_tta_section][vc_tta_section title=&#8221;ENCARGADA&#8221; tab_id=&#8221;1742390263364-af5cd0b0-59bb&#8221;][vc_column_text]KERTTY C\u00c1RDENAS GAETE<\/p>\n<p><strong>E-Mail:<\/strong> kertty.cardenas@municipalidadcastro.cl[\/vc_column_text][\/vc_tta_section][\/vc_tta_accordion][vc_text_separator title=&#8221;CENTRO DIURNO ADULTO MAYOR&#8221;][vc_tta_accordion][vc_tta_section title=&#8221;COORDINADOR&#8221; tab_id=&#8221;1742323142367-94136442-5109&#8243;][vc_column_text]RODRIGO ARMANDO RUZ BARROS<\/p>\n<p><strong>E-Mail:<\/strong> rodrigo.ruz@municipalidadcastro.cl[\/vc_column_text][\/vc_tta_section][\/vc_tta_accordion][vc_text_separator title=&#8221;PROGRAMA CHILE CRECE M\u00c1S&#8221;][vc_tta_accordion][vc_tta_section title=&#8221;TERAPEUTA OCUPACIONAL&#8221; tab_id=&#8221;1742388841073-f0b4b943-0b0c&#8221;][vc_column_text]PAMELA CARDENAS ALBORNOZ<\/p>\n<p><strong>E-Mail:<\/strong> oficinalocalninez@municipalidadcastro.cl[\/vc_column_text][\/vc_tta_section][vc_tta_section title=&#8221;FONOAUDIOLOGA&#8221; tab_id=&#8221;1742388841095-a757e8ce-b098&#8243;][vc_column_text]EVELIN SANCHEZ PAILLAN<\/p>\n<p><strong>E-Mail:<\/strong> oficinalocalninez@municipalidadcastro.cl[\/vc_column_text][\/vc_tta_section][\/vc_tta_accordion][vc_text_separator title=&#8221;OFICINA DE INCLUSI\u00d3N Y ASUNTOS RELIGIOSOS&#8221;][vc_tta_accordion][vc_tta_section title=&#8221;ENCARGADA&#8221; tab_id=&#8221;1742388992302-1aeb8573-cbe2&#8243;][vc_column_text]FLOR PATRICIA CONTRERAS C\u00c1RCAMO<\/p>\n<p><strong>E-Mail:<\/strong> pcontreras@municipalidadcastro.cl[\/vc_column_text][\/vc_tta_section][\/vc_tta_accordion][vc_text_separator title=&#8221;OFICINA DE LA MUJER&#8221;][vc_tta_accordion active_section=&#8221;1&#8243; collapsible_all=&#8221;true&#8221;][vc_tta_section title=&#8221;COORDINADORA&#8221; tab_id=&#8221;1742389546270-97a04b3a-6cf5&#8243;][vc_column_text]SOLANGE OYARZUN ULLOA<\/p>\n<p><strong>E-Mail:<\/strong> oficinamujer@municipalidadcastro.cl[\/vc_column_text][\/vc_tta_section][\/vc_tta_accordion][vc_text_separator title=&#8221;DIDECO&#8221;][vc_tta_accordion][vc_tta_section title=&#8221;ENCARGADA DE PROGRAMA RESIDENCIAS FAMILIAR ESTUDIANTIL (PRFE)&#8221; tab_id=&#8221;1742392144356-230313f3-b2cc&#8221;][vc_column_text]Darinka Gisslender Gubelin Martel<\/p>\n<p><strong>E-Mail:<\/strong> gubelindarinka@gmail.com[\/vc_column_text][\/vc_tta_section][\/vc_tta_accordion][\/vc_column][\/vc_row]<\/p>\n<\/section>","protected":false},"excerpt":{"rendered":"<p>[vc_row vc_row_background=&#8221;&#8221; footer_button_bg=&#8221;#81d742&#8243;][vc_column width=&#8221;1\/4&#8243;][vc_column_text] La unidad encargada del desarrollo comunitario tendr\u00e1 como fucniones espec\u00edficas: Asesorar al alcalde y, tambi\u00e9n al concejo en la promoci\u00f3n del desarrollo comunitario Prestar asesor\u00eda t\u00e9cnica a las organizaciones comunitarias, fomentar su desarrollo y legalizaci\u00f3n, y promover su efectiva participaci\u00f3n en el municipio Proponer y ejecutar, dentro de su \u00e1mbito y [&hellip;]<\/p>\n","protected":false},"author":7,"featured_media":0,"parent":2050,"menu_order":0,"comment_status":"closed","ping_status":"closed","template":"","meta":{"footnotes":""},"class_list":["post-26040","page","type-page","status-publish","hentry"],"publishpress_future_action":{"enabled":false,"date":"2026-05-12 05:40:57","action":"change-status","newStatus":"draft","terms":[],"taxonomy":""},"publishpress_future_workflow_manual_trigger":{"enabledWorkflows":[]},"_links":{"self":[{"href":"https:\/\/www.municipalidadcastro.cl\/index.php?rest_route=\/wp\/v2\/pages\/26040","targetHints":{"allow":["GET"]}}],"collection":[{"href":"https:\/\/www.municipalidadcastro.cl\/index.php?rest_route=\/wp\/v2\/pages"}],"about":[{"href":"https:\/\/www.municipalidadcastro.cl\/index.php?rest_route=\/wp\/v2\/types\/page"}],"author":[{"embeddable":true,"href":"https:\/\/www.municipalidadcastro.cl\/index.php?rest_route=\/wp\/v2\/users\/7"}],"replies":[{"embeddable":true,"href":"https:\/\/www.municipalidadcastro.cl\/index.php?rest_route=%2Fwp%2Fv2%2Fcomments&post=26040"}],"version-history":[{"count":17,"href":"https:\/\/www.municipalidadcastro.cl\/index.php?rest_route=\/wp\/v2\/pages\/26040\/revisions"}],"predecessor-version":[{"id":29155,"href":"https:\/\/www.municipalidadcastro.cl\/index.php?rest_route=\/wp\/v2\/pages\/26040\/revisions\/29155"}],"up":[{"embeddable":true,"href":"https:\/\/www.municipalidadcastro.cl\/index.php?rest_route=\/wp\/v2\/pages\/2050"}],"wp:attachment":[{"href":"https:\/\/www.municipalidadcastro.cl\/index.php?rest_route=%2Fwp%2Fv2%2Fmedia&parent=26040"}],"curies":[{"name":"wp","href":"https:\/\/api.w.org\/{rel}","templated":true}]}}