{"id":26033,"date":"2024-12-17T08:58:40","date_gmt":"2024-12-17T11:58:40","guid":{"rendered":"https:\/\/www.municipalidadcastro.cl\/?page_id=26033"},"modified":"2025-01-22T17:46:18","modified_gmt":"2025-01-22T20:46:18","slug":"direccion-de-cultura-y-turismo","status":"publish","type":"page","link":"https:\/\/www.municipalidadcastro.cl\/?page_id=26033","title":{"rendered":"Direcci\u00f3n de Cultura y Turismo"},"content":{"rendered":"<section class=\"wpb-content-wrapper\"><p>[vc_row][vc_column width=&#8221;2\/3&#8243;][vc_column_text]La Direcci\u00f3n de Cultura y Turismo de la I. Municipalidad de Castro tiene por misi\u00f3n fortalecer el quehacer de una municipalidad comprometida con el patrimonio cultural del archipi\u00e9lago, para que la comunidad urbana y rural pueda acceder a las diversas expresiones culturales y especialmente aquellas que refuerzan nuestra identidad cultural.<\/p>\n<p>Entre sus prop\u00f3sitos est\u00e1 el organizar, con diversos estamentos sociales, actividades que se enmarquen en potenciar el turismo cultural as\u00ed como apoyar iniciativas que fomenten la participaci\u00f3n ciudadana para fortalecer el v\u00ednculo entre la cultura, municipio y la comunidad. Esto se traduce en actividades que recrean, educan y cultivan a ni\u00f1os, j\u00f3venes, adultos y adultos mayores en las m\u00faltiples instancias sociales de la comuna, considerando como par\u00e1metro fundamental el patrimonio cultural isle\u00f1o centrado en la revalorizaci\u00f3n, dignificaci\u00f3n y proyecci\u00f3n de la cultura de Chilo\u00e9 en sus m\u00faltiples expresiones como actividad continua y permanente que beneficie a la gente del archipi\u00e9lago.<\/p>\n<p>La orientaci\u00f3n de las actividades se focaliza a la revalorizaci\u00f3n, dignificaci\u00f3n y proyecci\u00f3n de nuestra identidad cultural en sus m\u00faltiples expresiones, as\u00ed como tambi\u00e9n proporcionar instancias para la difusi\u00f3n de otras manifestaciones art\u00edsticas y culturales que favorezcan el acceso de nuestras comunidades al arte y la cultura.<\/p>\n<p>Las tareas de la direcci\u00f3n corresponden a la administraci\u00f3n general del Centro Cultural Comunitario (Edificio Municipal) ordenamiento, horario funcionamiento, arreglo de dependencias, registro y prestaci\u00f3n a instituciones y organizaciones de salas y audit\u00f3rium, aplicaci\u00f3n de los derechos municipales de uso; realizaci\u00f3n de diversos tipos de eventos culturales musicales, literarios; organizaci\u00f3n de encuentros costumbristas; actividades formativas y de rescate cultural a trav\u00e9s de talleres culturales, exposiciones, cursos y seminarios. De igual forma colabora en la promoci\u00f3n y divulgaci\u00f3n de las diversas actividades culturales que se desarrollan en la comuna.<\/p>\n<p>[\/vc_column_text][\/vc_column][vc_column width=&#8221;1\/3&#8243;][vc_custom_heading text=&#8221;Directora&#8221; font_container=&#8221;tag:h2|text_align:center|color:%230a0a0a&#8221; use_theme_fonts=&#8221;yes&#8221;][vc_single_image image=&#8221;26381&#8243; img_size=&#8221;medium&#8221; alignment=&#8221;center&#8221;][vc_column_text]<\/p>\n<h4 style=\"text-align: center;\"><span style=\"color: #000000;\"><strong>Paula Delgado<\/strong><\/span><\/h4>\n<p style=\"text-align: center;\"><span style=\"color: #000000;\">652538086<\/span><br \/>\n<span style=\"color: #000000;\">pdelgado@municipalidadcastro.cl<\/span><\/p>\n<p>[\/vc_column_text][\/vc_column][\/vc_row]<\/p>\n<\/section>","protected":false},"excerpt":{"rendered":"<p>[vc_row][vc_column width=&#8221;2\/3&#8243;][vc_column_text]La Direcci\u00f3n de Cultura y Turismo de la I. Municipalidad de Castro tiene por misi\u00f3n fortalecer el quehacer de una municipalidad comprometida con el patrimonio cultural del archipi\u00e9lago, para que la comunidad urbana y rural pueda acceder a las diversas expresiones culturales y especialmente aquellas que refuerzan nuestra identidad cultural. Entre sus prop\u00f3sitos est\u00e1 [&hellip;]<\/p>\n","protected":false},"author":7,"featured_media":0,"parent":2050,"menu_order":0,"comment_status":"closed","ping_status":"closed","template":"","meta":{"footnotes":""},"class_list":["post-26033","page","type-page","status-publish","hentry"],"publishpress_future_action":{"enabled":false,"date":"2026-05-12 05:45:25","action":"change-status","newStatus":"draft","terms":[],"taxonomy":""},"publishpress_future_workflow_manual_trigger":{"enabledWorkflows":[]},"_links":{"self":[{"href":"https:\/\/www.municipalidadcastro.cl\/index.php?rest_route=\/wp\/v2\/pages\/26033","targetHints":{"allow":["GET"]}}],"collection":[{"href":"https:\/\/www.municipalidadcastro.cl\/index.php?rest_route=\/wp\/v2\/pages"}],"about":[{"href":"https:\/\/www.municipalidadcastro.cl\/index.php?rest_route=\/wp\/v2\/types\/page"}],"author":[{"embeddable":true,"href":"https:\/\/www.municipalidadcastro.cl\/index.php?rest_route=\/wp\/v2\/users\/7"}],"replies":[{"embeddable":true,"href":"https:\/\/www.municipalidadcastro.cl\/index.php?rest_route=%2Fwp%2Fv2%2Fcomments&post=26033"}],"version-history":[{"count":2,"href":"https:\/\/www.municipalidadcastro.cl\/index.php?rest_route=\/wp\/v2\/pages\/26033\/revisions"}],"predecessor-version":[{"id":26384,"href":"https:\/\/www.municipalidadcastro.cl\/index.php?rest_route=\/wp\/v2\/pages\/26033\/revisions\/26384"}],"up":[{"embeddable":true,"href":"https:\/\/www.municipalidadcastro.cl\/index.php?rest_route=\/wp\/v2\/pages\/2050"}],"wp:attachment":[{"href":"https:\/\/www.municipalidadcastro.cl\/index.php?rest_route=%2Fwp%2Fv2%2Fmedia&parent=26033"}],"curies":[{"name":"wp","href":"https:\/\/api.w.org\/{rel}","templated":true}]}}