{"id":22535,"date":"2023-12-26T12:51:47","date_gmt":"2023-12-26T15:51:47","guid":{"rendered":"https:\/\/www.castromunicipio.cl\/?page_id=22535"},"modified":"2025-03-19T08:55:25","modified_gmt":"2025-03-19T11:55:25","slug":"direccion-de-gestion-economica-y-fiscalizacion","status":"publish","type":"page","link":"https:\/\/www.municipalidadcastro.cl\/?page_id=22535","title":{"rendered":"Direcci\u00f3n de Gesti\u00f3n Econ\u00f3mica y Fiscalizaci\u00f3n"},"content":{"rendered":"<section class=\"wpb-content-wrapper\"><p>[vc_row][vc_column width=&#8221;2\/3&#8243;][vc_column_text]<\/p>\n<p style=\"text-align: justify;\">La <strong>Direcci\u00f3n de Gesti\u00f3n Econ\u00f3mica y Fiscalizaci\u00f3n<\/strong> tiene como labor gestionar, planificar, coordinar y controlar los procesos econ\u00f3micos, la cobranza y fiscalizaci\u00f3n de la Municipalidad, contribuyendo a la regularizaci\u00f3n y recuperaci\u00f3n financiera por parte de contribuyentes actuales y potenciales que aporten al correcto funcionamiento de la comuna de Castro.<\/p>\n<h3><strong>Departamento de Rentas y Patentes Municipales<\/strong><\/h3>\n<p style=\"text-align: justify;\">Ejecuci\u00f3n de todos los procedimientos establecidos para el otorgamiento y caducidad de las Patentes Municipales y permisos por ejercicio de actividades econ\u00f3micas en la comuna de Castro.<\/p>\n<h4><strong>Contacto:<\/strong><\/h4>\n<p style=\"text-align: justify;\">E-mail: rentasypatentes@municipalidascastro.cl<br \/>\nFono: +56981610629 \/ +56940429676<\/p>\n<h3><strong>Tr\u00e1mites<\/strong><\/h3>\n<h4><strong>a) Partentes generales<\/strong><\/h4>\n<ul>\n<li>Formulario Solicitud de Patentes Municipales <a href=\"https:\/\/www.castromunicipio.cl\/wp-content\/uploads\/2023\/12\/FORMULARIO-SOLICITUD-PATENTE-MUNICIPAL.pdf\">Descarga aqu\u00ed<\/a><\/li>\n<li>Formulario Solicitud Patentes Provisorias <a href=\"https:\/\/www.castromunicipio.cl\/wp-content\/uploads\/2023\/12\/FORMULARIO-SOLICITUD-PATENTE-PROVISORIA.pdf\">Descarga aqu\u00ed<\/a><\/li>\n<li>Requisitos Patente Comercial\/Industrial <a href=\"https:\/\/www.castromunicipio.cl\/wp-content\/uploads\/2023\/12\/REQUISITOS-PATENTE-COMERCIAL.pdf\">Descarga aqu\u00ed<\/a><\/li>\n<li>Requisitos Patentes de Alcoholes\u00a0<a href=\"https:\/\/www.castromunicipio.cl\/wp-content\/uploads\/2023\/12\/REQUISITOS-PATENTE-ALCOHOLES.pdf\">Descarga aqu\u00ed<\/a><\/li>\n<li>Requisitos Patente Microempresa Familiar <a href=\"https:\/\/www.castromunicipio.cl\/wp-content\/uploads\/2023\/12\/REQUISITOS-PATENTE-MEF.pdf\">Descaga aqu\u00ed<\/a><\/li>\n<li>Requisitos Patentes Profesionales <a href=\"https:\/\/www.castromunicipio.cl\/wp-content\/uploads\/2023\/12\/REQUISITOS-PATENTE-PROFESIONAL.pdf\">Descarga aqu\u00ed<\/a><\/li>\n<li>Requisitos Transferencia Patentes <a href=\"https:\/\/www.castromunicipio.cl\/wp-content\/uploads\/2023\/12\/REQUISITOS-TRANSFERENCIA-PATENTES.pdf\">Descarga aqu\u00ed<\/a><\/li>\n<li>Requisitos Traslado Patentes <a href=\"https:\/\/www.castromunicipio.cl\/wp-content\/uploads\/2023\/12\/REQUISITOS-TRASLADO-PATENTE.pdf\">Descarga aqu\u00ed<\/a><\/li>\n<li>Requisitos Cambio Raz\u00f3n Social Patente <a href=\"https:\/\/www.castromunicipio.cl\/wp-content\/uploads\/2023\/12\/REQUISITOS-CAMBIO-DE-RAZON-SOCIAL.pdf\">Descarga aqu\u00ed<\/a><\/li>\n<\/ul>\n<h4><strong>b) Declaraci\u00f3n sucursales y trabajadores<\/strong><\/h4>\n<ul>\n<li>\n<p style=\"font-weight: 400;\">Instructivo procedimiento declaraci\u00f3n sucursales y trabajadores, certificado rebaja de la inversi\u00f3n y exenciones de pago <a href=\"https:\/\/www.castromunicipio.cl\/wp-content\/uploads\/2024\/05\/Instructivo-procedimiento-declaracion-sucursales-y-trabajadores-certificado-rebaja-de-la-inversion-y-exenciones-de-pago-1.pdf\">Descarga aqu\u00ed<\/a><\/p>\n<\/li>\n<li>\n<p style=\"font-weight: 400;\">Formulario Solicitud exenci\u00f3n de pago\u00a0 <a href=\"https:\/\/www.castromunicipio.cl\/wp-content\/uploads\/2024\/05\/Formulario-Solicitud-exencion-de-pago.pdf\">Descarga aqu\u00ed<\/a><\/p>\n<\/li>\n<li>\n<p style=\"font-weight: 400;\">Formulario Declaraci\u00f3n de trabajadores y sucursales <a href=\"https:\/\/www.castromunicipio.cl\/wp-content\/uploads\/2024\/05\/Formulario-Declaracion-de-trabajadores-y-sucursales-1.pdf\">Descarga aqu\u00ed<\/a><\/p>\n<\/li>\n<li>\n<p style=\"font-weight: 400;\">Formulario solicitud Rebaja de la\u00a0 Inversi\u00f3n <a href=\"https:\/\/www.castromunicipio.cl\/wp-content\/uploads\/2024\/05\/Formulario-solicitud-Rebaja-de-la-Inversion.pdf\">Descarga aqu\u00ed<\/a><\/p>\n<\/li>\n<\/ul>\n<h4><strong>C) Patentes de alcoholes<\/strong><\/h4>\n<ul>\n<li>INSTRUCTIVO PROCEDIMIENTO RENOVACION PATENTE DE ALCOHOL <a href=\"https:\/\/www.castromunicipio.cl\/wp-content\/uploads\/2024\/06\/INSTRUCTIVO-PROCEDIMIENTO-RENOVACION-PATENTE-DE-ALCOHOL.pdf\">Descarga aqu\u00ed<\/a><\/li>\n<li>DECLARACI\u00d3N SOCIOS O DIRECTORES RENOVACION PATENTE ALCOHOL <a href=\"https:\/\/www.castromunicipio.cl\/wp-content\/uploads\/2024\/06\/DECLARACION-SOCIOS-O-DIRECTORES-RENOVACION-PATENTE-ALCOHOL.pdf\">Descarga aqu\u00ed<\/a><\/li>\n<li>SOLICITUD RENOVACI\u00d3N Y DECLARACI\u00d3N JURADA PATENTE DE ALCOHOL <a href=\"https:\/\/www.castromunicipio.cl\/wp-content\/uploads\/2024\/06\/SOLICITUD-RENOVACION-Y-DECLARACION-JURADA-PATENTE-DE-ALCOHOL.pdf\">Descarga aqu\u00ed<\/a><\/li>\n<\/ul>\n<h3><strong>Oficina de Derechos y Contribuciones<\/strong><\/h3>\n<p style=\"text-align: justify;\">Su funci\u00f3n es gestionar los ingresos por concepto de derechos y tributos municipales en el \u00e1mbito de su competencia, el cobro de derechos y tributos morosos y apoyo en la mantenci\u00f3n y actualizaci\u00f3n de bienes ra\u00edces de la comuna.<\/p>\n<p><strong>Contacto:<\/strong><\/p>\n<p>E-mail: gestiondecobros@municipalidadcastro.cl<\/p>\n<p>Fono: 652631142 \/ +56999911638<\/p>\n<h4><strong>Tr\u00e1mites:<\/strong><\/h4>\n<ul>\n<li>Formulario Solicitud Exenci\u00f3n Cobro de Aseo Domiciliario <a href=\"https:\/\/www.castromunicipio.cl\/wp-content\/uploads\/2024\/01\/FORMULARIO-POSTULACION-EXENCION.docx\">Descarga aqu\u00ed<\/a><\/li>\n<\/ul>\n<h3><strong>Oficina de Fiscalizaci\u00f3n<\/strong><\/h3>\n<p>Su funci\u00f3n es fiscalizar el cumplimiento de las disposiciones legales y normativas vigentes que regulan el desarrollo de las actividades de la comuna.<\/p>\n<p><strong>Contacto:<\/strong><\/p>\n<p>e-mail: pruiz@municipalidadcastro.cl<\/p>\n<p>Fono: +56966376500<\/p>\n<h4><strong>Tr\u00e1mites:<\/strong><\/h4>\n<ul>\n<li>Formulario Denuncias <a href=\"https:\/\/www.castromunicipio.cl\/wp-content\/uploads\/2023\/12\/FORMULARIO-DE-DENUNCIO.pdf\">Descarga aqu\u00ed<\/a><\/li>\n<\/ul>\n<p>[\/vc_column_text][\/vc_column][vc_column width=&#8221;1\/3&#8243;][vc_custom_heading text=&#8221;DIRECTOR&#8221; font_container=&#8221;tag:h2|text_align:center|color:%230f0f0f&#8221; use_theme_fonts=&#8221;yes&#8221;][vc_single_image image=&#8221;26139&#8243; img_size=&#8221;medium&#8221; alignment=&#8221;center&#8221;][vc_column_text]<\/p>\n<h4 style=\"text-align: center;\"><span style=\"color: #000000;\"><strong>Rafael Andrade<\/strong><\/span><\/h4>\n<p style=\"text-align: center;\"><span style=\"color: #000000;\">E-Mail: rafael.andrade@municipalidadcastro.cl<\/span><\/p>\n<p>[\/vc_column_text][\/vc_column][\/vc_row][vc_row][vc_column][vc_text_separator title=&#8221;GLOSARIO&#8221; i_icon_fontawesome=&#8221;fas fa-book&#8221; i_color=&#8221;black&#8221; add_icon=&#8221;true&#8221;][vc_text_separator title=&#8221;T\u00e9rminos de uso frecuente en la direcci\u00f3n.&#8221;][\/vc_column][\/vc_row][vc_row][vc_column width=&#8221;1\/3&#8243;][vc_toggle title=&#8221;Patente Comercial&#8221;]Actividad econ\u00f3mica donde no medie un proceso\u00a0 de transformaci\u00f3n de materias primas o productos en uno diferente.[\/vc_toggle][vc_toggle title=&#8221;Patente Profesional&#8221;]Actividad econ\u00f3mica profesional.[\/vc_toggle][vc_toggle title=&#8221;Patente MEF&#8221;]Actividad econ\u00f3mica que se realiza en la casa habitaci\u00f3n del contribuyente, pueden ser solicitadas por persona natural o E.I.R.L. de acuerdo a la Ley de 19749 que establece normas para facilitar la creaci\u00f3n de microempresas familiares.[\/vc_toggle][vc_toggle title=&#8221;Transferencia Patente&#8221;]Venta o arriendo de un negocio amparado con patente.[\/vc_toggle][vc_toggle title=&#8221;Casa matriz&#8221;]Sede principal de una organizaci\u00f3n empresarial.[\/vc_toggle][vc_toggle title=&#8221;Renovaci\u00f3n de patentes CIPA&#8221;]Autorizar el funcionamiento de la actividad econ\u00f3mica por un nuevo periodo, se realiza en el mes de julio de cada a\u00f1o.[\/vc_toggle][vc_toggle title=&#8221;Expediente de patente&#8221;]Carpeta que contiene todos los documentos que sustentan los actos administrativos de una patente.[\/vc_toggle][\/vc_column][vc_column width=&#8221;1\/3&#8243;][vc_toggle title=&#8221;Patente Industrial&#8221;]Actividad econ\u00f3mica donde medie un proceso de transformaci\u00f3n de materias primas o producto en uno diferente.[\/vc_toggle][vc_toggle title=&#8221;Patente Provisoria&#8221;]Autorizaci\u00f3n transitoria que posibilita el ejercicio de una actividad econ\u00f3mica por el plazo m\u00e1ximo de una a\u00f1o de acuerdo a la normativa contenida en la Ordenanza N\u00b035 de Patentes Provisorias.[\/vc_toggle][vc_toggle title=&#8221;Eliminaci\u00f3n Patente&#8221;]Termino de funcionamiento de la actividad econ\u00f3mica, solicitada por el contribuyente.[\/vc_toggle][vc_toggle title=&#8221;Clausura Patente&#8221;]Cierre temporal o permanentemente de un establecimiento comercial debido al incumplimiento de las leyes.[\/vc_toggle][vc_toggle title=&#8221;Sucursales&#8221;]Una sucursal es una entidad comercial que forma parte de una empresa matriz, pero se encuentra f\u00edsicamente separada de su sede principal en la misma comuna u otra diferente.[\/vc_toggle][vc_toggle title=&#8221;Renovaci\u00f3n de patentes de alcohol&#8221;]Autorizar el funcionamiento de la actividad econ\u00f3mica por un nuevo periodo, se realiza en el mes de julio y enero de cada a\u00f1o.[\/vc_toggle][\/vc_column][vc_column width=&#8221;1\/3&#8243;][vc_toggle title=&#8221;Patente Alcohol&#8221;]Actividad econ\u00f3mica que permite el expendio de bebidas alcoh\u00f3licas de acuerdo\u00a0 a la Ley\u00a0 19925 sobre expendio y consumo de bebidas alcoh\u00f3licas.[\/vc_toggle][vc_toggle title=&#8221;Patente Temporal&#8221;]Autorizaci\u00f3n transitorio que posibilita el ejercicio de una actividad en la \u00e9poca estival, por un plazo m\u00e1ximo de cuatro meses.[\/vc_toggle][vc_toggle title=&#8221;Traslado Patente&#8221;]Cambio de lugar de funcionamiento de la actividad econ\u00f3mica.[\/vc_toggle][vc_toggle title=&#8221;Permiso Precario&#8221;]Autorizaci\u00f3n de car\u00e1cter temporal, que no transfiere dominio de los espacios en bienes nacionales de uso p\u00fablico o municipales, solo uso y goce.[\/vc_toggle][vc_toggle title=&#8221;Rol de patente&#8221;]N\u00famero de la patente que registra todos los actos administrativos desde su otorgamiento hasta su eliminaci\u00f3n.[\/vc_toggle][vc_toggle title=&#8221;Solicitud de patente&#8221;]Petici\u00f3n formal de un contribuyente, comienza con el ingreso de la documentaci\u00f3n completa requerida\u00a0 al Departamento de Rentas y Patentes Municipales.[\/vc_toggle][\/vc_column][\/vc_row]<\/p>\n<\/section>","protected":false},"excerpt":{"rendered":"<p>[vc_row][vc_column width=&#8221;2\/3&#8243;][vc_column_text] La Direcci\u00f3n de Gesti\u00f3n Econ\u00f3mica y Fiscalizaci\u00f3n tiene como labor gestionar, planificar, coordinar y controlar los procesos econ\u00f3micos, la cobranza y fiscalizaci\u00f3n de la Municipalidad, contribuyendo a la regularizaci\u00f3n y recuperaci\u00f3n financiera por parte de contribuyentes actuales y potenciales que aporten al correcto funcionamiento de la comuna de Castro. Departamento de Rentas y [&hellip;]<\/p>\n","protected":false},"author":10,"featured_media":0,"parent":2050,"menu_order":0,"comment_status":"closed","ping_status":"closed","template":"","meta":{"footnotes":""},"class_list":["post-22535","page","type-page","status-publish","hentry"],"publishpress_future_action":{"enabled":false,"date":"2026-04-20 23:16:28","action":"change-status","newStatus":"draft","terms":[],"taxonomy":""},"publishpress_future_workflow_manual_trigger":{"enabledWorkflows":[]},"_links":{"self":[{"href":"https:\/\/www.municipalidadcastro.cl\/index.php?rest_route=\/wp\/v2\/pages\/22535","targetHints":{"allow":["GET"]}}],"collection":[{"href":"https:\/\/www.municipalidadcastro.cl\/index.php?rest_route=\/wp\/v2\/pages"}],"about":[{"href":"https:\/\/www.municipalidadcastro.cl\/index.php?rest_route=\/wp\/v2\/types\/page"}],"author":[{"embeddable":true,"href":"https:\/\/www.municipalidadcastro.cl\/index.php?rest_route=\/wp\/v2\/users\/10"}],"replies":[{"embeddable":true,"href":"https:\/\/www.municipalidadcastro.cl\/index.php?rest_route=%2Fwp%2Fv2%2Fcomments&post=22535"}],"version-history":[{"count":31,"href":"https:\/\/www.municipalidadcastro.cl\/index.php?rest_route=\/wp\/v2\/pages\/22535\/revisions"}],"predecessor-version":[{"id":26641,"href":"https:\/\/www.municipalidadcastro.cl\/index.php?rest_route=\/wp\/v2\/pages\/22535\/revisions\/26641"}],"up":[{"embeddable":true,"href":"https:\/\/www.municipalidadcastro.cl\/index.php?rest_route=\/wp\/v2\/pages\/2050"}],"wp:attachment":[{"href":"https:\/\/www.municipalidadcastro.cl\/index.php?rest_route=%2Fwp%2Fv2%2Fmedia&parent=22535"}],"curies":[{"name":"wp","href":"https:\/\/api.w.org\/{rel}","templated":true}]}}