{"id":2219,"date":"2018-06-26T16:49:16","date_gmt":"2018-06-26T20:49:16","guid":{"rendered":"http:\/\/www.castromunicipio.cl\/?page_id=2219"},"modified":"2025-01-22T18:42:58","modified_gmt":"2025-01-22T21:42:58","slug":"departamento-organizaciones-comunitarias","status":"publish","type":"page","link":"https:\/\/www.municipalidadcastro.cl\/?page_id=2219","title":{"rendered":"Departamento Organizaciones Comunitarias"},"content":{"rendered":"<section class=\"wpb-content-wrapper\"><p>[vc_row][vc_column width=&#8221;2\/3&#8243;][vc_column_text]Su misi\u00f3n es asesorar a las organizaciones de la comuna en todas aquellas materias que permitan facilitar su constituci\u00f3n y funcionamiento y la plena aplicaci\u00f3n de la Ley sobre Juntas de Vecinos y dem\u00e1s organizaciones comunitarias; adem\u00e1s de promover la organizaci\u00f3n, participaci\u00f3n y desarrollo de los dirigentes y pobladores de cada unidad vecinal, de acuerdo a sus propios intereses y necesidades.<\/p>\n<p>As\u00ed mismo, asesora y capacita a las juntas de vecinos y dem\u00e1s organizaciones comunitarias para su participaci\u00f3n en los proyectos del Fondo de Desarrollo vecinal y los distintos fondos concursables existentes y coordina los esfuerzos de todas las organizaciones vecinales y vecinos en general, para la soluci\u00f3n de sus problemas y transformarles en motores de su propio desarrollo.<\/p>\n<p>Actualiza permanentemente los registros de las organizaciones sociales, manteniendo actualizadas la informaci\u00f3n sobre las directivas y ubicaci\u00f3n de las sedes sociales.[\/vc_column_text][\/vc_column][vc_column width=&#8221;1\/3&#8243;][vc_custom_heading text=&#8221;ENCARGADO&#8221; font_container=&#8221;tag:h2|text_align:center|color:%230a0a0a&#8221; use_theme_fonts=&#8221;yes&#8221;][vc_single_image image=&#8221;26413&#8243; img_size=&#8221;medium&#8221; alignment=&#8221;center&#8221;][vc_column_text]<\/p>\n<h4 style=\"text-align: center;\"><span style=\"color: #000000;\"><strong>Mauricio Jaque<\/strong><\/span><\/h4>\n<p style=\"text-align: center;\"><span style=\"color: #000000;\">652538039<\/span><br \/>\n<span style=\"color: #000000;\">652538036<\/span><br \/>\n<span style=\"color: #000000;\">mjaque@municipalidadcastro.cl<\/span><\/p>\n<p>[\/vc_column_text][\/vc_column][\/vc_row]<\/p>\n<\/section>","protected":false},"excerpt":{"rendered":"<p>[vc_row][vc_column width=&#8221;2\/3&#8243;][vc_column_text]Su misi\u00f3n es asesorar a las organizaciones de la comuna en todas aquellas materias que permitan facilitar su constituci\u00f3n y funcionamiento y la plena aplicaci\u00f3n de la Ley sobre Juntas de Vecinos y dem\u00e1s organizaciones comunitarias; adem\u00e1s de promover la organizaci\u00f3n, participaci\u00f3n y desarrollo de los dirigentes y pobladores de cada unidad vecinal, de [&hellip;]<\/p>\n","protected":false},"author":7,"featured_media":0,"parent":2050,"menu_order":0,"comment_status":"closed","ping_status":"closed","template":"","meta":{"footnotes":""},"class_list":["post-2219","page","type-page","status-publish","hentry"],"publishpress_future_action":{"enabled":false,"date":"2026-05-12 06:07:35","action":"change-status","newStatus":"draft","terms":[],"taxonomy":""},"publishpress_future_workflow_manual_trigger":{"enabledWorkflows":[]},"_links":{"self":[{"href":"https:\/\/www.municipalidadcastro.cl\/index.php?rest_route=\/wp\/v2\/pages\/2219","targetHints":{"allow":["GET"]}}],"collection":[{"href":"https:\/\/www.municipalidadcastro.cl\/index.php?rest_route=\/wp\/v2\/pages"}],"about":[{"href":"https:\/\/www.municipalidadcastro.cl\/index.php?rest_route=\/wp\/v2\/types\/page"}],"author":[{"embeddable":true,"href":"https:\/\/www.municipalidadcastro.cl\/index.php?rest_route=\/wp\/v2\/users\/7"}],"replies":[{"embeddable":true,"href":"https:\/\/www.municipalidadcastro.cl\/index.php?rest_route=%2Fwp%2Fv2%2Fcomments&post=2219"}],"version-history":[{"count":15,"href":"https:\/\/www.municipalidadcastro.cl\/index.php?rest_route=\/wp\/v2\/pages\/2219\/revisions"}],"predecessor-version":[{"id":26408,"href":"https:\/\/www.municipalidadcastro.cl\/index.php?rest_route=\/wp\/v2\/pages\/2219\/revisions\/26408"}],"up":[{"embeddable":true,"href":"https:\/\/www.municipalidadcastro.cl\/index.php?rest_route=\/wp\/v2\/pages\/2050"}],"wp:attachment":[{"href":"https:\/\/www.municipalidadcastro.cl\/index.php?rest_route=%2Fwp%2Fv2%2Fmedia&parent=2219"}],"curies":[{"name":"wp","href":"https:\/\/api.w.org\/{rel}","templated":true}]}}