{"id":2215,"date":"2018-06-26T16:13:01","date_gmt":"2018-06-26T20:13:01","guid":{"rendered":"http:\/\/www.castromunicipio.cl\/?page_id=2215"},"modified":"2025-03-19T14:44:15","modified_gmt":"2025-03-19T17:44:15","slug":"departamento-de-transito-y-transporte-publico","status":"publish","type":"page","link":"https:\/\/www.municipalidadcastro.cl\/?page_id=2215","title":{"rendered":"Direcci\u00f3n de Tr\u00e1nsito y Transporte P\u00fablico"},"content":{"rendered":"<section class=\"wpb-content-wrapper\"><p>[vc_row][vc_column width=&#8221;2\/3&#8243;][vc_column_text]LA DIRECCION DE TRANSITO Y TRANSPORTE PUBLICO es una unidad asesora y operativa que tiene como objeto servir a la comunidad. Sus labores son:<\/p>\n<ul>\n<li>Otorgar y renovar licencias de conducir veh\u00edculos y permisos de circulaci\u00f3n.<\/li>\n<li>Determinar el sentido de circulaci\u00f3n de veh\u00edculos, en coordinaci\u00f3n con los organismos de la Administraci\u00f3n del Estado competentes.<\/li>\n<li>Se\u00f1alizar adecuadamente las v\u00edas p\u00fablicas.<\/li>\n<li>Aplicar las normas generales sobre tr\u00e1nsito y transporte p\u00fablico en la comuna.<\/li>\n<li>Fiscalizar el cumplimiento de las disposiciones legales en materia de tr\u00e1nsito y transporte p\u00fablico en la comuna.<\/li>\n<li>Estudiar y proponer medidas de regularizaci\u00f3n y mejoramiento de los sistemas de tr\u00e1nsito en la Comuna.<\/li>\n<li>Planificar y controlar programas de mantenci\u00f3n de dispositivos de se\u00f1alizaci\u00f3n de tr\u00e1nsito.<\/li>\n<li>Estudiar e informar cuando corresponda los estacionamientos, terminales y otros que puedan afectar la circulaci\u00f3n vehicular o peatonal.<\/li>\n<\/ul>\n<p>&nbsp;<\/p>\n<h2><strong>TR\u00c1MITES<\/strong><\/h2>\n<h4>A.- LICENCIAS DE CONDUCI\u00d3N<\/h4>\n<h5><img loading=\"lazy\" decoding=\"async\" class=\"alignnone size-medium wp-image-24382\" src=\"https:\/\/www.castromunicipio.cl\/wp-content\/uploads\/2024\/06\/Ruta-Licencia-de-conducir.jpg\" alt=\"\" width=\"1\" height=\"1\" \/><img loading=\"lazy\" decoding=\"async\" class=\" wp-image-24454 alignleft\" src=\"https:\/\/www.castromunicipio.cl\/wp-content\/uploads\/2024\/06\/Ruta-Licencia-de-conducir-01-1-225x300.png\" alt=\"\" width=\"292\" height=\"390\" srcset=\"https:\/\/www.municipalidadcastro.cl\/wp-content\/uploads\/2024\/06\/Ruta-Licencia-de-conducir-01-1-225x300.png 225w, https:\/\/www.municipalidadcastro.cl\/wp-content\/uploads\/2024\/06\/Ruta-Licencia-de-conducir-01-1-768x1024.png 768w, https:\/\/www.municipalidadcastro.cl\/wp-content\/uploads\/2024\/06\/Ruta-Licencia-de-conducir-01-1-1152x1536.png 1152w\" sizes=\"auto, (max-width: 292px) 100vw, 292px\" \/><\/h5>\n<h5><strong>Circuitos \u00e9xamenes pr\u00e1cticos:<\/strong><\/h5>\n<div><\/div>\n<h5>1.- Circuito 1 &#8211; licencia B<\/h5>\n<h5>2.- Circuito 2 &#8211; licencia B<\/h5>\n<h5>3.- Circuito 3 &#8211; licencias profesionales<\/h5>\n<div><\/div>\n<div><\/div>\n<div><\/div>\n<h5><strong>Plano en detalle\u00a0 <a href=\"https:\/\/www.castromunicipio.cl\/wp-content\/uploads\/2024\/06\/Ruta-Licencia-de-conducir-01-1.pdf\">Descargar aqu\u00ed<\/a><\/strong><\/h5>\n<p>&nbsp;<\/p>\n<p>&nbsp;<\/p>\n<p>&nbsp;<\/p>\n<p>&nbsp;<\/p>\n<h5 style=\"text-align: justify;\"><strong>1.-Obtenci\u00f3n Licencia <\/strong><strong>de \u00a0Conducir <\/strong><strong>clase B &#8211; C<\/strong><\/h5>\n<p style=\"text-align: justify;\">Tr\u00e1mite debe ser realizado presencialmente por el postulante. Requisitos <a href=\"https:\/\/www.castromunicipio.cl\/wp-content\/uploads\/2024\/06\/REQUISITOS-OBTENCION-LICENCIA-DE-CONDUCIR-CLASE-B.pdf\">Descargar aqu\u00ed<\/a><\/p>\n<h5 style=\"text-align: justify;\"><strong>2.- Obtenci\u00f3n Licencia de Conducir clase D<\/strong><\/h5>\n<p style=\"text-align: justify;\">Tr\u00e1mite debe ser realizado presencialmente por el postulante. Requisitos <a href=\"https:\/\/www.castromunicipio.cl\/wp-content\/uploads\/2024\/06\/REQUISITOS-OBTENCION-LICENCIA-DE-CONDUCIR-CLASE-D.pdf\">Descargar aqu\u00ed<\/a><\/p>\n<h5 style=\"text-align: justify;\"><strong>3.-Obtenci\u00f3n Licencia de Conducir clase F<\/strong><\/h5>\n<p style=\"text-align: justify;\">Tr\u00e1mite debe ser realizado presencialmente por el postulante. Requisitos <a href=\"https:\/\/www.castromunicipio.cl\/wp-content\/uploads\/2024\/06\/REQUISITOS-OBTENCION-LICENCIA-DE-CONDUCIR-CLASE-F.pdf\">Descargar aqu\u00ed<\/a><\/p>\n<h5 style=\"text-align: justify;\"><strong>4.-Obtenci\u00f3n licencia profesional A2 &#8211; A4<\/strong><\/h5>\n<p style=\"text-align: justify;\">Tr\u00e1mite debe ser realizado presencialmente por el postulante. Requisitos <a href=\"https:\/\/www.castromunicipio.cl\/wp-content\/uploads\/2024\/06\/REQUISITOS-OBTENCION-LICENCIA-DE-CONDUCIR-PROFESIONAL-A2-A4.pdf\">Descargar aqu\u00ed<\/a><\/p>\n<h5 style=\"text-align: justify;\"><strong>5.- Obtenci\u00f3n Licencia de Conducir clases profesionales A3 &#8211; A5<\/strong><\/h5>\n<p style=\"text-align: justify;\">Tr\u00e1mite debe ser realizado presencialmente por el postulante. Requisitos <a href=\"https:\/\/www.castromunicipio.cl\/wp-content\/uploads\/2024\/06\/REQUISITOS-OBTENCION-LICENCIA-DE-CONDUCIR-PROFESIONAL-A3-A5.pdf\">Descargar aqu\u00ed<\/a><\/p>\n<h5 style=\"text-align: justify;\"><strong>6.-Renovaci\u00f3n Licencia de Conducir<\/strong><\/h5>\n<p style=\"text-align: justify;\">Tr\u00e1mite debe ser realizado presencialmente por el postulante. Requisitos <a href=\"https:\/\/www.castromunicipio.cl\/wp-content\/uploads\/2024\/06\/REQUISITOS-RENOVACION-LICENCIA-DE-CONDUCIR.pdf\">Descargar aqu\u00ed<\/a><\/p>\n<h5 style=\"text-align: justify;\"><strong>7.- Duplicado Licencia de Conducir por p\u00e9rdida<\/strong><\/h5>\n<p style=\"text-align: justify;\">Tr\u00e1mite debe ser realizado presencialmente por el postulante. Requisitos <a href=\"https:\/\/www.castromunicipio.cl\/wp-content\/uploads\/2024\/06\/REQUISITOS-RENOVACION-LICENCIA-DE-CONDUCIR-1.pdf\">Descargar aqu\u00ed<\/a><\/p>\n<h5 style=\"text-align: justify;\"><strong>8.- Duplicado Licencia de Conducir por deterioro<\/strong><\/h5>\n<p style=\"text-align: justify;\">Tr\u00e1mite debe ser realizado presencialmente por el postulante. Requisitos\u00a0 <a href=\"https:\/\/www.castromunicipio.cl\/wp-content\/uploads\/2024\/06\/REQUISITOS-PARA-OBTENER-DUPLICADO-DE-CEDULA-POR-DETERIORO.pdf\">Descargar aqu\u00ed<\/a><\/p>\n<h5 style=\"text-align: justify;\"><strong>9.-Cambio Domicilio Licencia de Conducir<\/strong><\/h5>\n<p style=\"text-align: justify;\">Tr\u00e1mite debe ser realizado presencialmente por el postulante.Requisitos\u00a0 <a href=\"https:\/\/www.castromunicipio.cl\/wp-content\/uploads\/2024\/06\/REQUISITOS-PARA-REALIZAR-CAMBIO-DE-DOMICILIO-DE-LA-LICENCIA-DE-CONDUCIR.pdf\">Descargar aqu\u00ed<\/a><\/p>\n<h5 style=\"text-align: justify;\"><strong>10.-Cambio Nombres y Apellidos<\/strong><\/h5>\n<p style=\"text-align: justify;\">Tr\u00e1mite debe ser realizado presencialmente por el postulante. Requisitos <a href=\"https:\/\/www.castromunicipio.cl\/wp-content\/uploads\/2024\/06\/REQUISITOS-PARA-REALIZAR-CAMBIO-DE-NOMBRES-Y-APELLIDOS-EN-LICENCIA-DE-CONDUCIR.pdf\">Descargar aqu\u00ed<\/a><\/p>\n<h5 style=\"text-align: justify;\"><strong>11.-Canje de Licencia Conducir PERU \u2013 ESPA\u00d1A- ARGENTINA \u2013 ECUADOR \u2013 COREA DEL SUR Y PARAGUAY<\/strong><\/h5>\n<p style=\"text-align: justify;\">Tr\u00e1mite debe ser realizado presencialmente por el postulante. Requisitos <a href=\"https:\/\/www.castromunicipio.cl\/wp-content\/uploads\/2024\/06\/REQUISITOS-PARA-CANJE-DE-LICENCIA-CONDUCIR-PERU.pdf\">Descargar aqu\u00ed<\/a><\/p>\n<h5 style=\"text-align: justify;\"><strong>12.-Reconocimiento Licencia Conducir COLOMBIA \u2013 JAPON<\/strong><\/h5>\n<p style=\"text-align: justify;\">Tr\u00e1mite debe ser realizado presencialmente por el postulante. Requisitos <a href=\"https:\/\/www.castromunicipio.cl\/wp-content\/uploads\/2024\/06\/REQUISITOS-PARA-RECONOCIMIENTO-LICENCIA-CONDUCIR-COLOMBIA.pdf\">Descargar aqu\u00ed<\/a><\/p>\n<h4><\/h4>\n<h4><\/h4>\n<h4>B.-PERMISOS DE CIRCULACI\u00d3N<\/h4>\n<h5 style=\"text-align: justify;\"><strong>1.-Primer Permiso de Circulaci\u00f3n Veh\u00edculos Nuevos\u00a0<\/strong><\/h5>\n<p style=\"text-align: justify;\">Documentos y requisitos <a href=\"https:\/\/www.castromunicipio.cl\/wp-content\/uploads\/2024\/02\/Tram.-y-req.-PCV-Dir.-de-Transito-y-TTPP-2024-INFO.-WEB-ok.docx\">Descargar aqu\u00ed<\/a><\/p>\n<h5 style=\"text-align: justify;\"><strong>2.-Primera Inscripci\u00f3n Carros de Arrastre<\/strong><\/h5>\n<p style=\"text-align: justify;\">Documentos y requisitos <a href=\"https:\/\/www.castromunicipio.cl\/wp-content\/uploads\/2024\/02\/Tram.-y-req.-PCV-N\u00b0-2-Dir.-de-Transito-y-TTPP-2024-INFO.-WEB.docx\">Descargar aqu\u00ed<\/a><\/p>\n<h5 style=\"text-align: justify;\"><strong>3.- Permisos de circulaci\u00f3n Carros de Arrastre<\/strong><\/h5>\n<p style=\"text-align: justify;\">Documentos y requisitos <a href=\"https:\/\/www.castromunicipio.cl\/wp-content\/uploads\/2024\/02\/Tram.-y-req.-PCV-N\u00b0-3-Dir.-de-Transito-y-TTPP-2024-INFO.-WEB.docx\">Descargar aqu\u00ed<\/a><\/p>\n<h5 style=\"text-align: justify;\"><strong>4.- Renovaci\u00f3n Permiso de Circulaci\u00f3n Veh\u00edculos Particulares (Autom\u00f3viles, Station wagon, Jeep, camionetas etc.) Periodo Marzo<\/strong><\/h5>\n<p style=\"text-align: justify;\">Documentos y requisitos <a href=\"https:\/\/www.castromunicipio.cl\/wp-content\/uploads\/2024\/02\/Tram.-y-req.-PCV-N\u00b0-4-Dir.-de-Transito-y-TTPP-2024-INFO.-WEB.docx\">Descargar aqu\u00ed<\/a><\/p>\n<h5 style=\"text-align: justify;\"><strong>5.- Duplicado Permiso de circulaci\u00f3n<\/strong><\/h5>\n<p style=\"text-align: justify;\">Documentos y requisitos <a href=\"https:\/\/www.castromunicipio.cl\/wp-content\/uploads\/2024\/02\/Tram.-y-req.-PCV-N\u00b0-5-Dir.-de-Transito-y-TTPP-2024-INFO.-WEB.docx\">Descargar aqu\u00ed<\/a><\/p>\n<h5 style=\"text-align: justify;\"><strong>6.- Renovaci\u00f3n de permisos de circulaci\u00f3n Veh\u00edculos de locomoci\u00f3n colectiva de pasajeros Privado remunerado ( Taxis, Furgones escolares y de pasajeros, Minibuses privado remunerados, buses ,etc) Periodo Mayo<\/strong><\/h5>\n<p style=\"text-align: justify;\">Documentos y requisitos <a href=\"https:\/\/www.castromunicipio.cl\/wp-content\/uploads\/2024\/02\/Tram.-y-req.-PCV-N\u00b0-6-Dir.-de-Transito-y-TTPP-2024-INFO.-WEB.docx\">Descargar aqu\u00ed<\/a><\/p>\n<h5 style=\"text-align: justify;\"><strong> 7.- Inscripci\u00f3n de Taxi (colectivo, ejecutivo, b\u00e1sico, etc) por reemplazo del registro nacional de servicio de transporte de pasajeros<\/strong><\/h5>\n<p style=\"text-align: justify;\">Documentos y requisitos <a href=\"https:\/\/www.castromunicipio.cl\/wp-content\/uploads\/2024\/02\/Tram.-y-req.-PCV-N\u00b0-7-Dir.-de-Transito-y-TTPP-2024-INFO.-WEB.docx\">Descargar aqu\u00ed<\/a><\/p>\n<h5 style=\"text-align: justify;\"><strong>8.- Duplicado de placas de carros de arrastre en caso de p\u00e9rdida de la placa patente<\/strong><\/h5>\n<p style=\"text-align: justify;\">Documentos y requisitos <a href=\"https:\/\/www.castromunicipio.cl\/wp-content\/uploads\/2024\/02\/Tram.-y-req.-PCV-N\u00b0-8-Dir.-de-Transito-y-TTPP-2024-INFO.-WEB.docx\">Descargar aqu\u00ed<\/a><\/p>\n<h5 style=\"text-align: justify;\"><strong>9.-Renovaci\u00f3n de veh\u00edculos pesados (Camiones, Remolques, Tractores, Tractocamiones, Semiremolques, etc) Periodo Septiembre<\/strong><\/h5>\n<p style=\"text-align: justify;\">Documentos y requisitos <a href=\"https:\/\/www.castromunicipio.cl\/wp-content\/uploads\/2024\/02\/Tram.-y-req.-PCV-N\u00b0-9-Dir.-de-Transito-y-TTPP-2024-INFO.-WEB.docx\">Descargar aqu\u00ed<\/a><\/p>\n<h5 style=\"text-align: justify;\"><strong>10.-Permiso de Provisorio de Circulaci\u00f3n Decreto de ley Rentas y Patentes N\u00b03063 Art 14 Letra C (Por traslado desde un veh\u00edculo desde punto a otro)<\/strong><\/h5>\n<p style=\"text-align: justify;\">Documentos y requisitos <a href=\"https:\/\/www.castromunicipio.cl\/wp-content\/uploads\/2024\/02\/Tram.-y-req.-PCV-N\u00b0-10-Dir.-de-Transito-y-TTPP-2024-INFO.-WEB.docx\">Descargar aqu\u00ed<\/a><\/p>\n<h5 style=\"text-align: justify;\"><strong> 11.- Ley N\u00b0 18.440 Para acogerse a la exenci\u00f3n de pago de permiso de circulaci\u00f3n y Decreto ley n\u00b03063 art 16<\/strong><\/h5>\n<p style=\"text-align: justify;\">Documentos y requisitos <a href=\"https:\/\/www.castromunicipio.cl\/wp-content\/uploads\/2024\/02\/Tram.-y-req.-PCV-N\u00b0-11-Dir.-de-Transito-y-TTPP-2024-INFO.-WEB.docx\">Descargar aqu\u00ed<\/a><\/p>\n<p>[\/vc_column_text][\/vc_column][vc_column width=&#8221;1\/3&#8243;][vc_custom_heading text=&#8221;DIRECTOR&#8221; font_container=&#8221;tag:h2|text_align:center|color:%230a0a0a&#8221; use_theme_fonts=&#8221;yes&#8221;][vc_single_image image=&#8221;26388&#8243; img_size=&#8221;medium&#8221; alignment=&#8221;center&#8221;][vc_column_text]<\/p>\n<h4 style=\"text-align: center;\"><span style=\"color: #000000;\"><strong>Karl Kresta Vargas\u00a0<\/strong><\/span><\/h4>\n<p style=\"text-align: center;\"><span style=\"color: #000000;\">652538010<\/span><br \/>\n<span style=\"color: #000000;\">652635176<\/span><\/p>\n<p style=\"text-align: center;\"><span style=\"color: #000000;\">transito@municipalidadcastro.cl<\/span><\/p>\n<p>[\/vc_column_text][vc_tta_accordion][vc_tta_section title=&#8221;JEFATURA DE LICENCIAS DE CONDUCIR Y PERMISOS DE CIRCULACION&#8221; tab_id=&#8221;1742397119732-95c87e7a-c60c&#8221;][vc_column_text]ELSA JEANNETTE MANCILLA GALLARDO<\/p>\n<p><strong>E-Mail:<\/strong> emansilla@municipalidadcastro.cl[\/vc_column_text][\/vc_tta_section][vc_tta_section title=&#8221;ENCARGADA DPTO. LICENCIA DE CONDUCIR &#8221; tab_id=&#8221;1742397204597-1b4345d9-ccc2&#8243;][vc_column_text]MARINA ABIGAIL VERA MAIMAE<\/p>\n<p><strong>E-Mail:<\/strong> marina.vera@municipalidadcastro.cl[\/vc_column_text][\/vc_tta_section][vc_tta_section title=&#8221;ENCARGADA DEPTO. PERMISO DE CIRCULACION &#8221; tab_id=&#8221;1742397307395-9b5793c6-069e&#8221;][vc_column_text]CECILIA ISABEL IMIGO NAVARRO<\/p>\n<p><strong>E-Mail:<\/strong> permisosdecirculacion@municipalidadcastro.cl[\/vc_column_text][\/vc_tta_section][vc_tta_section title=&#8221;ADMINISTRATIVA DEL DPTO. LICENCIA DE CONDUCIR&#8221; tab_id=&#8221;1742397345433-ace36978-ecef&#8221;][vc_column_text]ANYELA CAMILA AGUILA RUMIPILLAN<\/p>\n<p><strong>E-Mail:<\/strong> anyela.aguila@municipalidadcastro.cl<\/p>\n<p>CATALINA PILAR OLGUIN CALDERON<\/p>\n<p><strong>E-Mail:<\/strong> catalina.olguin@municipalidadcastro.cl[\/vc_column_text][\/vc_tta_section][vc_tta_section title=&#8221;EXAMINADOR PRACTICO DEL DPTO. LICENCIA DE CONDUCIR&#8221; tab_id=&#8221;1742397515994-20656536-813f&#8221;][vc_column_text]MANUEL GREGORIO CONTRERAS FUENTES<\/p>\n<p><strong>E-Mail:<\/strong> gestionvial@municipalidadcastro.cl[\/vc_column_text][\/vc_tta_section][vc_tta_section title=&#8221;ENCARGADO APARCADERO Y GESTION VIAL &#8211; ITS &#8221; tab_id=&#8221;1742397797328-71f5b9d5-b4eb&#8221;][vc_column_text]EDUARDO PATRICIO ARTEAGA CATELICAN<\/p>\n<p><strong>E-Mail:<\/strong> earteaga@municipalidadcastro.cl[\/vc_column_text][\/vc_tta_section][vc_tta_section title=&#8221;SECRETARIA ADMINISTRATIVA&#8221; tab_id=&#8221;1742398179143-938cd680-484e&#8221;][vc_column_text]PAMELA ANDREA ANDRADE TRUJILLO<\/p>\n<p><strong>E-Mail:<\/strong> pamela.andrade@municipalidadcastro.cl[\/vc_column_text][\/vc_tta_section][vc_tta_section title=&#8221;ADMINISTRATIVA DEL DPTO. PERMISO DE CIRCULACION&#8221; tab_id=&#8221;1742398222155-20708493-59fd&#8221;][vc_column_text]MACARENA PAZ PEREZ VARGAS<\/p>\n<p><strong>E-Mail:<\/strong> mperez@municipalidadcastro.cl[\/vc_column_text][\/vc_tta_section][vc_tta_section title=&#8221;TECNICO DEL DPTO. LICENCIA DE CONDUCIR&#8221; tab_id=&#8221;1742398248052-ae35a729-7d3b&#8221;][vc_column_text]VER\u00d3NICA ODETTE SILVA AG\u00dcERO<\/p>\n<p><strong>E-Mail:<\/strong> veronica.silva@municipalidadcastro.cl[\/vc_column_text][\/vc_tta_section][vc_tta_section title=&#8221;ADMINISTRATIVO DEL DPTO. LICENCIA DE CONDUCIR&#8221; tab_id=&#8221;1742398325480-b3d8cc27-d67e&#8221;][vc_column_text]LUIS ARMANDO MU\u00d1OZ SOTO<\/p>\n<p><strong>E-Mail:<\/strong> lmunoz@municipalidadcastro.cl[\/vc_column_text][\/vc_tta_section][\/vc_tta_accordion][\/vc_column][\/vc_row]<\/p>\n<\/section>","protected":false},"excerpt":{"rendered":"<p>[vc_row][vc_column width=&#8221;2\/3&#8243;][vc_column_text]LA DIRECCION DE TRANSITO Y TRANSPORTE PUBLICO es una unidad asesora y operativa que tiene como objeto servir a la comunidad. Sus labores son: Otorgar y renovar licencias de conducir veh\u00edculos y permisos de circulaci\u00f3n. Determinar el sentido de circulaci\u00f3n de veh\u00edculos, en coordinaci\u00f3n con los organismos de la Administraci\u00f3n del Estado competentes. Se\u00f1alizar [&hellip;]<\/p>\n","protected":false},"author":7,"featured_media":0,"parent":2050,"menu_order":0,"comment_status":"closed","ping_status":"closed","template":"","meta":{"footnotes":""},"class_list":["post-2215","page","type-page","status-publish","hentry"],"publishpress_future_action":{"enabled":false,"date":"2026-04-25 06:16:20","action":"change-status","newStatus":"draft","terms":[],"taxonomy":""},"publishpress_future_workflow_manual_trigger":{"enabledWorkflows":[]},"_links":{"self":[{"href":"https:\/\/www.municipalidadcastro.cl\/index.php?rest_route=\/wp\/v2\/pages\/2215","targetHints":{"allow":["GET"]}}],"collection":[{"href":"https:\/\/www.municipalidadcastro.cl\/index.php?rest_route=\/wp\/v2\/pages"}],"about":[{"href":"https:\/\/www.municipalidadcastro.cl\/index.php?rest_route=\/wp\/v2\/types\/page"}],"author":[{"embeddable":true,"href":"https:\/\/www.municipalidadcastro.cl\/index.php?rest_route=\/wp\/v2\/users\/7"}],"replies":[{"embeddable":true,"href":"https:\/\/www.municipalidadcastro.cl\/index.php?rest_route=%2Fwp%2Fv2%2Fcomments&post=2215"}],"version-history":[{"count":35,"href":"https:\/\/www.municipalidadcastro.cl\/index.php?rest_route=\/wp\/v2\/pages\/2215\/revisions"}],"predecessor-version":[{"id":26833,"href":"https:\/\/www.municipalidadcastro.cl\/index.php?rest_route=\/wp\/v2\/pages\/2215\/revisions\/26833"}],"up":[{"embeddable":true,"href":"https:\/\/www.municipalidadcastro.cl\/index.php?rest_route=\/wp\/v2\/pages\/2050"}],"wp:attachment":[{"href":"https:\/\/www.municipalidadcastro.cl\/index.php?rest_route=%2Fwp%2Fv2%2Fmedia&parent=2215"}],"curies":[{"name":"wp","href":"https:\/\/api.w.org\/{rel}","templated":true}]}}