{"id":2204,"date":"2018-06-26T12:37:08","date_gmt":"2018-06-26T16:37:08","guid":{"rendered":"http:\/\/www.castromunicipio.cl\/?page_id=2204"},"modified":"2024-12-13T10:05:03","modified_gmt":"2024-12-13T13:05:03","slug":"secretaria-municipal","status":"publish","type":"page","link":"https:\/\/www.municipalidadcastro.cl\/?page_id=2204","title":{"rendered":"Secretar\u00eda Municipal"},"content":{"rendered":"<section class=\"wpb-content-wrapper\"><p>[vc_row][vc_column width=&#8221;2\/3&#8243;][vc_column_text]Las funciones del Secretario Municipal de acuerdo a la Ley N\u00ba18.695, Art. 20.(Org\u00e1nica Constitucional de Municipalidades) son :<\/p>\n<p>A)Dirigir las actividades de Secretar\u00eda administrativa del Alcalde y Concejo Municipal.<\/p>\n<p>B)Desempe\u00f1arse como Ministro de Fe en todas las actuaciones municipales.<\/p>\n<p>C)Recibir, mantener y tramitar, cuando corresponda, la declaraci\u00f3n de intereses de los funcionarios municipales establecida por la Ley N\u00ba18.575.<\/p>\n<p>Las funciones especificas de la Secretar\u00eda Municipal son :<\/p>\n<p>1. Inscripci\u00f3n en el Registro de Personer\u00eda Jur\u00eddica a Juntas de Vecinos y dem\u00e1s organizaciones comunitarias. (Ley N\u00ba19.418).<\/p>\n<p>2. Inscripci\u00f3n en el Registro de Instituciones Receptoras de Fondos P\u00fablicos a Juntas de Vecinos y dem\u00e1s organizaciones comunitarias.(Ley N\u00ba19.862).<\/p>\n<p>3. Protocolizaci\u00f3n y certificaci\u00f3n de personer\u00eda jur\u00eddica y de directivas vigentes a Juntas de Vecinos y dem\u00e1s organizaciones comunitarias.( Ley N\u00ba19.418.).<\/p>\n<p>4. Certificaci\u00f3n y protocolizaci\u00f3n de diversos documentos y valores de Juntas de Vecinos y dem\u00e1s organizaciones comunitarias.<\/p>\n<p>5. Redacci\u00f3n de oficios, decretos, circulares y comunicaciones .<\/p>\n<p>6. Confecci\u00f3n de actas y ejecuci\u00f3n de acuerdos emanados del Concejo Municipal.<\/p>\n<p>7. Efectuar labores administrativas emanadas de Oficinas de Alcald\u00eda, Secretar\u00eda y Concejo Municipal, adem\u00e1s de colaboraci\u00f3n a la Oficina de Gabinete Alcald\u00eda.<\/p>\n<p>8. Elaboraci\u00f3n de oficios, decretos exentos, decretos que otorgan aportes a organizaciones e instituciones.<\/p>\n<p>9. Confecci\u00f3n de certificados, memorandum, ordenes de servicio, solicitudes de pedido, autorizaciones circulaci\u00f3n veh\u00edculos municipales y de transbordo de estos.<\/p>\n<p>10. Atenci\u00f3n de p\u00fablico en Oficina de partes.<\/p>\n<p>11. Ingreso computacional de la correspondencia interna y externa que llega diariamente para Alcald\u00eda, y posterior despacho a los diferentes departamentos municipales, y a servicios p\u00fablicos, instituciones o particulares, seg\u00fan sea la materia.<\/p>\n<p>12. Trascripci\u00f3n computacional de las Actas del Concejo Municipal.<\/p>\n<p>13.Confecci\u00f3n computacional de listados de correspondencia despachada y recibida para cada sesi\u00f3n del Concejo Municipal.<\/p>\n<p>14. Confecci\u00f3n de certificados de Constituci\u00f3n y de vigencia de Personar\u00eda Jur\u00eddica de Juntas de Vecinos, y de Organizaciones Comunitarias (Ley N\u00ba19.418).<\/p>\n<p>15. Confecci\u00f3n de certificados de Juntas de Vecinos, instituciones y organizaciones, del Registro de Personas Jur\u00eddicas receptoras de Fondos Publicos.( Ley N\u00ba19.862.).<\/p>\n<p>16. Incorporaci\u00f3n en el Registro computacional de los aportes otorgados a instituciones y organizaciones, dando cumplimiento a lo establecido en la Ley N\u00ba19.862, para el ingreso de informaci\u00f3n del monto \u201creal utilizado\u201d al registro electr\u00f3nico\u00a0<a href=\"https:\/\/www.registros19862.cl\/\" target=\"_blank\" rel=\"noopener noreferrer\">www.registros19862.cl<\/a>, respecto del total de la transferencia otorgada, seg\u00fan informaci\u00f3n entregada por el Departamento de Finanzas del Municipio.<\/p>\n<p>17. Apoyo permanente en la inscripci\u00f3n y tr\u00e1mites de aceptaci\u00f3n de los aportes de recursos en la p\u00e1gina web\u00a0<a href=\"https:\/\/www.registros19862.cl\/\" target=\"_blank\" rel=\"noopener noreferrer\">www.registros19862.cl<\/a>, de las Juntas de Vecinos, organizaciones e instituciones que lo requieren.<\/p>\n<p>18. Clasificaci\u00f3n, archivo y legajo de documentaci\u00f3n correspondiente a Oficina de Secretar\u00eda y Concejo Municipal.<\/p>\n<p>19. Inscripci\u00f3n en el Registro de Microempresas Familiares a personas naturales que solicitan este servicio. (Ley No. 19.749)[\/vc_column_text][\/vc_column][vc_column width=&#8221;1\/3&#8243;][vc_custom_heading text=&#8221;ENCARGADO&#8221; font_container=&#8221;tag:h2|text_align:center|color:%230a0a0a&#8221; use_theme_fonts=&#8221;yes&#8221;][vc_single_image image=&#8221;2224&#8243; img_size=&#8221;medium&#8221; add_caption=&#8221;yes&#8221; alignment=&#8221;center&#8221;][vc_column_text]<\/p>\n<h4 style=\"text-align: center;\"><span style=\"color: #000000;\"><br \/>\n<strong>Dante Montiel<\/strong><\/span><\/h4>\n<p style=\"text-align: center;\"><span style=\"color: #000000;\">652538032<\/span><br \/>\n<span style=\"color: #000000;\">dmontiel@municipalidadcastro.cl<\/span><\/p>\n<p>[\/vc_column_text][\/vc_column][\/vc_row]<\/p>\n<\/section>","protected":false},"excerpt":{"rendered":"<p>[vc_row][vc_column width=&#8221;2\/3&#8243;][vc_column_text]Las funciones del Secretario Municipal de acuerdo a la Ley N\u00ba18.695, Art. 20.(Org\u00e1nica Constitucional de Municipalidades) son : A)Dirigir las actividades de Secretar\u00eda administrativa del Alcalde y Concejo Municipal. B)Desempe\u00f1arse como Ministro de Fe en todas las actuaciones municipales. C)Recibir, mantener y tramitar, cuando corresponda, la declaraci\u00f3n de intereses de los funcionarios municipales establecida [&hellip;]<\/p>\n","protected":false},"author":7,"featured_media":0,"parent":2050,"menu_order":0,"comment_status":"closed","ping_status":"closed","template":"","meta":{"footnotes":""},"class_list":["post-2204","page","type-page","status-publish","hentry"],"publishpress_future_action":{"enabled":false,"date":"2026-05-12 05:40:49","action":"change-status","newStatus":"draft","terms":[],"taxonomy":""},"publishpress_future_workflow_manual_trigger":{"enabledWorkflows":[]},"_links":{"self":[{"href":"https:\/\/www.municipalidadcastro.cl\/index.php?rest_route=\/wp\/v2\/pages\/2204","targetHints":{"allow":["GET"]}}],"collection":[{"href":"https:\/\/www.municipalidadcastro.cl\/index.php?rest_route=\/wp\/v2\/pages"}],"about":[{"href":"https:\/\/www.municipalidadcastro.cl\/index.php?rest_route=\/wp\/v2\/types\/page"}],"author":[{"embeddable":true,"href":"https:\/\/www.municipalidadcastro.cl\/index.php?rest_route=\/wp\/v2\/users\/7"}],"replies":[{"embeddable":true,"href":"https:\/\/www.municipalidadcastro.cl\/index.php?rest_route=%2Fwp%2Fv2%2Fcomments&post=2204"}],"version-history":[{"count":12,"href":"https:\/\/www.municipalidadcastro.cl\/index.php?rest_route=\/wp\/v2\/pages\/2204\/revisions"}],"predecessor-version":[{"id":25955,"href":"https:\/\/www.municipalidadcastro.cl\/index.php?rest_route=\/wp\/v2\/pages\/2204\/revisions\/25955"}],"up":[{"embeddable":true,"href":"https:\/\/www.municipalidadcastro.cl\/index.php?rest_route=\/wp\/v2\/pages\/2050"}],"wp:attachment":[{"href":"https:\/\/www.municipalidadcastro.cl\/index.php?rest_route=%2Fwp%2Fv2%2Fmedia&parent=2204"}],"curies":[{"name":"wp","href":"https:\/\/api.w.org\/{rel}","templated":true}]}}