{"id":2199,"date":"2018-06-26T12:31:04","date_gmt":"2018-06-26T16:31:04","guid":{"rendered":"http:\/\/www.castromunicipio.cl\/?page_id=2199"},"modified":"2025-03-20T14:47:45","modified_gmt":"2025-03-20T17:47:45","slug":"departamento-juridico","status":"publish","type":"page","link":"https:\/\/www.municipalidadcastro.cl\/?page_id=2199","title":{"rendered":"Direcci\u00f3n Jur\u00eddica"},"content":{"rendered":"<section class=\"wpb-content-wrapper\"><p>[vc_row vc_row_background=&#8221;&#8221;][vc_column width=&#8221;2\/3&#8243;][vc_column_text]\u201cEl Departamento Jur\u00eddico de la Ilustre Municipalidad de Castro tiene dos competencias claramente determinadas, estas son:<\/p>\n<p><b>Asesor\u00eda Jur\u00eddica<\/b><br \/>\nUn de las principales tareas, dentro de esta competencia es a requerimiento del Alcalde, iniciar y defender los juicios en que la Municipalidad sea parte o tenga inter\u00e9s.<\/p>\n<p>Adem\u00e1s debe prestar asesor\u00eda jur\u00eddica o defensa de la comunidad cuando sea procedente y la autoridad as\u00ed lo determine.<\/p>\n<p>Le corresponde al asesor jur\u00eddico municipal informar en derecho todos los asuntos legales que el Concejo y las unidades municipales le planteen, manteniendo un archivo actualizado, para lo cual deber\u00e1 considerar la jurisprudencia de la Contralor\u00eda General de la Rep\u00fablica.<\/p>\n<p>Por \u00faltimo le corresponde efectuar las investigaciones y sumarios administrativos cuando lo ordene el Alcalde, o ejercer la supervigilancia en la substanciaci\u00f3n de estos procedimientos cuando sean encargados a funcionarios de otras unidades.<\/p>\n<p><b>Contralor\u00eda<\/b><br \/>\nEsta competencia se expresa fundamentalmente en realizar la auditoria operativa interna de la Municipalidad con el objeto de fiscalizar la legalidad y eficiencia de su actuaci\u00f3n.<\/p>\n<p>Comprende adem\u00e1s controlar la ejecuci\u00f3n financiera y presupuestaria del Municipio.<\/p>\n<p>Tiene la obligaci\u00f3n de representar al Alcalde los actos municipales cuando los estime ilegales, informando de ello al Concejo, para cuyo objetivo tendr\u00e1 acceso a toda la documentaci\u00f3n pertinente.<\/p>\n<p>Colaborar directamente con el Concejo para el ejercicio de sus funciones fiscalizadoras. Para estos efectos, emitir\u00e1 un informe trimestral acerca del estado de avance del ejercicio program\u00e1tico presupuestario. En todo caso, deber\u00e1 dar respuesta por escrito a las consultas.<\/p>\n<p>Asesorar al Concejo en la definici\u00f3n y evaluaci\u00f3n de la auditor\u00eda externa que aquel puede requerir en virtud de la Ley Org\u00e1nica Constitucional de Municipalidades.<\/p>\n<p>Otras funciones que la ley se\u00f1ale o que el Alcalde le asigne de conformidad a la legislaci\u00f3n vigente.[\/vc_column_text][\/vc_column][vc_column width=&#8221;1\/3&#8243;][vc_column_text]<\/p>\n<h4 style=\"text-align: center;\"><\/h4>\n<p style=\"text-align: center;\"><span style=\"color: #000000;\">658538007<\/span><br \/>\n<span style=\"color: #000000;\">direccionjuridica@municipalidadcastro.cl<\/span><\/p>\n<p>[\/vc_column_text][vc_text_separator title=&#8221;DEPARTAMENTO DE ASESOR\u00cdA JUR\u00cdDICA&#8221;][vc_tta_accordion active_section=&#8221;1&#8243; collapsible_all=&#8221;true&#8221;][vc_tta_section title=&#8221;ABOGADO (A)&#8221; tab_id=&#8221;1742240468874-72b733d3-c6dc&#8221;][vc_column_text]DENIS CAROLINA URRUTIA FUENTEALBA<\/p>\n<p><strong>E-Mail:<\/strong> denis.urrutia@municipalidadcastro.cl<\/p>\n<p>MIGUEL \u00c1NGEL P\u00c9REZ LOHSE<\/p>\n<p><strong>E-Mail:<\/strong> miguel.perez@municipalidadcastro.cl[\/vc_column_text][\/vc_tta_section][vc_tta_section title=&#8221;ASESORA JUR\u00cdDICA&#8221; tab_id=&#8221;1742240468883-ae9d0be1-71f7&#8243;][vc_column_text]ANA MAR\u00cdA PODLECH P\u00c9REZ<\/p>\n<p><strong>E-Mail:<\/strong> anamaria.podlech@municipalidadcastro.cl[\/vc_column_text][\/vc_tta_section][vc_tta_section title=&#8221;ADMINISTRATIVA&#8221; tab_id=&#8221;1742240789605-0d45dbcc-97eb&#8221;][vc_column_text]BRENDA NICKOL AGUILAR ROSAS<\/p>\n<p><strong>E-Mail:<\/strong> brenda.aguilar@municipalidadcastro.cl[\/vc_column_text][\/vc_tta_section][\/vc_tta_accordion][\/vc_column][\/vc_row]<\/p>\n<\/section>","protected":false},"excerpt":{"rendered":"<p>[vc_row vc_row_background=&#8221;&#8221;][vc_column width=&#8221;2\/3&#8243;][vc_column_text]\u201cEl Departamento Jur\u00eddico de la Ilustre Municipalidad de Castro tiene dos competencias claramente determinadas, estas son: Asesor\u00eda Jur\u00eddica Un de las principales tareas, dentro de esta competencia es a requerimiento del Alcalde, iniciar y defender los juicios en que la Municipalidad sea parte o tenga inter\u00e9s. Adem\u00e1s debe prestar asesor\u00eda jur\u00eddica o defensa [&hellip;]<\/p>\n","protected":false},"author":7,"featured_media":0,"parent":2050,"menu_order":0,"comment_status":"closed","ping_status":"closed","template":"","meta":{"footnotes":""},"class_list":["post-2199","page","type-page","status-publish","hentry"],"publishpress_future_action":{"enabled":false,"date":"2026-05-12 05:36:59","action":"change-status","newStatus":"draft","terms":[],"taxonomy":""},"publishpress_future_workflow_manual_trigger":{"enabledWorkflows":[]},"_links":{"self":[{"href":"https:\/\/www.municipalidadcastro.cl\/index.php?rest_route=\/wp\/v2\/pages\/2199","targetHints":{"allow":["GET"]}}],"collection":[{"href":"https:\/\/www.municipalidadcastro.cl\/index.php?rest_route=\/wp\/v2\/pages"}],"about":[{"href":"https:\/\/www.municipalidadcastro.cl\/index.php?rest_route=\/wp\/v2\/types\/page"}],"author":[{"embeddable":true,"href":"https:\/\/www.municipalidadcastro.cl\/index.php?rest_route=\/wp\/v2\/users\/7"}],"replies":[{"embeddable":true,"href":"https:\/\/www.municipalidadcastro.cl\/index.php?rest_route=%2Fwp%2Fv2%2Fcomments&post=2199"}],"version-history":[{"count":11,"href":"https:\/\/www.municipalidadcastro.cl\/index.php?rest_route=\/wp\/v2\/pages\/2199\/revisions"}],"predecessor-version":[{"id":26847,"href":"https:\/\/www.municipalidadcastro.cl\/index.php?rest_route=\/wp\/v2\/pages\/2199\/revisions\/26847"}],"up":[{"embeddable":true,"href":"https:\/\/www.municipalidadcastro.cl\/index.php?rest_route=\/wp\/v2\/pages\/2050"}],"wp:attachment":[{"href":"https:\/\/www.municipalidadcastro.cl\/index.php?rest_route=%2Fwp%2Fv2%2Fmedia&parent=2199"}],"curies":[{"name":"wp","href":"https:\/\/api.w.org\/{rel}","templated":true}]}}