{"id":2192,"date":"2018-06-26T12:07:30","date_gmt":"2018-06-26T16:07:30","guid":{"rendered":"http:\/\/www.castromunicipio.cl\/?page_id=2192"},"modified":"2025-03-17T14:55:37","modified_gmt":"2025-03-17T17:55:37","slug":"direccion-de-administracion-y-finanzas","status":"publish","type":"page","link":"https:\/\/www.municipalidadcastro.cl\/?page_id=2192","title":{"rendered":"Direcci\u00f3n de Administraci\u00f3n y Finanzas"},"content":{"rendered":"<section class=\"wpb-content-wrapper\"><p>[vc_row][vc_column width=&#8221;2\/3&#8243;][vc_column_text]<\/p>\n<p style=\"text-align: justify;\">La Unidad de Administraci\u00f3n y Finanzas tiene como funci\u00f3n, asesorar al Alcalde en la administraci\u00f3n del personal de la Municipalidad, y en la administraci\u00f3n financiera de los bienes municipales, por lo cual sus competencias se extienden a:<\/p>\n<ul>\n<li>Estudiar, calcular, proponer y regular la percepci\u00f3n de cualquier tipo de ingresos municipales.<\/li>\n<li>Colaborar con la Secretar\u00eda Comunal de Planificaci\u00f3n en la elaboraci\u00f3n del Presupuesto Municipal.<\/li>\n<li>Visar los decretos que irroguen gastos o generen recursos.Llevar la contabilidad municipal en conformidad con las normas de la contabilidad nacional y con las instrucciones que al respecto imparte la Contralor\u00eda General de la Rep\u00fablica.<\/li>\n<li>Controlar la gesti\u00f3n financiera de los recintos y\/o empresas municipales.<\/li>\n<li>Recaudar y percibir los ingresos municipales y fiscales que correspondan.<\/li>\n<\/ul>\n<p>Las funciones m\u00e1s relevantes de las secciones dependientes de esta Unidad, son las siguientes:<\/p>\n<h4><b>Secci\u00f3n de Rentas y Finanzas<\/b><\/h4>\n<ul>\n<li>Dirigir y coordinar las actividades financieras de la Municipalidad.<\/li>\n<li>Colaborar con la Secretar\u00eda Comunal de Planificaci\u00f3n en la preparaci\u00f3n de los proyectos del plan financiero y de los presupuestos de la Municipalidad.<\/li>\n<li>Administrar el presupuesto municipal.<\/li>\n<li>Administrar financieramente los bienes y establecimientos municipales.<\/li>\n<li>Estudiar, calcular, proponer y controlar cualquier tipo de ingreso y egreso municipal.<\/li>\n<li>Efectuar la recaudaci\u00f3n y la administraci\u00f3n de los ingresos de acuerdo a lo establecido por la Ley de Rentas Municipales.<\/li>\n<li>Controlar la gesti\u00f3n financiera de las diversas unidades municipales.<\/li>\n<\/ul>\n<h4><b>Secci\u00f3n de Contabilidad y Presupuestos<\/b><\/h4>\n<ul>\n<li>Llevar la contabilidad patrimonial y presupuestaria en conformidad a las normas vigentes para el sector municipal y con las instrucciones que la Contralor\u00eda General de la Rep\u00fablica imparta al respecto, emitiendo los informes requeridos.<\/li>\n<li>Confeccionar el balance presupuestario y patrimonial anual de la Municipalidad, proporcionando los estados e informes contables que se requieran.<\/li>\n<li>Mantener actualizado el valor de los activos y pasivos de la Municipalidad, en conformidad a los inventarios del patrimonio municipal, como igualmente el ajuste anual por revalorizaciones y depreciaciones del mismo.<\/li>\n<li>Colaborar con la Secretar\u00eda Comunal de Planificaci\u00f3n en la elaboraci\u00f3n del proyecto de presupuesto anual de la Municipalidad.<\/li>\n<li>Presentar rendiciones de cuenta a las entidades, por fondos entregados y destinados a fines espec\u00edficos.<\/li>\n<\/ul>\n<h4><b>Secci\u00f3n Tesorer\u00eda Municipal<\/b><\/h4>\n<ul>\n<li>Recaudar los tributos y otros ingresos municipales.<\/li>\n<li>Conservar y custodiar los fondos recaudados, las especies valoradas y dem\u00e1s valores municipales.<\/li>\n<li>Recibir y conservar toda clase de instrumentos de garant\u00eda, extendidos a favor de la Municipalidad.<\/li>\n<li>Efectuar el pago de las obligaciones municipales.<\/li>\n<\/ul>\n<h4><b>Secci\u00f3n Patentes<\/b><\/h4>\n<ul>\n<li>Tramitar las solicitudes de otorgamiento, traslado, transferencia y caducidad, seg\u00fan corresponda, de las patentes municipales, comerciales, industriales, de alcoholes y profesionales de la comuna.<\/li>\n<li>Mantener actualizado el registro de patentes de todas las actividades antes mencionadas, as\u00ed como el correspondiente a la propaganda comercial de la comuna.<br \/>\n<b><\/b><\/li>\n<\/ul>\n<h4><b>Secci\u00f3n de Recursos Humanos<\/b><\/h4>\n<ul>\n<li>Proponer las pol\u00edticas generales de administraci\u00f3n de personal.<\/li>\n<li>Administrar el sistema de personal de la Municipalidad, aplicando las t\u00e9cnicas de selecci\u00f3n, descripci\u00f3n, especificaci\u00f3n y evaluaci\u00f3n de los cargos.<\/li>\n<li>Mantener registros actualizados del personal en los cuales se consignen materias relacionadas con nombramientos, calificaciones, promociones, escalafones, medidas disciplinarias, permisos administrativos, feriados y capacitaciones efectuadas.<\/li>\n<li>Velar por la adecuada designaci\u00f3n y distribuci\u00f3n del personal en las diferentes unidades municipales y aplicar las normas sobre carrera funcionaria.<\/li>\n<\/ul>\n<h4><b>Secci\u00f3n Adquisici\u00f3n, Inventarios y Bodega<\/b><\/h4>\n<ul>\n<li>Ejecutar los programas referentes a adquisiciones, stocks, sistemas de distribuci\u00f3n y transporte.<\/li>\n<li>Proponer modificaciones de los programas respectivos seg\u00fan las variaciones de precios y condiciones de mercado, velando por los intereses de la Municipalidad.<\/li>\n<li>Emitir \u00f3rdenes de compra.<\/li>\n<li>Mantener registro de los bienes inmuebles que son arrendados por la Municipalidad.<\/li>\n<\/ul>\n<p>[\/vc_column_text][\/vc_column][vc_column width=&#8221;1\/3&#8243;][vc_custom_heading text=&#8221;DIRECTOR&#8221; font_container=&#8221;tag:h2|text_align:center|color:%230a0a0a&#8221; use_theme_fonts=&#8221;yes&#8221;][vc_single_image image=&#8221;26639&#8243; img_size=&#8221;medium&#8221; alignment=&#8221;center&#8221;][vc_column_text]<\/p>\n<h4 style=\"text-align: center;\"><span style=\"color: #000000;\"><strong>Marcelo Lobos<\/strong><\/span><\/h4>\n<p style=\"text-align: center;\">DIRECTOR DE ADMINISTRACION Y FINANZAS<\/p>\n<p style=\"text-align: center;\"><span style=\"color: #000000;\"><strong>Contacto:<\/strong> 652530113 \/ 652530110<\/span><br \/>\n<span style=\"color: #000000;\"><strong>E- Mail:<\/strong> mlobos@municipalidadcastro.cl<\/span><\/p>\n<p>[\/vc_column_text][vc_tta_accordion active_section=&#8221;1&#8243; collapsible_all=&#8221;true&#8221;][vc_tta_section title=&#8221;SECRETARIA&#8221; tab_id=&#8221;1742226790817-398c9ddf-7157&#8243;][vc_column_text]IVETTE BAHAMONDE GALLARDO<\/p>\n<p><strong>E-Mail:<\/strong> ibahamonde@municipalidadcastro.cl[\/vc_column_text][\/vc_tta_section][vc_tta_section title=&#8221;ADMINISTRATIVA CONTABILIDAD&#8221; tab_id=&#8221;1742226790840-b9066822-f194&#8243;][vc_column_text]<\/p>\n<p style=\"text-align: justify;\">PAOLA OLGU\u00edN AGUILA<\/p>\n<p style=\"text-align: justify;\"><strong>E-Mail:<\/strong> polguin@municipalidadcastro.cl<\/p>\n<p>[\/vc_column_text][\/vc_tta_section][vc_tta_section title=&#8221;ENCARGADA DE CONTABILIDAD&#8221; tab_id=&#8221;1742227024241-38a3c007-f9e5&#8243;][vc_column_text]CARMEN PAREDES BALLESTEROS<\/p>\n<p><strong>E-Mail:<\/strong> cparedes@municipalidadcastro.cl[\/vc_column_text][\/vc_tta_section][\/vc_tta_accordion][vc_text_separator title=&#8221;DEPTO. DE PERSONAL Y RR.HH&#8221;][vc_tta_accordion active_section=&#8221;1&#8243; collapsible_all=&#8221;true&#8221;][vc_tta_section title=&#8221;ENCARGADA DEPTO. PERSONAL Y RR.HH&#8221; tab_id=&#8221;1742232379037-abd5f415-814a&#8221;][vc_column_text]JACQUELINE URBINA BAHAMONDE<\/p>\n<p><strong>E-MAIL:<\/strong> jurbina@municipalidadcastro.cl<\/p>\n<p>[\/vc_column_text][\/vc_tta_section][vc_tta_section title=&#8221;TECNICO&#8221; tab_id=&#8221;1742232379047-38cc28d7-6b4a&#8221;][vc_column_text]CRISTIAN QUELIN BARRIENTOS<\/p>\n<p><strong>E-Mail:<\/strong> cquelin@municipalidadcastro.cl[\/vc_column_text][\/vc_tta_section][vc_tta_section title=&#8221;ADMINISTRATIVA&#8221; tab_id=&#8221;1742232402286-4a4a081d-b904&#8243;][vc_column_text]ROSA VANESSA PACHECO ALVARADO<\/p>\n<p><strong>E-MAIL:<\/strong> rosa.pacheco@municipalidadcastro.cl[\/vc_column_text][\/vc_tta_section][vc_tta_section title=&#8221;ENCARGADA DE REMUNERACIONES&#8221; tab_id=&#8221;1742232638404-6858654b-9ef7&#8243;][vc_column_text]CRISTINA OJEDA GALLARDO<\/p>\n<p><strong>E-MAIL:<\/strong> cojeda@municipalidadcastro.cl[\/vc_column_text][\/vc_tta_section][vc_tta_section title=&#8221;TECNICO&#8221; tab_id=&#8221;1742232684671-f58a84a0-e2f1&#8243;][vc_column_text]CAROLINA MERINO MERINO<\/p>\n<p><strong>E-Mail:<\/strong> carolina.merino@municipalidadcastro.cl[\/vc_column_text][\/vc_tta_section][vc_tta_section title=&#8221;LICENCIAS MEDICAS&#8221; tab_id=&#8221;1742232735369-38d4e80f-8457&#8243;][vc_column_text]DANILO TRUJILLO CARRILLO<\/p>\n<p><strong>E-MAIL:<\/strong> danilo.trujillo@municipalidadcastro.cl[\/vc_column_text][\/vc_tta_section][\/vc_tta_accordion][vc_text_separator title=&#8221;DIRECCION DE ADMINISTRACION Y FINANZAS&#8221;][vc_tta_accordion active_section=&#8221;1&#8243; collapsible_all=&#8221;true&#8221;][vc_tta_section title=&#8221;PROFESIONAL &#8211; CONTADOR AUDITOR&#8221; tab_id=&#8221;1742233118482-d98b142c-5680&#8243;][vc_column_text]LIDIA HORTENCIA HENR\u00cdQUEZ BARRIENTOS<\/p>\n<p><strong>E-Mail:<\/strong> lidia.henriquez@municipalidadcastro.cl[\/vc_column_text][\/vc_tta_section][vc_tta_section title=&#8221;DIRECCI\u00d3N ADMINISTRACI\u00d3N Y FINANZAS&#8221; tab_id=&#8221;1742233118493-b35f0684-9345&#8243;][vc_column_text]FABIAN ENRIQUE TORRES VARGAS<\/p>\n<p><strong>E-Mail: <\/strong>fabian.torres@municipalidadcastro.cl[\/vc_column_text][\/vc_tta_section][vc_tta_section title=&#8221;ADMINISTRATIVA &#8211; ING. ADMINISTRACI\u00d3N DE EMPRESAS&#8221; tab_id=&#8221;1742233231291-7a7beb50-b4f0&#8243;][vc_column_text]EUGENIA BEATRIZ AGUILAR GUICHAQUEL\u00c9N<\/p>\n<p><strong>E-Mail: <\/strong>eugenia.aguilar@municipalidadcastro.cl[\/vc_column_text][\/vc_tta_section][vc_tta_section title=&#8221;TECNICO &#8211; CONTADOR AUDITOR&#8221; tab_id=&#8221;1742233277976-1d364019-cc54&#8243;][vc_column_text]IVANIA FLORES BARRIENTOS<\/p>\n<p><strong>E-Mail:<\/strong> ivania.flores@municipalidadcastro.cl[\/vc_column_text][\/vc_tta_section][vc_tta_section title=&#8221;ENCARGADO ADQUISICIONES&#8221; tab_id=&#8221;1742233665781-e2ebf29c-1f31&#8243;][vc_column_text]JUAN CARLOS VELASQUEZ GALLARDO<\/p>\n<p><strong>E-Mail:<\/strong> jvelasquez@municipalidadcastro.cl[\/vc_column_text][\/vc_tta_section][vc_tta_section title=&#8221;ADQUISICIONES&#8221; tab_id=&#8221;1742233619756-61a71266-80de&#8221;][vc_column_text]ALEJANDRO G\u00d3MEZ SOTO<\/p>\n<p><strong>E-Mail:<\/strong> agomez@municipalidadcastro.cl[\/vc_column_text][\/vc_tta_section][\/vc_tta_accordion][vc_text_separator title=&#8221;TESORERIA&#8221;][vc_tta_accordion active_section=&#8221;1&#8243; collapsible_all=&#8221;true&#8221;][vc_tta_section title=&#8221;TESORERO&#8221; tab_id=&#8221;1742233759507-8897d7f2-1310&#8243;][vc_column_text]\u00c1LVARO MAT\u00cdAS POBLETE ASEM<\/p>\n<p><strong>E-Mail:<\/strong> apoblete@municipalidadcastro.cl[\/vc_column_text][\/vc_tta_section][vc_tta_section title=&#8221;ADMINISTRATIVA&#8221; tab_id=&#8221;1742233759533-963486ab-7314&#8243;][vc_column_text]FLOR DENIS ALVARADO ALVARADO<\/p>\n<p><strong>E-Mail:<\/strong> denis.alvarado@municipalidadcastro.cl[\/vc_column_text][\/vc_tta_section][\/vc_tta_accordion][\/vc_column][\/vc_row]<\/p>\n<\/section>","protected":false},"excerpt":{"rendered":"<p>[vc_row][vc_column width=&#8221;2\/3&#8243;][vc_column_text] La Unidad de Administraci\u00f3n y Finanzas tiene como funci\u00f3n, asesorar al Alcalde en la administraci\u00f3n del personal de la Municipalidad, y en la administraci\u00f3n financiera de los bienes municipales, por lo cual sus competencias se extienden a: Estudiar, calcular, proponer y regular la percepci\u00f3n de cualquier tipo de ingresos municipales. Colaborar con la [&hellip;]<\/p>\n","protected":false},"author":7,"featured_media":0,"parent":2050,"menu_order":0,"comment_status":"closed","ping_status":"closed","template":"","meta":{"footnotes":""},"class_list":["post-2192","page","type-page","status-publish","hentry"],"publishpress_future_action":{"enabled":false,"date":"2026-05-12 05:35:30","action":"change-status","newStatus":"draft","terms":[],"taxonomy":""},"publishpress_future_workflow_manual_trigger":{"enabledWorkflows":[]},"_links":{"self":[{"href":"https:\/\/www.municipalidadcastro.cl\/index.php?rest_route=\/wp\/v2\/pages\/2192","targetHints":{"allow":["GET"]}}],"collection":[{"href":"https:\/\/www.municipalidadcastro.cl\/index.php?rest_route=\/wp\/v2\/pages"}],"about":[{"href":"https:\/\/www.municipalidadcastro.cl\/index.php?rest_route=\/wp\/v2\/types\/page"}],"author":[{"embeddable":true,"href":"https:\/\/www.municipalidadcastro.cl\/index.php?rest_route=\/wp\/v2\/users\/7"}],"replies":[{"embeddable":true,"href":"https:\/\/www.municipalidadcastro.cl\/index.php?rest_route=%2Fwp%2Fv2%2Fcomments&post=2192"}],"version-history":[{"count":18,"href":"https:\/\/www.municipalidadcastro.cl\/index.php?rest_route=\/wp\/v2\/pages\/2192\/revisions"}],"predecessor-version":[{"id":26790,"href":"https:\/\/www.municipalidadcastro.cl\/index.php?rest_route=\/wp\/v2\/pages\/2192\/revisions\/26790"}],"up":[{"embeddable":true,"href":"https:\/\/www.municipalidadcastro.cl\/index.php?rest_route=\/wp\/v2\/pages\/2050"}],"wp:attachment":[{"href":"https:\/\/www.municipalidadcastro.cl\/index.php?rest_route=%2Fwp%2Fv2%2Fmedia&parent=2192"}],"curies":[{"name":"wp","href":"https:\/\/api.w.org\/{rel}","templated":true}]}}