{"id":2185,"date":"2018-06-26T11:51:52","date_gmt":"2018-06-26T15:51:52","guid":{"rendered":"http:\/\/www.castromunicipio.cl\/?page_id=2185"},"modified":"2025-03-17T16:27:08","modified_gmt":"2025-03-17T19:27:08","slug":"direccion-de-obras","status":"publish","type":"page","link":"https:\/\/www.municipalidadcastro.cl\/?page_id=2185","title":{"rendered":"Direcci\u00f3n de Obras"},"content":{"rendered":"<section class=\"wpb-content-wrapper\"><p>[vc_row vc_row_background=&#8221;&#8221; footer_button_bg=&#8221;#81d742&#8243;][vc_column width=&#8221;2\/3&#8243;][vc_column_text]<\/p>\n<p style=\"text-align: justify;\">La Unidad de Obras Municipales debe velar por el cumplimiento de las disposiciones de la Ley General de Urbanismo y Construcciones, del Plan Regulador Comunal y de las ordenanzas correspondientes, para cuyo efecto goza de las siguientes atribuciones espec\u00edficas:<\/p>\n<ul>\n<li>Dar aprobaci\u00f3n a las subdivisiones de predios urbanos y urbano\u2013rurales.<\/li>\n<li>Dar aprobaci\u00f3n a los proyectos de obras de urbanizaci\u00f3n y construcci\u00f3n.<\/li>\n<li>Otorgar los permisos de edificaci\u00f3n de las obras se\u00f1aladas en el n\u00famero anterior.<\/li>\n<li>Fiscalizar la ejecuci\u00f3n de dichas obras hasta el momento de su recepci\u00f3n, y Recibirse de las obras ya citadas y autorizar su uso.<\/li>\n<li>Fiscalizar las obras en uso, a fin de verificar el cumplimiento de las disposiciones legales y t\u00e9cnicas que las rijan.<br \/>\nAplicar normas ambientales relacionadas con obras de construcci\u00f3n y urbanizaci\u00f3n.<\/li>\n<li>Confeccionar y mantener actualizado el catastro de las obras de urbanizaci\u00f3n y edificaci\u00f3n realizadas en la comuna.<\/li>\n<li>Ejecutar medidas relacionadas con la vialidad urbana y rural.<\/li>\n<li>Dirigir las construcciones que sean de responsabilidad municipal, sean ejecutadas directamente o a trav\u00e9s de terceros.<\/li>\n<li>Colaborar con otras unidades en la elaboraci\u00f3n, ejecuci\u00f3n y control de programas sociales relacionados con las materias de su competencia.<\/li>\n<li>En general, aplicar las normas legales sobre construcci\u00f3n y urbanizaci\u00f3n en la comuna.<\/li>\n<li>Ejercer la direcci\u00f3n administrativa y la gesti\u00f3n de los Cementerios Municipales.<\/li>\n<li style=\"text-align: justify;\">Otras funciones que le asigne el Alcalde de conformidad con la legislaci\u00f3n vigente y que no sea de aquellas que la Ley asigna a otras unidades.<\/li>\n<\/ul>\n<p style=\"text-align: justify;\">Las Secciones dependientes de la Direcci\u00f3n de Obras, entre las m\u00e1s destacables, pueden resumirse en:<\/p>\n<ul>\n<li>Ejecuci\u00f3n de Obras<\/li>\n<li>Edificaci\u00f3n y Urbanizaci\u00f3n<\/li>\n<li>Inspecci\u00f3n<\/li>\n<li>Catastros y Archivos<\/li>\n<li>Aseo y Ornato<\/li>\n<li>Alumbrado P\u00fablico<\/li>\n<\/ul>\n<p>[\/vc_column_text][\/vc_column][vc_column width=&#8221;1\/3&#8243;][vc_tta_accordion active_section=&#8221;1&#8243; collapsible_all=&#8221;true&#8221;][vc_tta_section title=&#8221;ARQUITECTA&#8221; tab_id=&#8221;1742239502842-687776a9-c66c&#8221;][vc_column_text]JEANNETTE CAROLINA BECERRA CONTRERAS<\/p>\n<p><strong>E-Mail:<\/strong> jeannette.becerra@municipalidadcastro.cl[\/vc_column_text][\/vc_tta_section][vc_tta_section title=&#8221;ADMINISTRATIVO &#8221; tab_id=&#8221;1742238754833-9b492f84-5432&#8243;][vc_column_text]YORKA ELIZABETH MU\u00d1OZ TORRES<\/p>\n<p><strong>E-Mail:<\/strong> yorka.munoz@municipalidadcastro.cl[\/vc_column_text][\/vc_tta_section][vc_tta_section title=&#8221;DIRECTOR DE OBRAS (s)&#8221; tab_id=&#8221;1742237969105-ec708453-c861&#8243;][vc_column_text]CRISTIAN MAURICIO DELGADO RIVAS<\/p>\n<p><strong>E-Mail<\/strong>: cdelgado@municipalidadcastro.cl[\/vc_column_text][\/vc_tta_section][vc_tta_section title=&#8221;ENCARGADO CEMENTERIO MUNICIPAL&#8221; tab_id=&#8221;1742239452322-bf2d1050-3602&#8243;][vc_column_text]EDDIE FRANCISCO GALLARDO SALDIVIA<\/p>\n<p><strong>E-Mail:<\/strong> eddie.gallardo@municipalidadcastro.cl[\/vc_column_text][\/vc_tta_section][vc_tta_section title=&#8221;INSPECTOR DE OBRAS&#8221; tab_id=&#8221;1742238635851-36e40a7e-4cc1&#8243;][vc_column_text]MANUEL ANTONIO LOAIZA PEREZ<\/p>\n<p><strong>E-Mail:<\/strong> mloaiza@municipalidadcastro.cl<\/p>\n<p>DAVID IGNACIO VERA BORQUEZ<\/p>\n<p><strong>E-Mail:<\/strong> david.vera@municipalidadcastro.cl<\/p>\n<p>JESUS HUMBERTO CHILLA CHILLA<\/p>\n<p><strong>E-Mail:<\/strong> jesus.chilla@municipalidadcastro.cl<\/p>\n<p>JUAN GASTON MAUREIRA ALFARO<\/p>\n<p><strong>E-Mail:<\/strong> gmaureira@municipalidadcastro.cl[\/vc_column_text][\/vc_tta_section][vc_tta_section title=&#8221;SECRETARIA&#8221; tab_id=&#8221;1742237969113-e9ec657e-044f&#8221;][vc_column_text]INGRID BERNARDITA GUENUMAN ASENCIO<\/p>\n<p><strong>E-Mail:<\/strong> ingrid.guenuman@municipalidadcastro.cl[\/vc_column_text][\/vc_tta_section][vc_tta_section title=&#8221;INSPECTOR MUNICIPAL&#8221; tab_id=&#8221;1742239226720-889299e4-eb7c&#8221;][vc_column_text]WALTER JAIME OJEDA SOTO<\/p>\n<p><strong>E-Mail:<\/strong> jaimeojeda@municipalidadcastro.cl[\/vc_column_text][\/vc_tta_section][\/vc_tta_accordion][\/vc_column][\/vc_row]<\/p>\n<\/section>","protected":false},"excerpt":{"rendered":"<p>[vc_row vc_row_background=&#8221;&#8221; footer_button_bg=&#8221;#81d742&#8243;][vc_column width=&#8221;2\/3&#8243;][vc_column_text] La Unidad de Obras Municipales debe velar por el cumplimiento de las disposiciones de la Ley General de Urbanismo y Construcciones, del Plan Regulador Comunal y de las ordenanzas correspondientes, para cuyo efecto goza de las siguientes atribuciones espec\u00edficas: Dar aprobaci\u00f3n a las subdivisiones de predios urbanos y urbano\u2013rurales. Dar aprobaci\u00f3n [&hellip;]<\/p>\n","protected":false},"author":7,"featured_media":0,"parent":2050,"menu_order":0,"comment_status":"closed","ping_status":"closed","template":"","meta":{"footnotes":""},"class_list":["post-2185","page","type-page","status-publish","hentry"],"publishpress_future_action":{"enabled":false,"date":"2026-05-12 05:40:05","action":"change-status","newStatus":"draft","terms":[],"taxonomy":""},"publishpress_future_workflow_manual_trigger":{"enabledWorkflows":[]},"_links":{"self":[{"href":"https:\/\/www.municipalidadcastro.cl\/index.php?rest_route=\/wp\/v2\/pages\/2185","targetHints":{"allow":["GET"]}}],"collection":[{"href":"https:\/\/www.municipalidadcastro.cl\/index.php?rest_route=\/wp\/v2\/pages"}],"about":[{"href":"https:\/\/www.municipalidadcastro.cl\/index.php?rest_route=\/wp\/v2\/types\/page"}],"author":[{"embeddable":true,"href":"https:\/\/www.municipalidadcastro.cl\/index.php?rest_route=\/wp\/v2\/users\/7"}],"replies":[{"embeddable":true,"href":"https:\/\/www.municipalidadcastro.cl\/index.php?rest_route=%2Fwp%2Fv2%2Fcomments&post=2185"}],"version-history":[{"count":12,"href":"https:\/\/www.municipalidadcastro.cl\/index.php?rest_route=\/wp\/v2\/pages\/2185\/revisions"}],"predecessor-version":[{"id":26791,"href":"https:\/\/www.municipalidadcastro.cl\/index.php?rest_route=\/wp\/v2\/pages\/2185\/revisions\/26791"}],"up":[{"embeddable":true,"href":"https:\/\/www.municipalidadcastro.cl\/index.php?rest_route=\/wp\/v2\/pages\/2050"}],"wp:attachment":[{"href":"https:\/\/www.municipalidadcastro.cl\/index.php?rest_route=%2Fwp%2Fv2%2Fmedia&parent=2185"}],"curies":[{"name":"wp","href":"https:\/\/api.w.org\/{rel}","templated":true}]}}