{"id":2064,"date":"2018-06-19T15:52:20","date_gmt":"2018-06-19T15:52:20","guid":{"rendered":"http:\/\/www.castromunicipio.cl\/?page_id=2064"},"modified":"2025-03-17T12:09:46","modified_gmt":"2025-03-17T15:09:46","slug":"direccion-secplan","status":"publish","type":"page","link":"https:\/\/www.municipalidadcastro.cl\/?page_id=2064","title":{"rendered":"Direcci\u00f3n SECPLAN"},"content":{"rendered":"<section class=\"wpb-content-wrapper\"><p>[vc_row][vc_column width=&#8221;2\/3&#8243;][vc_column_text]La Secretar\u00eda Comunal de Planificaci\u00f3n es una unidad t\u00e9cnica asesora del Alcalde y del Concejo en la elaboraci\u00f3n de la estrategia municipal, como asimismo tambi\u00e9n, en la definici\u00f3n de pol\u00edticas p\u00fablicas hacia la comunidad, y la elaboraci\u00f3n, coordinaci\u00f3n y evaluaci\u00f3n de: planes, programas y proyectos de desarrollo Comunal.<\/p>\n<p>As\u00ed tambi\u00e9n la SECPLAN cumple con otras funciones entre las que destacan:<\/p>\n<p>&#8211; Efectuar an\u00e1lisis y evaluaciones permanentes de las situaciones de desarrollo de la Comuna, con \u00e9nfasis en los aspectos sociales y territoriales.<br \/>\n&#8211; Fomentar las vinculaciones de car\u00e1cter t\u00e9cnico entre las unidades municipales con los servicios p\u00fablicos y el sector privado en materias propias de sus competencia.<\/p>\n<p>&#8211; Formular y proponer, en coordinaci\u00f3n con la Direcci\u00f3n de Administraci\u00f3n y Finanzas, los proyectos del Plan Financiero y Presupuestario Municipal conforme al Plan de Desarrollo Comunal, de manera que implementen los programas y proyectos que \u00e9ste contemple en las \u00e1reas sociales, f\u00edsicas, econ\u00f3micas y, en general, municipales.<\/p>\n<p>Entre las \u00e1reas tem\u00e1ticas abordadas por los profesionales y t\u00e9cnicos de la SECPLAN se cuentan:<\/p>\n<p>&#8211; Sector Energ\u00eda<br \/>\n&#8211; Sector Agua Potable y Alcantarillado<br \/>\n&#8211; Sector Vialidad Urbana<br \/>\n&#8211; Sector Equipamiento Comunitario<br \/>\n&#8211; Sector Salud<br \/>\n&#8211; Sector Educaci\u00f3n<br \/>\n&#8211; Sector Deporte<br \/>\n&#8211; Sector\u00a0Turismo<br \/>\n&#8211; Sector Urbanismo y Normativas de Regulaci\u00f3n<\/p>\n<p>La SECPLAN vincula adem\u00e1s a la comunidad, con otras Instituciones y Programas Gubernamentales tales como: Chile Barrio \u2013 Pro Rural \u2013 P.P. SERVIU \u2013 FOSIS \u2013 CHILE DEPORTES \u2013 Programa Fondo Nacional de Desarrollo Regional, FNDR, entre otros.[\/vc_column_text][\/vc_column][vc_column width=&#8221;1\/3&#8243;][vc_tta_accordion active_section=&#8221;1&#8243; collapsible_all=&#8221;true&#8221;][vc_tta_section title=&#8221;ADMINISTRATIVO&#8221; tab_id=&#8221;1742224040395-5b9ffa9e-1270&#8243;][vc_column_text]PATRICIA ALVAREZ GARAY<\/p>\n<p><strong>E-Mail:<\/strong> patricia.alvarez@municipalidadcastro.cl[\/vc_column_text][\/vc_tta_section][vc_tta_section title=&#8221;UNIDAD DE LICITACIONES&#8221; tab_id=&#8221;1742223720172-ca7ea467-2272&#8243;][vc_column_text]SILVANA JOCELYN MANSILLA MANSILLA<\/p>\n<p><strong>E-Mail:\u00a0<\/strong>[\/vc_column_text][\/vc_tta_section][vc_tta_section title=&#8221;ENCARGADO DE PROYECTOS&#8221; tab_id=&#8221;1742223720181-fc9133ec-219f&#8221;][vc_column_text]CARLOS ARENAS GOMEZ<\/p>\n<p><strong>E-Mail: <\/strong>carenas@municipalidadcastro.cl[\/vc_column_text][\/vc_tta_section][vc_tta_section title=&#8221;ENCARGADO DE PROYECTOS SSR\/APR&#8221; tab_id=&#8221;1742223892420-b6f23be1-97fc&#8221;][vc_column_text]DANIEL ROJAS VERGARA<\/p>\n<p><strong>E-Mail: <\/strong>daniel.gomez@municipalidadcastro.cl[\/vc_column_text][\/vc_tta_section][vc_tta_section title=&#8221;ARQUITECTO SECPLAN&#8221; tab_id=&#8221;1742223929989-9d8b4e49-20ea&#8221;][vc_column_text]DANIEL G\u00d3MEZ BARR\u00cdA<\/p>\n<p><strong>E-Mail:<\/strong> daniel.gomez@municipalidadcastro.cl[\/vc_column_text][\/vc_tta_section][vc_tta_section title=&#8221;ENCARGADO DE PROYECTOS&#8221; tab_id=&#8221;1742223969085-8d5bf8a8-be57&#8243;][vc_column_text]FABI\u00c1N MATAMALA ALMONACID<\/p>\n<p><strong>E-Mail: <\/strong>fmatamala@municipalidadcastro.cl[\/vc_column_text][\/vc_tta_section][vc_tta_section title=&#8221;TOPOGRAFO&#8221; tab_id=&#8221;1742224038057-56c5fc1a-3114&#8243;][vc_column_text]ERIC PEREZ MANCILLA<\/p>\n<p><strong>E-Mail:<\/strong>[\/vc_column_text][\/vc_tta_section][\/vc_tta_accordion][\/vc_column][\/vc_row]<\/p>\n<\/section>","protected":false},"excerpt":{"rendered":"<p>[vc_row][vc_column width=&#8221;2\/3&#8243;][vc_column_text]La Secretar\u00eda Comunal de Planificaci\u00f3n es una unidad t\u00e9cnica asesora del Alcalde y del Concejo en la elaboraci\u00f3n de la estrategia municipal, como asimismo tambi\u00e9n, en la definici\u00f3n de pol\u00edticas p\u00fablicas hacia la comunidad, y la elaboraci\u00f3n, coordinaci\u00f3n y evaluaci\u00f3n de: planes, programas y proyectos de desarrollo Comunal. As\u00ed tambi\u00e9n la SECPLAN cumple con [&hellip;]<\/p>\n","protected":false},"author":7,"featured_media":0,"parent":2050,"menu_order":0,"comment_status":"closed","ping_status":"closed","template":"","meta":{"footnotes":""},"class_list":["post-2064","page","type-page","status-publish","hentry"],"publishpress_future_action":{"enabled":false,"date":"2026-05-12 05:41:41","action":"change-status","newStatus":"draft","terms":[],"taxonomy":""},"publishpress_future_workflow_manual_trigger":{"enabledWorkflows":[]},"_links":{"self":[{"href":"https:\/\/www.municipalidadcastro.cl\/index.php?rest_route=\/wp\/v2\/pages\/2064","targetHints":{"allow":["GET"]}}],"collection":[{"href":"https:\/\/www.municipalidadcastro.cl\/index.php?rest_route=\/wp\/v2\/pages"}],"about":[{"href":"https:\/\/www.municipalidadcastro.cl\/index.php?rest_route=\/wp\/v2\/types\/page"}],"author":[{"embeddable":true,"href":"https:\/\/www.municipalidadcastro.cl\/index.php?rest_route=\/wp\/v2\/users\/7"}],"replies":[{"embeddable":true,"href":"https:\/\/www.municipalidadcastro.cl\/index.php?rest_route=%2Fwp%2Fv2%2Fcomments&post=2064"}],"version-history":[{"count":9,"href":"https:\/\/www.municipalidadcastro.cl\/index.php?rest_route=\/wp\/v2\/pages\/2064\/revisions"}],"predecessor-version":[{"id":26785,"href":"https:\/\/www.municipalidadcastro.cl\/index.php?rest_route=\/wp\/v2\/pages\/2064\/revisions\/26785"}],"up":[{"embeddable":true,"href":"https:\/\/www.municipalidadcastro.cl\/index.php?rest_route=\/wp\/v2\/pages\/2050"}],"wp:attachment":[{"href":"https:\/\/www.municipalidadcastro.cl\/index.php?rest_route=%2Fwp%2Fv2%2Fmedia&parent=2064"}],"curies":[{"name":"wp","href":"https:\/\/api.w.org\/{rel}","templated":true}]}}