{"id":1931,"date":"2018-06-13T19:20:15","date_gmt":"2018-06-13T19:20:15","guid":{"rendered":"http:\/\/www.castromunicipio.cl\/?page_id=1931"},"modified":"2025-03-19T12:05:10","modified_gmt":"2025-03-19T15:05:10","slug":"direccion-de-seguridad-publica","status":"publish","type":"page","link":"https:\/\/www.municipalidadcastro.cl\/?page_id=1931","title":{"rendered":"Direcci\u00f3n de Seguridad P\u00fablica"},"content":{"rendered":"<section class=\"wpb-content-wrapper\"><p>[vc_row][vc_column width=&#8221;2\/3&#8243;][vc_column_text]<\/p>\n<div>\n<p style=\"text-align: justify;\">La Direcci\u00f3n de Seguridad P\u00fablica en una unidad t\u00e9cnica asesora del Alcalde, cuya finalidad es abordar temas relacionadas con la prevenci\u00f3n de la Violencia y del delito de la Comuna de Castro.<\/p>\n<\/div>\n<div>\n<p>&nbsp;<\/p>\n<p style=\"text-align: justify;\">Las funciones del\u00a0<strong>Director de Seguridad P\u00fablica<\/strong>\u00a0consiste en ser el colaborador directo del Alcalde en tareas de coordinaci\u00f3n y gesti\u00f3n de las funciones municipales relacionadas con el desarrollo, implementaci\u00f3n, evaluaci\u00f3n, promoci\u00f3n, capacitaci\u00f3n y apoyo de acciones de prevenci\u00f3n social y situacional, la celebraci\u00f3n de convenios con otras entidades p\u00fablicas para la aplicaci\u00f3n de planes de reinserci\u00f3n social y de asistencia a v\u00edctimas, as\u00ed como tambi\u00e9n la adopci\u00f3n de medidas en el \u00e1mbito de la seguridad p\u00fablica a nivel comunal; el seguimiento del plan comunal de seguridad p\u00fablica; y las dem\u00e1s que le delegue el Alcalde, siempre que est\u00e9n vinculadas con la naturaleza de su funci\u00f3n.<\/p>\n<\/div>\n<h4><span style=\"color: #333333; font-family: Arial, Helvetica, sans-serif;\"><b>Objetivos<\/b><\/span><\/h4>\n<ol>\n<li>La municipalidad en quien est\u00e1 mas cerca de la Comunidad, por lo tanto conoce sus problemas con mayor profundidad y tienen la capacidad de convocar a la comunidad en el trabajo preventivo as\u00ed como a los distintos servicios p\u00fablicos y privados, e instituciones de control para desarrollar un trabajo integral en la tem\u00e1tica.<\/li>\n<li>Que, en raz\u00f3n de lo anterior, se crea el Consejo Comunal de Seguridad P\u00fablica de la Comuna de Castro. \u00c9ste ser\u00e1 un \u00f3rgano consultivo del alcalde en materias de seguridad p\u00fablica comunal y ser\u00e1, adem\u00e1s una instancia de coordinaci\u00f3n insterinstitucional a nivel local. Adem\u00e1s este Consejo confeccionar\u00e1 un Diagn\u00f3stico Delictual de la Comuna y Elaborar\u00e1 un Plan de trabajo para entregar soluciones a la prevenci\u00f3n del delito.<\/li>\n<\/ol>\n<p>[\/vc_column_text][\/vc_column][vc_column width=&#8221;1\/3&#8243;][vc_custom_heading text=&#8221;DIRECTORA&#8221; font_container=&#8221;tag:h2|text_align:center|color:%230a0a0a&#8221; use_theme_fonts=&#8221;yes&#8221;][vc_single_image image=&#8221;26400&#8243; img_size=&#8221;medium&#8221; alignment=&#8221;center&#8221;][vc_column_text]<\/p>\n<h4 style=\"text-align: center;\"><span style=\"color: #000000;\">Adriana Faba<\/span><\/h4>\n<p style=\"text-align: center;\"><span style=\"color: #000000;\">Fono: 652 538000<\/span><br \/>\n<span style=\"color: #000000;\">E-Mail: seguridadpublica@municipalidadcastro.cl<\/span><\/p>\n<p>[\/vc_column_text][vc_tta_accordion active_section=&#8221;1&#8243; collapsible_all=&#8221;true&#8221;][vc_tta_section title=&#8221;APOYO TECNICO&#8221; tab_id=&#8221;1742396483496-9443049e-35b8&#8243;][vc_column_text]CLAUDIA GALDAMES SEPULVEDA<\/p>\n<p><strong>E-Mail:<\/strong> claudia.galdames@municipalidadcastro.cl[\/vc_column_text][\/vc_tta_section][vc_tta_section title=&#8221;APOYO PROFESIONAL&#8221; tab_id=&#8221;1742396031091-aa14a326-7ca3&#8243;][vc_column_text]YAMILET OYARZO OJEDA<\/p>\n<p><strong>E-Mail:<\/strong> YOYARZO@MUNICIPALIDADCASTRO.CL<\/p>\n<p>HUGO GODOY BARRA<\/p>\n<p><strong>E-Mail:<\/strong> HUGO.GODOY@MUNICIPALIDADCASTRO.CL[\/vc_column_text][\/vc_tta_section][vc_tta_section title=&#8221;GESTORA INTERSECTORIAL&#8221; tab_id=&#8221;1742216567423-ebf9e4c1-2c9a&#8221;][vc_column_text]<span style=\"font-weight: 400;\">Claudia Galdames Sep\u00falveda\u00a0<\/span><\/p>\n<p><span style=\"font-weight: 400;\"><strong>E-Mail:<\/strong> <\/span><span style=\"font-weight: 400;\">claudia.galdames@municipalidadcastro.cl<\/span>[\/vc_column_text][\/vc_tta_section][vc_tta_section title=&#8221;GESTOR TERRITORIAL&#8221; tab_id=&#8221;1742396269672-c0854cb6-ef3f&#8221;][vc_column_text]CLAUDIA ACU\u00d1A QUEZADA<\/p>\n<p><strong>E-Mail:<\/strong> CLAUDIA.ACUNA@MUNICIPALIDADCASTRO.CL[\/vc_column_text][\/vc_tta_section][vc_tta_section title=&#8221;GESTOR TERRITORIAL Y ADMINISTRATIVO&#8221; tab_id=&#8221;1742396096217-f69c3504-20bf&#8221;][vc_column_text]HUGO BERNDT ARANGUIZ<\/p>\n<p><strong>E-Mail:<\/strong> HUGO.BERNDT@MUNICIPALIDADCASTRO.CL[\/vc_column_text][\/vc_tta_section][\/vc_tta_accordion][\/vc_column][\/vc_row]<\/p>\n<\/section>","protected":false},"excerpt":{"rendered":"<p>[vc_row][vc_column width=&#8221;2\/3&#8243;][vc_column_text] La Direcci\u00f3n de Seguridad P\u00fablica en una unidad t\u00e9cnica asesora del Alcalde, cuya finalidad es abordar temas relacionadas con la prevenci\u00f3n de la Violencia y del delito de la Comuna de Castro. &nbsp; Las funciones del\u00a0Director de Seguridad P\u00fablica\u00a0consiste en ser el colaborador directo del Alcalde en tareas de coordinaci\u00f3n y gesti\u00f3n de [&hellip;]<\/p>\n","protected":false},"author":7,"featured_media":0,"parent":398,"menu_order":5,"comment_status":"closed","ping_status":"closed","template":"","meta":{"footnotes":""},"class_list":["post-1931","page","type-page","status-publish","hentry"],"publishpress_future_action":{"enabled":false,"date":"2026-05-12 05:49:44","action":"change-status","newStatus":"draft","terms":[],"taxonomy":""},"publishpress_future_workflow_manual_trigger":{"enabledWorkflows":[]},"_links":{"self":[{"href":"https:\/\/www.municipalidadcastro.cl\/index.php?rest_route=\/wp\/v2\/pages\/1931","targetHints":{"allow":["GET"]}}],"collection":[{"href":"https:\/\/www.municipalidadcastro.cl\/index.php?rest_route=\/wp\/v2\/pages"}],"about":[{"href":"https:\/\/www.municipalidadcastro.cl\/index.php?rest_route=\/wp\/v2\/types\/page"}],"author":[{"embeddable":true,"href":"https:\/\/www.municipalidadcastro.cl\/index.php?rest_route=\/wp\/v2\/users\/7"}],"replies":[{"embeddable":true,"href":"https:\/\/www.municipalidadcastro.cl\/index.php?rest_route=%2Fwp%2Fv2%2Fcomments&post=1931"}],"version-history":[{"count":16,"href":"https:\/\/www.municipalidadcastro.cl\/index.php?rest_route=\/wp\/v2\/pages\/1931\/revisions"}],"predecessor-version":[{"id":26831,"href":"https:\/\/www.municipalidadcastro.cl\/index.php?rest_route=\/wp\/v2\/pages\/1931\/revisions\/26831"}],"up":[{"embeddable":true,"href":"https:\/\/www.municipalidadcastro.cl\/index.php?rest_route=\/wp\/v2\/pages\/398"}],"wp:attachment":[{"href":"https:\/\/www.municipalidadcastro.cl\/index.php?rest_route=%2Fwp%2Fv2%2Fmedia&parent=1931"}],"curies":[{"name":"wp","href":"https:\/\/api.w.org\/{rel}","templated":true}]}}