{"id":17398,"date":"2022-09-14T15:45:20","date_gmt":"2022-09-14T18:45:20","guid":{"rendered":"https:\/\/www.castromunicipio.cl\/?page_id=17398"},"modified":"2025-03-17T09:55:56","modified_gmt":"2025-03-17T12:55:56","slug":"direccion-de-medio-ambiente-aseo-y-ornato","status":"publish","type":"page","link":"https:\/\/www.municipalidadcastro.cl\/?page_id=17398","title":{"rendered":"Direcci\u00f3n de Medio Ambiente, Aseo y Ornato"},"content":{"rendered":"<section class=\"wpb-content-wrapper\"><p>[vc_row][vc_column width=&#8221;2\/3&#8243;][vc_column_text]<\/p>\n<div class=\"wpb_text_column wpb_content_element \">\n<div class=\"wpb_wrapper\">\n<p>La Direcci\u00f3n de Medio Ambiente, Aseo y Ornato tiene como objetivos, procurar la gesti\u00f3n integral de los residuos s\u00f3lidos domiciliarios, el aseo y ornato de los espacios p\u00fablicos y \u00e1reas verdes, potenciar y desarrollar la gesti\u00f3n ambiental a nivel comunal, dentro de sus competencias.<\/p>\n<div class=\"vc_tta-panel-heading\">\n<h4 class=\"vc_tta-panel-title vc_tta-controls-icon-position-left\"><span class=\"vc_tta-title-text\">Funciones<\/span><\/h4>\n<\/div>\n<div class=\"vc_tta-panel-body\">\n<div class=\"wpb_text_column wpb_content_element \">\n<div class=\"wpb_wrapper\">\n<ol>\n<li>El aseo de las v\u00edas p\u00fablicas, parques, plazas, plazoletas, jardines y, en general, de los bienes nacionales existente en la comuna.<\/li>\n<li>El servicio de extracci\u00f3n y disposici\u00f3n final de los residuos s\u00f3lidos domiciliarios.<\/li>\n<li>La construcci\u00f3n, conservaci\u00f3n y administraci\u00f3n de \u00e1reas verdes de la comuna.<\/li>\n<li>Promover y preservar un medio ambiente libre de contaminaci\u00f3n en la comuna, procurando los medios y recursos que sean posibles para ello.<\/li>\n<\/ol>\n<\/div>\n<\/div>\n<\/div>\n<\/div>\n<\/div>\n<p>[\/vc_column_text][vc_tta_accordion][vc_tta_section i_icon_fontawesome=&#8221;fas fa-seedling&#8221; add_icon=&#8221;true&#8221; title=&#8221;Ornato y Sustentabilidad&#8221; tab_id=&#8221;1663943179930-ffcba1e0-687a&#8221;][vc_column_text]<em><u>ORNATO:<\/u><\/em><\/p>\n<ul>\n<li>Servicio de Ornato de la comuna que incluye: la mantenci\u00f3n de los parques, plazas y \u00e1reas verdes. Es considera el corte y mantenci\u00f3n del c\u00e9sped, desmalezado de los jardines, as\u00ed como la conformaci\u00f3n de nuevas \u00e1reas verdes.<\/li>\n<\/ul>\n<ul>\n<li>Podas (ornamentales, preventivas y formativas) y talas de \u00e1rboles en la v\u00eda p\u00fablica.<\/li>\n<li>Vivero municipal, nuestra direcci\u00f3n cuenta con su propio vivero municipal en el cual se encuentra produciendo el orden de 18.000 plantas anuales, para ser utilizadas en la conformaci\u00f3n y mantenci\u00f3n de las \u00e1reas verdes de la comuna, as\u00ed como en la colaboraci\u00f3n con establecimientos educacionales, Juntas de vecinos, Centros de Salud y Organizaciones Sociales diversas.<\/li>\n<\/ul>\n<p>Horario de atenci\u00f3n: 09:00 a las 14:00.<\/p>\n<p>Ubicaci\u00f3n: Av. Galvarino Riveros N\u00b02291, Parque Municipal \u201cMario Uribe Vel\u00e1squez\u201d.<\/p>\n<p>Estas mantenciones son exclusivas en terrenos municipales y de bienes nacionales de uso p\u00fablico.<\/p>\n<p><em><u>SUSTENTABILIDAD:<\/u><\/em><\/p>\n<ul>\n<li>Huertos comunitarios, la comuna de castro cuenta con varios huertos comunitarios, conformados por la comunidad y apoyados por nuestra direcci\u00f3n. El objetivo de estos es incentivar la soberan\u00eda alimentaria, el trabajo en comunidad, promover la salud mental por medio del trabajo con la tierra y la participaci\u00f3n sana en familia.<\/li>\n<li>Realizamos Compostaje, esto es un proceso de transformaci\u00f3n de materia org\u00e1nica que se obtiene compost, abono natural.<\/li>\n<li>Protecci\u00f3n de humedades, Santuario de la naturaleza y otros espacios naturales.<\/li>\n<li>Contamos con Estaci\u00f3n de monitoreo de aire que mide material particulado 2.5.<\/li>\n<li>Educaci\u00f3n ambiental: talleres y charlas de huertos, jardiner\u00eda, poda, compostaje, valorizaci\u00f3n de residuos.<\/li>\n<\/ul>\n<p>Horario de atenci\u00f3n al p\u00fablico: 08:30 a las 13:00.<\/p>\n<p>Tel\u00e9fono de contacto: 940290372<\/p>\n<p>Correo electr\u00f3nico: <a href=\"mailto:patricio.bravo@municipalidadcastro.cl\">patricio.bravo@municipalidadcastro.cl<\/a><\/p>\n<p>Ubicaci\u00f3n: Blanco Encalada N\u00b0, Galer\u00eda Benjam\u00edn.[\/vc_column_text][vc_separator][\/vc_tta_section][vc_tta_section i_icon_fontawesome=&#8221;far fa-trash-alt&#8221; add_icon=&#8221;true&#8221; title=&#8221;Aseo&#8221; tab_id=&#8221;1663943179940-e401c631-749c&#8221;][vc_column_text]Se encarga de la gesti\u00f3n de residuos S\u00f3lidos Domiciliarios RSD:<\/p>\n<ul>\n<li>Servicio de recolecci\u00f3n de RSD en sector urbano, rural e insulares.<\/li>\n<li>Servicio de instalaci\u00f3n de bateas para Residuos Voluminosos.<\/li>\n<li>Servicio de aseo y barrido.<\/li>\n<li>Gesti\u00f3n para el fomento al reciclaje, reutilizaci\u00f3n y valorizaci\u00f3n de los RSD.<\/li>\n<li>Educaci\u00f3n ambiental (Manejo de residuos domiciliarios, compostaje, correcto uso de puntos verdes, ley REP, ley de pl\u00e1sticos de un solo uso).<\/li>\n<li>Proyecto construcci\u00f3n planta de compostaje.<\/li>\n<li>Limpieza en borde costero.<\/li>\n<li>Erradicaci\u00f3n de microbasurales.<\/li>\n<li>Denuncias y fiscalizaciones sobre la gesti\u00f3n de RSD.<\/li>\n<\/ul>\n<p>Horario de atenci\u00f3n: 08:30 a las 13:00.<\/p>\n<p>Tel\u00e9fono de contacto: 652538033.<\/p>\n<p>Correo electr\u00f3nico: <a href=\"mailto:mgunther@municipalidadcastro.cl\">mgunther@municipalidadcastro.cl<\/a><\/p>\n<p>Ubicaci\u00f3n: Blanco Encalada N\u00b0273.[\/vc_column_text][\/vc_tta_section][vc_tta_section i_icon_fontawesome=&#8221;fas fa-dog&#8221; add_icon=&#8221;true&#8221; title=&#8221;Oficina Tenencia Responsable&#8221; tab_id=&#8221;1663943233503-d272176e-72a9&#8243;][vc_column_text]<\/p>\n<ul>\n<li style=\"font-weight: 400;\" aria-level=\"1\">Impulsar la tenencia responsable de animales de compa\u00f1\u00eda (perros y gatos) en la comuna, y as\u00ed cumplir con la Ley N\u00b021.020, con acciones y programas para el control de la poblaci\u00f3n, identificaci\u00f3n animal y registro obligatorio de las mascotas, prevenci\u00f3n de zoonosis, protecci\u00f3n del medio ambiente, entre otras.\n<ul>\n<li>Educaci\u00f3n en la ley de tenencia responsable de mascotas.<\/li>\n<\/ul>\n<ul>\n<li>Fiscalizaci\u00f3n sobre tenencia responsable de mascotas.<\/li>\n<li>Control sanitario y educaci\u00f3n.<\/li>\n<li>Implantaci\u00f3n de microchips y registro nacional de mascotas.<\/li>\n<\/ul>\n<p>Horario de atenci\u00f3n al p\u00fablico: 08:30 a las 13:00.<\/p>\n<p>Tel\u00e9fono de contacto: 652 638012.<\/p>\n<p>Correo electr\u00f3nico: <a href=\"mailto:tenenciaresponsable@municipalidadcastro.cl\">tenenciaresponsable@municipalidadcastro.cl<\/a><\/p>\n<p>Ubicaci\u00f3n: Blanco encalada N\u00b0273.<\/li>\n<\/ul>\n<p>[\/vc_column_text][\/vc_tta_section][vc_tta_section i_icon_fontawesome=&#8221;fas fa-paw&#8221; add_icon=&#8221;true&#8221; title=&#8221;Centro Veterinario Municipal&#8221; tab_id=&#8221;1663943453656-f2a70bba-62c4&#8243;][vc_column_text]Los habitantes de nuestra comuna podr\u00e1n hacer uso de los servicios que entrega nuestra Veterinaria Municipal, que son los siguientes:<\/p>\n<ul>\n<li>Jornadas de consultas veterinarias.<\/li>\n<li>Curaciones menores.<\/li>\n<li>Controles sanitarios.<\/li>\n<li>Esterilizaci\u00f3n de su mascota, perros y gatos (hembras y machos).<\/li>\n<li>Implantaci\u00f3n de microchip y Registro de la mascota.<\/li>\n<li>Registro Nacional Obligatorio de las mascotas.<\/li>\n<li>Dar aviso sobre mascotas perdidas, mascotas que buscan a su due\u00f1o, transferencias de due\u00f1os de mascotas, dar aviso de mascotas fallecidas.<\/li>\n<\/ul>\n<p>Horario de atenci\u00f3n: 08:30 a las 13:00 y de las 14:00 a las 17:30.<\/p>\n<p>Tel\u00e9fono de contacto: 652 636640.<\/p>\n<p>Correo electr\u00f3nico: <a href=\"mailto:centroveterinario@municipalidadcastro.cl\">centroveterinario@municipalidadcastro.cl<\/a><\/p>\n<p>Ubicaci\u00f3n: Calle Profesor Carlos Pe\u00f1a Guelet S\/N.[\/vc_column_text][\/vc_tta_section][vc_tta_section i_icon_fontawesome=&#8221;fas fa-bars&#8221; add_icon=&#8221;true&#8221; title=&#8221;Sistema de Certificaci\u00f3n Ambiental Municipal (SCAM)&#8221; tab_id=&#8221;1732821041723-3439b572-8206&#8243;][vc_column_text]Es un sistema que propone un modelo de gesti\u00f3n ambiental. Este sistema invita a los municipios a construir una estrategia ambiental.<\/p>\n<p>Al avanzar en la obtenci\u00f3n de las metas de la estrategia, los municipios tienen la posibilidad de certificarse en uno de los cinco niveles establecidos por el Ministerio del Medio Ambiente. El modelo considera como uno de sus pilares, la participaci\u00f3n ciudadana y la transversalizaci\u00f3n de criterios ambientales en la gesti\u00f3n municipal, por lo que convoca a la constituci\u00f3n del Comit\u00e9 Ambiental Comunal (CAC) y del Comit\u00e9 Ambiental Municipal (CAM), que participan de la construcci\u00f3n de la estrategia ambiental y siguen su cumplimiento. Actualmente, la Municipalidad de Castro se encuentra certificada en Nivel Intermedio, lo que ha significado trabajar en la puesta en pr\u00e1ctica de proyectos relacionados al reciclaje, gesti\u00f3n energ\u00e9tica e h\u00eddrica a nivel interno; la elaboraci\u00f3n de ordenanzas en torno tem\u00e1ticas ambientales y la multiplicaci\u00f3n de instancias de educaci\u00f3n ambiental.<\/p>\n<p>A la vez, como Municipalidad de Castro, a trav\u00e9s de DIMAO, nos hemos comprometido a avanzar hacia la certificaci\u00f3n de excelencia. Para ir mejorando el cuidado del medio ambiente en nuestra comuna.[\/vc_column_text][\/vc_tta_section][\/vc_tta_accordion][vc_text_separator title=&#8221;Ingrese su denuncia&#8221; i_icon_fontawesome=&#8221;fab fa-stack-exchange&#8221; i_color=&#8221;black&#8221; i_background_style=&#8221;boxed&#8221; i_background_color=&#8221;white&#8221; i_size=&#8221;lg&#8221; add_icon=&#8221;true&#8221;]\n<div class=\"wpcf7 no-js\" id=\"wpcf7-f25737-o1\" lang=\"es-CL\" dir=\"ltr\" data-wpcf7-id=\"25737\">\n<div class=\"screen-reader-response\"><p role=\"status\" aria-live=\"polite\" aria-atomic=\"true\"><\/p> <ul><\/ul><\/div>\n<form action=\"\/index.php?rest_route=%2Fwp%2Fv2%2Fpages%2F17398#wpcf7-f25737-o1\" method=\"post\" class=\"wpcf7-form init\" aria-label=\"Formulario de contacto\" novalidate=\"novalidate\" data-status=\"init\">\n<div style=\"display: none;\">\n<input type=\"hidden\" name=\"_wpcf7\" value=\"25737\" \/>\n<input type=\"hidden\" name=\"_wpcf7_version\" value=\"6.0.2\" \/>\n<input type=\"hidden\" name=\"_wpcf7_locale\" value=\"es_CL\" \/>\n<input type=\"hidden\" name=\"_wpcf7_unit_tag\" value=\"wpcf7-f25737-o1\" \/>\n<input type=\"hidden\" name=\"_wpcf7_container_post\" value=\"0\" \/>\n<input type=\"hidden\" name=\"_wpcf7_posted_data_hash\" value=\"\" \/>\n<\/div>\n<p><label> Tu nombre<br \/>\n<span class=\"wpcf7-form-control-wrap\" data-name=\"your-name\"><input size=\"40\" maxlength=\"400\" class=\"wpcf7-form-control wpcf7-text wpcf7-validates-as-required\" autocomplete=\"name\" aria-required=\"true\" aria-invalid=\"false\" value=\"\" type=\"text\" name=\"your-name\" \/><\/span> <\/label>\n<\/p>\n<p><label> Su tel\u00e9fono<br \/>\n<span class=\"wpcf7-form-control-wrap\" data-name=\"tel-423\"><input size=\"40\" maxlength=\"400\" class=\"wpcf7-form-control wpcf7-tel wpcf7-text wpcf7-validates-as-tel\" aria-invalid=\"false\" value=\"\" type=\"tel\" name=\"tel-423\" \/><\/span> <\/label>\n<\/p>\n<p><label> Tu correo electr\u00f3nico<br \/>\n<span class=\"wpcf7-form-control-wrap\" data-name=\"your-email\"><input size=\"40\" maxlength=\"400\" class=\"wpcf7-form-control wpcf7-email wpcf7-validates-as-required wpcf7-text wpcf7-validates-as-email\" autocomplete=\"email\" aria-required=\"true\" aria-invalid=\"false\" value=\"\" type=\"email\" name=\"your-email\" \/><\/span> <\/label>\n<\/p>\n<p><label> Asunto<br \/>\n<span class=\"wpcf7-form-control-wrap\" data-name=\"your-subject\"><input size=\"40\" maxlength=\"400\" class=\"wpcf7-form-control wpcf7-text wpcf7-validates-as-required\" aria-required=\"true\" aria-invalid=\"false\" value=\"\" type=\"text\" name=\"your-subject\" \/><\/span> <\/label>\n<\/p>\n<p><label> Tu mensaje (Indicar mayor cantidad de detalles y tel\u00e9fono del denunciante)<br \/>\n<span class=\"wpcf7-form-control-wrap\" data-name=\"your-message\"><textarea cols=\"40\" rows=\"10\" maxlength=\"2000\" class=\"wpcf7-form-control wpcf7-textarea\" aria-invalid=\"false\" name=\"your-message\"><\/textarea><\/span> <\/label>\n<\/p>\n<p><input class=\"wpcf7-form-control wpcf7-submit has-spinner\" type=\"submit\" value=\"Enviar\" \/>\n<\/p><p style=\"display: none !important;\" class=\"akismet-fields-container\" data-prefix=\"_wpcf7_ak_\"><label>&#916;<textarea name=\"_wpcf7_ak_hp_textarea\" cols=\"45\" rows=\"8\" maxlength=\"100\"><\/textarea><\/label><input type=\"hidden\" id=\"ak_js_1\" name=\"_wpcf7_ak_js\" value=\"221\"\/><script>document.getElementById( \"ak_js_1\" ).setAttribute( \"value\", ( new Date() ).getTime() );<\/script><\/p><div class=\"wpcf7-response-output\" aria-hidden=\"true\"><\/div>\n<\/form>\n<\/div>\n[\/vc_column][vc_column width=&#8221;1\/3&#8243;][vc_custom_heading text=&#8221;DIRECTOR&#8221; font_container=&#8221;tag:h2|text_align:center&#8221; use_theme_fonts=&#8221;yes&#8221;][vc_single_image image=&#8221;26397&#8243; alignment=&#8221;center&#8221;][vc_column_text]<\/p>\n<h4 style=\"text-align: center;\"><span style=\"color: #000000;\"><strong>Danilo Linz Soto<\/strong><\/span><\/h4>\n<p style=\"text-align: center;\"><span style=\"color: #000000;\">Fono: 65 2538014<\/span><br \/>\n<span style=\"color: #000000;\">E-Mail: danilo.linz@municipalidadcastro.cl<\/span><\/p>\n<p>[\/vc_column_text][vc_tta_accordion active_section=&#8221;1&#8243; collapsible_all=&#8221;true&#8221;][vc_tta_section title=&#8221;Encargada &#8221; tab_id=&#8221;1742216047495-71633d7a-8614&#8243;][vc_column_text]<span style=\"font-weight: 400;\">Mar\u00eda Alicia Rojas Aguilar <\/span><\/p>\n<p><span style=\"font-weight: 400;\"><strong>E-Mail:<\/strong> arojas@municipalidadcastro.cl<\/span>[\/vc_column_text][\/vc_tta_section][\/vc_tta_accordion][vc_text_separator title=&#8221;Cont\u00e1ctanos&#8221;][vc_column_text]<span style=\"font-weight: 400; color: #000000;\">Tel\u00e9fono: 652538033<\/span><\/p>\n<p><span style=\"color: #000000;\"><span style=\"font-weight: 400;\">Correo electr\u00f3nico: <\/span><a style=\"color: #000000;\" href=\"mailto:medioambiente@municipalidadcastro.cl\"><span style=\"font-weight: 400;\">medioambiente@municipalidadcastro.cl<\/span><\/a><\/span>[\/vc_column_text][vc_gmaps link=&#8221;#E-8_JTNDaWZyYW1lJTIwc3JjJTNEJTIyaHR0cHMlM0ElMkYlMkZ3d3cuZ29vZ2xlLmNvbSUyRm1hcHMlMkZlbWJlZCUzRnBiJTNEJTIxMW0xOCUyMTFtMTIlMjExbTMlMjExZDI5NDIuNDEwNzg5ODg0MDg0NCUyMTJkLTczLjc2NTE4NjYyMzAzOTA2JTIxM2QtNDIuNDgyODE4NjY1MDI3NjklMjEybTMlMjExZjAlMjEyZjAlMjEzZjAlMjEzbTIlMjExaTEwMjQlMjEyaTc2OCUyMTRmMTMuMSUyMTNtMyUyMTFtMiUyMTFzMHg5NjIyMTllOTJhOWQ0MDlkJTI1M0EweGUzNmJmYzllODcyZTgxNDElMjEyc011bmljaXBhbGlkYWQlMjUyMGRlJTI1MjBDYXN0cm8lMjE1ZTAlMjEzbTIlMjExc2VzJTIxMnNjbCUyMTR2MTczMjgyMTUwMTc5NyUyMTVtMiUyMTFzZXMlMjEyc2NsJTIyJTIwd2lkdGglM0QlMjI0MDAlMjIlMjBoZWlnaHQlM0QlMjIzMDAlMjIlMjBzdHlsZSUzRCUyMmJvcmRlciUzQTAlM0IlMjIlMjBhbGxvd2Z1bGxzY3JlZW4lM0QlMjIlMjIlMjBsb2FkaW5nJTNEJTIybGF6eSUyMiUyMHJlZmVycmVycG9saWN5JTNEJTIybm8tcmVmZXJyZXItd2hlbi1kb3duZ3JhZGUlMjIlM0UlM0MlMkZpZnJhbWUlM0U=&#8221;][vc_single_image image=&#8221;26035&#8243; img_size=&#8221;medium&#8221; alignment=&#8221;center&#8221;][\/vc_column][\/vc_row]<\/p>\n<\/section>","protected":false},"excerpt":{"rendered":"<p>[vc_row][vc_column width=&#8221;2\/3&#8243;][vc_column_text] La Direcci\u00f3n de Medio Ambiente, Aseo y Ornato tiene como objetivos, procurar la gesti\u00f3n integral de los residuos s\u00f3lidos domiciliarios, el aseo y ornato de los espacios p\u00fablicos y \u00e1reas verdes, potenciar y desarrollar la gesti\u00f3n ambiental a nivel comunal, dentro de sus competencias. Funciones El aseo de las v\u00edas p\u00fablicas, parques, plazas, [&hellip;]<\/p>\n","protected":false},"author":7,"featured_media":0,"parent":0,"menu_order":0,"comment_status":"closed","ping_status":"closed","template":"","meta":{"footnotes":""},"class_list":["post-17398","page","type-page","status-publish","hentry"],"publishpress_future_action":{"enabled":false,"date":"2026-05-12 05:42:14","action":"change-status","newStatus":"draft","terms":[],"taxonomy":""},"publishpress_future_workflow_manual_trigger":{"enabledWorkflows":[]},"_links":{"self":[{"href":"https:\/\/www.municipalidadcastro.cl\/index.php?rest_route=\/wp\/v2\/pages\/17398","targetHints":{"allow":["GET"]}}],"collection":[{"href":"https:\/\/www.municipalidadcastro.cl\/index.php?rest_route=\/wp\/v2\/pages"}],"about":[{"href":"https:\/\/www.municipalidadcastro.cl\/index.php?rest_route=\/wp\/v2\/types\/page"}],"author":[{"embeddable":true,"href":"https:\/\/www.municipalidadcastro.cl\/index.php?rest_route=\/wp\/v2\/users\/7"}],"replies":[{"embeddable":true,"href":"https:\/\/www.municipalidadcastro.cl\/index.php?rest_route=%2Fwp%2Fv2%2Fcomments&post=17398"}],"version-history":[{"count":37,"href":"https:\/\/www.municipalidadcastro.cl\/index.php?rest_route=\/wp\/v2\/pages\/17398\/revisions"}],"predecessor-version":[{"id":26769,"href":"https:\/\/www.municipalidadcastro.cl\/index.php?rest_route=\/wp\/v2\/pages\/17398\/revisions\/26769"}],"wp:attachment":[{"href":"https:\/\/www.municipalidadcastro.cl\/index.php?rest_route=%2Fwp%2Fv2%2Fmedia&parent=17398"}],"curies":[{"name":"wp","href":"https:\/\/api.w.org\/{rel}","templated":true}]}}