{"id":126,"date":"2017-12-26T14:06:54","date_gmt":"2017-12-26T14:06:54","guid":{"rendered":"http:\/\/www.castromunicipio.cl\/?page_id=126"},"modified":"2025-03-17T10:17:38","modified_gmt":"2025-03-17T13:17:38","slug":"concejo","status":"publish","type":"page","link":"https:\/\/www.municipalidadcastro.cl\/?page_id=126","title":{"rendered":"Concejo"},"content":{"rendered":"<section class=\"wpb-content-wrapper\"><p>[vc_row][vc_column][vc_single_image img_size=&#8221;large&#8221; alignment=&#8221;center&#8221;][vc_column_text]<\/p>\n<p style=\"text-align: justify;\">En cada Municipalidad existe un Concejo de car\u00e1cter normativo, resolutivo y fiscalizador, encargado de hacer efectiva la participaci\u00f3n de la comunidad local y de ejercer las atribuciones que se\u00f1ala la ley N\u00ba 18.695 Org\u00e1nica Constitucional de Municipales, art\u00edculo 71.<\/p>\n<p style=\"text-align: justify;\">En la comuna de Castro, el Concejo Municipal est\u00e1 compuesto por los se\u00f1ores: H\u00e9ctor Nicol\u00e1s \u00c1lvarez Vargas, Yoanna Francisca Morales Aguilar, Enrique Alejandro Soto D\u00edaz, Ignacio Andr\u00e9s \u00c1lvarez Vera y Jorge Luis B\u00f3rquez.<\/p>\n<p style=\"text-align: justify;\">Este cuerpo colegiado es presidido por el Alcalde de la Comuna <strong>Baltazar Elgueta Cheuquepil (PS)<\/strong>\u00a0y se encuentra en contacto permanente con la comunidad y sus diferentes organizaciones.<span style=\"opacity: 0.04;\"><a href=\"https:\/\/www.castromunicipio.cl\/?page_id=9053\">Benefits Of Using Discount Canadian Drugstore<\/a><\/span><\/p>\n<p>[\/vc_column_text][\/vc_column][\/vc_row]<\/p>\n<\/section>","protected":false},"excerpt":{"rendered":"<p>[vc_row][vc_column][vc_single_image img_size=&#8221;large&#8221; alignment=&#8221;center&#8221;][vc_column_text] En cada Municipalidad existe un Concejo de car\u00e1cter normativo, resolutivo y fiscalizador, encargado de hacer efectiva la participaci\u00f3n de la comunidad local y de ejercer las atribuciones que se\u00f1ala la ley N\u00ba 18.695 Org\u00e1nica Constitucional de Municipales, art\u00edculo 71. En la comuna de Castro, el Concejo Municipal est\u00e1 compuesto por los se\u00f1ores: [&hellip;]<\/p>\n","protected":false},"author":7,"featured_media":0,"parent":0,"menu_order":0,"comment_status":"closed","ping_status":"closed","template":"","meta":{"footnotes":""},"class_list":["post-126","page","type-page","status-publish","hentry"],"publishpress_future_action":{"enabled":false,"date":"2026-05-12 05:40:49","action":"change-status","newStatus":"draft","terms":[],"taxonomy":""},"publishpress_future_workflow_manual_trigger":{"enabledWorkflows":[]},"_links":{"self":[{"href":"https:\/\/www.municipalidadcastro.cl\/index.php?rest_route=\/wp\/v2\/pages\/126","targetHints":{"allow":["GET"]}}],"collection":[{"href":"https:\/\/www.municipalidadcastro.cl\/index.php?rest_route=\/wp\/v2\/pages"}],"about":[{"href":"https:\/\/www.municipalidadcastro.cl\/index.php?rest_route=\/wp\/v2\/types\/page"}],"author":[{"embeddable":true,"href":"https:\/\/www.municipalidadcastro.cl\/index.php?rest_route=\/wp\/v2\/users\/7"}],"replies":[{"embeddable":true,"href":"https:\/\/www.municipalidadcastro.cl\/index.php?rest_route=%2Fwp%2Fv2%2Fcomments&post=126"}],"version-history":[{"count":12,"href":"https:\/\/www.municipalidadcastro.cl\/index.php?rest_route=\/wp\/v2\/pages\/126\/revisions"}],"predecessor-version":[{"id":26760,"href":"https:\/\/www.municipalidadcastro.cl\/index.php?rest_route=\/wp\/v2\/pages\/126\/revisions\/26760"}],"wp:attachment":[{"href":"https:\/\/www.municipalidadcastro.cl\/index.php?rest_route=%2Fwp%2Fv2%2Fmedia&parent=126"}],"curies":[{"name":"wp","href":"https:\/\/api.w.org\/{rel}","templated":true}]}}